{"id":4414,"date":"2024-04-19T14:57:12","date_gmt":"2024-04-19T14:57:12","guid":{"rendered":"https:\/\/budtours.hu\/informations-importantes\/"},"modified":"2025-12-04T15:22:04","modified_gmt":"2025-12-04T15:22:04","slug":"informazioni-importanti","status":"publish","type":"page","link":"https:\/\/budtours.hu\/it\/informazioni-importanti\/","title":{"rendered":"Informazioni importanti"},"content":{"rendered":"<section class=\"l-section wpb_row height_large\"><div class=\"l-section-h i-cf\"><div class=\"g-cols vc_row via_grid cols_1-2 laptops-cols_inherit tablets-cols_inherit mobiles-cols_1 valign_top type_default stacking_default\" style=\"--columns-gap:1.5rem;\"><div class=\"wpb_column vc_column_container type_sticky\"><div class=\"vc_column-inner\"><h2 class=\"w-text\"><span class=\"w-text-h\"><span class=\"w-text-value\">Informazioni importanti<\/span><\/span><\/h2><div class=\"wpb_text_column\"><div class=\"wpb_wrapper\"><p>Informazioni chiave sul tour. Per qualsiasi domanda, contattaci tramite uno dei nostri recapiti forniti.<\/p>\n<\/div><\/div><div class=\"w-separator size_medium\"><\/div><\/div><\/div><div class=\"wpb_column vc_column_container us_custom_01bc11b6\"><div class=\"vc_column-inner\"><div class=\"w-tabs style_default switch_click accordion has_scrolling\" style=\"--sections-title-size:1.2rem\"><div class=\"w-tabs-sections titles-align_none icon_plus cpos_right\"><div class=\"w-tabs-section active\" id=\"qfff\" itemscope itemprop=\"mainEntity\" itemtype=\"https:\/\/schema.org\/Question\"><button class=\"w-tabs-section-header active with_icon\" aria-controls=\"content-qfff\" aria-expanded=\"true\"><i class=\"fal fa-calendar\"><\/i><div class=\"w-tabs-section-title\" itemprop=\"name\">Come prenotare?<\/div><div class=\"w-tabs-section-control\"><\/div><\/button><div  class=\"w-tabs-section-content\" id=\"content-qfff\" itemscope itemprop=\"acceptedAnswer\" itemtype=\"https:\/\/schema.org\/Answer\"><div class=\"w-tabs-section-content-h i-cf\" itemprop=\"text\"><div class=\"wpb_text_column\"><div class=\"wpb_wrapper\"><ul>\n<li>Controlla gli itinerari dei tour panoramici e scegli tra i pacchetti disponibili.<\/li>\n<li>Dopo aver selezionato il tour, fornisci le informazioni richieste e i nostri colleghi ti ricontatteranno via email entro 24 ore.<\/li>\n<li>Dopo il coordinamento preciso, potrai scegliere tra pagamento online o di persona.<\/li>\n<li>Dopo aver ricevuto l\u2019email di conferma, riceverai un allegato di conferma. Mostralo al nostro staff: da quel momento il tuo biglietto sar\u00e0 valido.&nbsp;<\/li>\n<\/ul>\n<\/div><\/div><\/div><\/div><\/div><div class=\"w-tabs-section\" id=\"w18b\" itemscope itemprop=\"mainEntity\" itemtype=\"https:\/\/schema.org\/Question\"><button class=\"w-tabs-section-header with_icon\" aria-controls=\"content-w18b\" aria-expanded=\"false\"><i class=\"fal fa-sun-cloud\"><\/i><div class=\"w-tabs-section-title\" itemprop=\"name\">Quando puoi effettuare una prenotazione?<\/div><div class=\"w-tabs-section-control\"><\/div><\/button><div  class=\"w-tabs-section-content\" id=\"content-w18b\" itemscope itemprop=\"acceptedAnswer\" itemtype=\"https:\/\/schema.org\/Answer\"><div class=\"w-tabs-section-content-h i-cf\" itemprop=\"text\"><div class=\"wpb_text_column\"><div class=\"wpb_wrapper\"><p>Il nostro Budapest Jeep Tour funziona tutto l\u2019anno, con sole o pioggia, caldo o freddo. Tuttavia, in caso di festivit\u00e0 nazionali, grandi eventi cittadini o condizioni meteorologiche estreme, ti avviseremo in anticipo, poich\u00e9 i nostri tour panoramici privati potrebbero non essere disponibili in quei giorni. Garantiamo un\u2019esperienza fluida e piacevole, tenendoti sempre informato su eventuali modifiche.<\/p>\n<\/div><\/div><\/div><\/div><\/div><div class=\"w-tabs-section\" id=\"o326\" itemscope itemprop=\"mainEntity\" itemtype=\"https:\/\/schema.org\/Question\"><button class=\"w-tabs-section-header with_icon\" aria-controls=\"content-o326\" aria-expanded=\"false\"><i class=\"fal fa-map-signs\"><\/i><div class=\"w-tabs-section-title\" itemprop=\"name\">Da dove parte il tour?<\/div><div class=\"w-tabs-section-control\"><\/div><\/button><div  class=\"w-tabs-section-content\" id=\"content-o326\" itemscope itemprop=\"acceptedAnswer\" itemtype=\"https:\/\/schema.org\/Answer\"><div class=\"w-tabs-section-content-h i-cf\" itemprop=\"text\"><div class=\"wpb_text_column\"><div class=\"wpb_wrapper\"><p>Il pickup e il drop-off vengono organizzati in anticipo entro un raggio di 3 km dal centro di Budapest, e questo servizio \u00e8 incluso nel prezzo del Budapest Jeep Tour. Il tour pu\u00f2 iniziare direttamente dal tuo hotel oppure da un punto d\u2019incontro prestabilito in citt\u00e0.<\/p>\n<p>Se desideri iniziare il tuo tour privato al di fuori di questa zona (ad esempio dall\u2019aeroporto o da una localit\u00e0 distante), verr\u00e0 applicato un costo aggiuntivo. Tieni presente che le distanze pi\u00f9 lunghe possono ridurre il tempo totale disponibile per esplorare le principali attrazioni di Budapest.<\/p>\n<\/div><\/div><\/div><\/div><\/div><div class=\"w-tabs-section\" id=\"n4b1\" itemscope itemprop=\"mainEntity\" itemtype=\"https:\/\/schema.org\/Question\"><button class=\"w-tabs-section-header with_icon\" aria-controls=\"content-n4b1\" aria-expanded=\"false\"><i class=\"fal fa-users\"><\/i><div class=\"w-tabs-section-title\" itemprop=\"name\">Quante persone possono partecipare al tour?<\/div><div class=\"w-tabs-section-control\"><\/div><\/button><div  class=\"w-tabs-section-content\" id=\"content-n4b1\" itemscope itemprop=\"acceptedAnswer\" itemtype=\"https:\/\/schema.org\/Answer\"><div class=\"w-tabs-section-content-h i-cf\" itemprop=\"text\"><div class=\"wpb_text_column\"><div class=\"wpb_wrapper\"><p>Il prezzo del Budapest Jeep Tour si applica per veicolo e pu\u00f2 ospitare un massimo di 6 passeggeri, siano essi adulti o bambini.<br \/>\nSe hai un gruppo pi\u00f9 numeroso o hai bisogno di veicoli aggiuntivi, informaci in anticipo: possiamo organizzare ulteriori Jeep UAZ o G-Wagon per garantirti un\u2019esperienza di visita privata comoda ed esclusiva a Budapest.<\/p>\n<\/div><\/div><\/div><\/div><\/div><div class=\"w-tabs-section\" id=\"v638\" itemscope itemprop=\"mainEntity\" itemtype=\"https:\/\/schema.org\/Question\"><button class=\"w-tabs-section-header with_icon\" aria-controls=\"content-v638\" aria-expanded=\"false\"><i class=\"fal fa-suitcase-rolling\"><\/i><div class=\"w-tabs-section-title\" itemprop=\"name\">Posso portare un pacco con me?<\/div><div class=\"w-tabs-section-control\"><\/div><\/button><div  class=\"w-tabs-section-content\" id=\"content-v638\" itemscope itemprop=\"acceptedAnswer\" itemtype=\"https:\/\/schema.org\/Answer\"><div class=\"w-tabs-section-content-h i-cf\" itemprop=\"text\"><div class=\"wpb_text_column\"><div class=\"wpb_wrapper\"><p>I veicoli del Budapest Jeep Tour hanno uno spazio bagagli limitato, ma con accordo anticipato potrebbe essere possibile portare a bordo una piccola valigia. Se hai bisogno di pi\u00f9 spazio, possiamo fornire un veicolo pi\u00f9 grande; tuttavia, tieni presente che anche nelle auto pi\u00f9 grandi lo spazio di stivaggio rimane ridotto.<br \/>\nPer la migliore esperienza di tour panoramico privato, consigliamo di portare con te solo gli oggetti essenziali.<\/p>\n<\/div><\/div><\/div><\/div><\/div><div class=\"w-tabs-section\" id=\"p7c4\" itemscope itemprop=\"mainEntity\" itemtype=\"https:\/\/schema.org\/Question\"><button class=\"w-tabs-section-header with_icon\" aria-controls=\"content-p7c4\" aria-expanded=\"false\"><i class=\"fal fa-wine-bottle\"><\/i><div class=\"w-tabs-section-title\" itemprop=\"name\">Consumo di alcol e fumo?<\/div><div class=\"w-tabs-section-control\"><\/div><\/button><div  class=\"w-tabs-section-content\" id=\"content-p7c4\" itemscope itemprop=\"acceptedAnswer\" itemtype=\"https:\/\/schema.org\/Answer\"><div class=\"w-tabs-section-content-h i-cf\" itemprop=\"text\"><div class=\"wpb_text_column\"><div class=\"wpb_wrapper\"><p>Per la sicurezza e il comfort dei nostri ospiti, le bevande alcoliche non sono ammesse in nessun caso durante il Budapest Jeep Tour, a meno che non sia espressamente autorizzato da noi. Inoltre, \u00e8 severamente vietato fumare all\u2019interno di tutti i veicoli. Qualsiasi danno causato al veicolo, come bruciature di sigaretta sui sedili o altri atti di vandalismo, comporter\u00e0 una richiesta immediata di risarcimento da saldare sul posto.<br \/>\nIl nostro obiettivo \u00e8 garantire a tutti i passeggeri un\u2019esperienza piacevole e confortevole durante il tour panoramico privato della citt\u00e0.<\/p>\n<\/div><\/div><\/div><\/div><\/div><div class=\"w-tabs-section\" id=\"g944\" itemscope itemprop=\"mainEntity\" itemtype=\"https:\/\/schema.org\/Question\"><button class=\"w-tabs-section-header with_icon\" aria-controls=\"content-g944\" aria-expanded=\"false\"><i class=\"fal fa-paw\"><\/i><div class=\"w-tabs-section-title\" itemprop=\"name\">Si possono portare animali?<\/div><div class=\"w-tabs-section-control\"><\/div><\/button><div  class=\"w-tabs-section-content\" id=\"content-g944\" itemscope itemprop=\"acceptedAnswer\" itemtype=\"https:\/\/schema.org\/Answer\"><div class=\"w-tabs-section-content-h i-cf\" itemprop=\"text\"><div class=\"wpb_text_column\"><div class=\"wpb_wrapper\"><p>I piccoli animali (6\u20138 kg) possono essere ammessi previo accordo anticipato e il loro trasporto potrebbe comportare un costo aggiuntivo.<\/p>\n<\/div><\/div><\/div><\/div><\/div><div class=\"w-tabs-section\" id=\"vab3\" itemscope itemprop=\"mainEntity\" itemtype=\"https:\/\/schema.org\/Question\"><button class=\"w-tabs-section-header with_icon\" aria-controls=\"content-vab3\" aria-expanded=\"false\"><i class=\"fal fa-id-card\"><\/i><div class=\"w-tabs-section-title\" itemprop=\"name\">Quali documenti sono necessari?<\/div><div class=\"w-tabs-section-control\"><\/div><\/button><div  class=\"w-tabs-section-content\" id=\"content-vab3\" itemscope itemprop=\"acceptedAnswer\" itemtype=\"https:\/\/schema.org\/Answer\"><div class=\"w-tabs-section-content-h i-cf\" itemprop=\"text\"><div class=\"wpb_text_column\"><div class=\"wpb_wrapper\"><p>Porta sempre con te una carta d\u2019identit\u00e0 valida, una prova di indirizzo e la patente di guida (per i cittadini stranieri, il passaporto) per eventuali controlli stradali.<\/p>\n<\/div><\/div><\/div><\/div><\/div><div class=\"w-tabs-section\" id=\"rc49\" itemscope itemprop=\"mainEntity\" itemtype=\"https:\/\/schema.org\/Question\"><button class=\"w-tabs-section-header with_icon\" aria-controls=\"content-rc49\" aria-expanded=\"false\"><i class=\"fal fa-comment-exclamation\"><\/i><div class=\"w-tabs-section-title\" itemprop=\"name\">Non disturbare il conducente<\/div><div class=\"w-tabs-section-control\"><\/div><\/button><div  class=\"w-tabs-section-content\" id=\"content-rc49\" itemscope itemprop=\"acceptedAnswer\" itemtype=\"https:\/\/schema.org\/Answer\"><div class=\"w-tabs-section-content-h i-cf\" itemprop=\"text\"><div class=\"wpb_text_column\"><div class=\"wpb_wrapper\"><p>I veicoli del Budapest Jeep Tour funzionano con cambio manuale e dispongono di una copertura rimovibile, il che richiede una maggiore attenzione durante la guida. I nostri autisti sono estremamente cordiali e felici di rispondere a qualsiasi domanda, ma per motivi di sicurezza ti chiediamo di non disturbarli mentre stanno guidando.<\/p>\n<p>Se l\u2019autista richiede un momento di massima concentrazione, ti preghiamo di rispettare questa richiesta per garantire un\u2019esperienza di visita della citt\u00e0 fluida e sicura.<\/p>\n<\/div><\/div><\/div><\/div><\/div><div class=\"w-tabs-section\" id=\"de05\" itemscope itemprop=\"mainEntity\" itemtype=\"https:\/\/schema.org\/Question\"><button class=\"w-tabs-section-header with_icon\" aria-controls=\"content-de05\" aria-expanded=\"false\"><i class=\"fal fa-edit\"><\/i><div class=\"w-tabs-section-title\" itemprop=\"name\">Politica di cancellazione e modifica<\/div><div class=\"w-tabs-section-control\"><\/div><\/button><div  class=\"w-tabs-section-content\" id=\"content-de05\" itemscope itemprop=\"acceptedAnswer\" itemtype=\"https:\/\/schema.org\/Answer\"><div class=\"w-tabs-section-content-h i-cf\" itemprop=\"text\"><div class=\"wpb_text_column\"><div class=\"wpb_wrapper\"><p>Per offrirti un\u2019esperienza di prenotazione semplice e senza stress, disponiamo di una politica di cancellazione chiara e flessibile per tutti i nostri ospiti. Se hai scelto l\u2019opzione di pagamento in contanti, puoi cancellare il tuo Budapest Jeep Tour fino a 24 ore prima dell\u2019inizio senza alcuna penalit\u00e0. In caso contrario, se cancelli il tour entro 24 ore, perderai il deposito.<\/p>\n<p>Per i pagamenti online si applicano regole diverse. Le cancellazioni entro 24 ore dal tour non sono rimborsabili, mentre le cancellazioni entro 3 giorni dal tour prevedono un rimborso del 50%. Un rimborso completo \u00e8 disponibile se la cancellazione viene effettuata entro i tempi previsti o se il Budapest Jeep Tour viene annullato per circostanze impreviste da parte nostra.<\/p>\n<p>Il nostro obiettivo \u00e8 offrirti un\u2019esperienza di visita privata fluida e piacevole, garantendo trasparenza e flessibilit\u00e0 in ogni prenotazione del Budapest Jeep Tour.<\/p>\n<\/div><\/div><\/div><\/div><\/div><div class=\"w-tabs-section\" id=\"dfad\" itemscope itemprop=\"mainEntity\" itemtype=\"https:\/\/schema.org\/Question\"><button class=\"w-tabs-section-header with_icon\" aria-controls=\"content-dfad\" aria-expanded=\"false\"><i class=\"fal fa-comment\"><\/i><div class=\"w-tabs-section-title\" itemprop=\"name\">Esperienza multilingue e autista esperto che parla inglese<\/div><div class=\"w-tabs-section-control\"><\/div><\/button><div  class=\"w-tabs-section-content\" id=\"content-dfad\" itemscope itemprop=\"acceptedAnswer\" itemtype=\"https:\/\/schema.org\/Answer\"><div class=\"w-tabs-section-content-h i-cf\" itemprop=\"text\"><div class=\"wpb_text_column\"><div class=\"wpb_wrapper\"><p>Durante il Budapest Jeep Tour, gli ospiti possono scegliere tra pi\u00f9 di 10 lingue grazie al nostro sistema di audioguida, garantendo una comprensione pi\u00f9 approfondita della storia e delle curiosit\u00e0 legate ai monumenti iconici di Budapest. In questo modo ogni viaggiatore pu\u00f2 immergersi completamente nella ricca eredit\u00e0 culturale della citt\u00e0.<\/p>\n<p>Inoltre, i nostri autisti cordiali e professionali parlano fluentemente inglese e sono sempre pronti ad assisterti durante tutto il tour, rendendo la tua esperienza di visita privata della citt\u00e0 ancora pi\u00f9 piacevole.<\/p>\n<\/div><\/div><\/div><\/div><\/div><div class=\"w-tabs-section\" id=\"c178\" itemscope itemprop=\"mainEntity\" itemtype=\"https:\/\/schema.org\/Question\"><button class=\"w-tabs-section-header with_icon\" aria-controls=\"content-c178\" aria-expanded=\"false\"><i class=\"fal fa-concierge-bell\"><\/i><div class=\"w-tabs-section-title\" itemprop=\"name\">Requisiti speciali e informazioni sull\u2019accessibilit\u00e0<\/div><div class=\"w-tabs-section-control\"><\/div><\/button><div  class=\"w-tabs-section-content\" id=\"content-c178\" itemscope itemprop=\"acceptedAnswer\" itemtype=\"https:\/\/schema.org\/Answer\"><div class=\"w-tabs-section-content-h i-cf\" itemprop=\"text\"><div class=\"wpb_text_column\"><div class=\"wpb_wrapper\"><p>Per garantire un\u2019esperienza confortevole e completamente personalizzata, chiediamo gentilmente ai nostri ospiti di informarci su eventuali esigenze speciali dopo aver prenotato il loro Budapest Jeep Tour. Questo ci permette di organizzare tutto il necessario per soddisfare al 100% le tue richieste.<\/p>\n<p>Durante il tour offriamo il r\u00e9tes tradizionale ungherese (strudel) come parte dell\u2019esperienza. Tieni presente che contiene farina, zucchero, frutta secca, uova e latte, ma non carne. Se hai allergie alimentari o restrizioni dietetiche, informaci in anticipo cos\u00ec potremo offrirti un\u2019alternativa adatta.<\/p>\n<p>Se hai bisogno di spazio extra, possiamo organizzare un veicolo pi\u00f9 grande per ospiti con mobilit\u00e0 ridotta, cos\u00ec da garantire il massimo comfort a tutti. Possiamo inoltre fornire assistenza aggiuntiva per salire e scendere dal veicolo, rendendo l\u2019esperienza il pi\u00f9 semplice e comoda possibile.<\/p>\n<p>Ci impegniamo ad accogliere tutti gli ospiti. Se hai bisogno di assistenza o di ulteriori accorgimenti, comunicacelo in anticipo e faremo del nostro meglio per rendere il tuo tour privato panoramico di Budapest piacevole e senza difficolt\u00e0.<\/p>\n<\/div><\/div><\/div><\/div><\/div><div class=\"w-tabs-section\" id=\"m31a\" itemscope itemprop=\"mainEntity\" itemtype=\"https:\/\/schema.org\/Question\"><button class=\"w-tabs-section-header with_icon\" aria-controls=\"content-m31a\" aria-expanded=\"false\"><i class=\"fal fa-user-headset\"><\/i><div class=\"w-tabs-section-title\" itemprop=\"name\">Servizio clienti rapido e affidabile<\/div><div class=\"w-tabs-section-control\"><\/div><\/button><div  class=\"w-tabs-section-content\" id=\"content-m31a\" itemscope itemprop=\"acceptedAnswer\" itemtype=\"https:\/\/schema.org\/Answer\"><div class=\"w-tabs-section-content-h i-cf\" itemprop=\"text\"><div class=\"wpb_text_column\"><div class=\"wpb_wrapper\"><p>Durante il tuo Budapest Jeep Tour vogliamo assicurarci che tutte le tue domande trovino risposta e che la tua esperienza si svolga senza intoppi dall\u2019inizio alla fine. Puoi contattarci telefonicamente o via email, ma per la comunicazione pi\u00f9 rapida e conveniente ti consigliamo vivamente di scriverci su WhatsApp utilizzando lo stesso numero di telefono.<\/p>\n<p>Il nostro team \u00e8 a tua disposizione per qualsiasi richiesta, esigenza speciale o modifica dell\u2019ultimo minuto, e garantiamo una risposta rapida e affidabile entro 24 ore. Che tu abbia bisogno di informazioni sul tour, modifiche alla prenotazione o assistenza generale, siamo sempre qui per aiutarti, assicurandoti un\u2019esperienza privata di visita della citt\u00e0 piacevole e senza stress a Budapest.<\/p>\n<\/div><\/div><\/div><\/div><\/div><\/div><\/div><\/div><\/div><\/div><\/div><\/section><section class=\"l-section wpb_row height_large color_primary\"><div class=\"l-section-h i-cf\"><div class=\"g-cols vc_row via_grid cols_1 laptops-cols_inherit tablets-cols_inherit mobiles-cols_1 valign_top type_default stacking_default\"><div class=\"wpb_column vc_column_container\"><div class=\"vc_column-inner\"><h2 class=\"w-text us_custom_eb849559\"><span class=\"w-text-h\"><span class=\"w-text-value\">Prenota ora!<\/span><\/span><\/h2><div class=\"g-cols wpb_row via_grid cols_2 laptops-cols_inherit tablets-cols_inherit mobiles-cols_1 valign_top type_default stacking_default\" style=\"--columns-gap:3rem;\"><div class=\"wpb_column vc_column_container\"><div class=\"vc_column-inner\"><div class=\"w-btn-wrapper default_align_right laptops_align_right tablets_align_center mobiles_align_center\"><a class=\"w-btn us-btn-style_4 icon_atleft\" href=\"tel:+36301621009\"><i class=\"fas fa-phone-alt\"><\/i><span class=\"w-btn-label\">Chiamare<\/span><\/a><\/div><\/div><\/div><div class=\"wpb_column vc_column_container\"><div class=\"vc_column-inner\"><div class=\"w-btn-wrapper default_align_left laptops_align_right tablets_align_center mobiles_align_center\"><a class=\"w-btn us-btn-style_4 icon_atleft\" href=\"https:\/\/budtours.hu\/it\/prenota-ora\/\"><i class=\"fas fa-calendar-edit\"><\/i><span class=\"w-btn-label\">Prenotazione<\/span><\/a><\/div><\/div><\/div><\/div><\/div><\/div><\/div><\/div><\/section>\n","protected":false},"excerpt":{"rendered":"Informazioni importantiInformazioni chiave sul tour. Per qualsiasi domanda, contattaci tramite uno dei nostri recapiti forniti. Come prenotare? Controlla gli itinerari dei tour panoramici e scegli tra i pacchetti disponibili. Dopo aver selezionato il tour, fornisci le informazioni richieste e i nostri colleghi ti ricontatteranno via email entro 24 ore. Dopo il coordinamento preciso, potrai scegliere...","protected":false},"author":1,"featured_media":0,"parent":0,"menu_order":0,"comment_status":"closed","ping_status":"closed","template":"","meta":{"footnotes":""},"class_list":["post-4414","page","type-page","status-publish","hentry"],"yoast_head":"<!-- This site is optimized with the Yoast SEO plugin v26.7 - https:\/\/yoast.com\/wordpress\/plugins\/seo\/ -->\n<title>Informazioni importanti | BUDTOURS<\/title>\n<meta name=\"description\" content=\"Budtours Informazioni importanti\" \/>\n<meta name=\"robots\" content=\"noindex, nofollow\" \/>\n<meta property=\"og:locale\" content=\"it_IT\" \/>\n<meta property=\"og:type\" content=\"article\" \/>\n<meta property=\"og:title\" content=\"Informazioni importanti | BUDTOURS\" \/>\n<meta property=\"og:description\" content=\"Budtours Informazioni importanti\" \/>\n<meta property=\"og:url\" content=\"https:\/\/budtours.hu\/it\/informazioni-importanti\/\" \/>\n<meta property=\"og:site_name\" content=\"BUDTOURS\" \/>\n<meta property=\"article:modified_time\" content=\"2025-12-04T15:22:04+00:00\" \/>\n<meta property=\"og:image\" content=\"https:\/\/budtours.hu\/wp-content\/uploads\/2023\/07\/bt-ua5.png\" \/>\n\t<meta property=\"og:image:width\" content=\"1429\" \/>\n\t<meta property=\"og:image:height\" content=\"756\" \/>\n\t<meta property=\"og:image:type\" content=\"image\/png\" \/>\n<meta name=\"twitter:card\" content=\"summary_large_image\" \/>\n<meta name=\"twitter:label1\" content=\"Tempo di lettura stimato\" \/>\n\t<meta name=\"twitter:data1\" content=\"7 minuti\" \/>\n<script type=\"application\/ld+json\" class=\"yoast-schema-graph\">{\"@context\":\"https:\/\/schema.org\",\"@graph\":[{\"@type\":\"WebPage\",\"@id\":\"https:\/\/budtours.hu\/it\/informazioni-importanti\/\",\"url\":\"https:\/\/budtours.hu\/it\/informazioni-importanti\/\",\"name\":\"Informazioni importanti | BUDTOURS\",\"isPartOf\":{\"@id\":\"https:\/\/budtours.hu\/it\/#website\"},\"datePublished\":\"2024-04-19T14:57:12+00:00\",\"dateModified\":\"2025-12-04T15:22:04+00:00\",\"description\":\"Budtours Informazioni importanti\",\"breadcrumb\":{\"@id\":\"https:\/\/budtours.hu\/it\/informazioni-importanti\/#breadcrumb\"},\"inLanguage\":\"it-IT\",\"potentialAction\":[{\"@type\":\"ReadAction\",\"target\":[\"https:\/\/budtours.hu\/it\/informazioni-importanti\/\"]}]},{\"@type\":\"BreadcrumbList\",\"@id\":\"https:\/\/budtours.hu\/it\/informazioni-importanti\/#breadcrumb\",\"itemListElement\":[{\"@type\":\"ListItem\",\"position\":1,\"name\":\"Kezd\u0151lap\",\"item\":\"https:\/\/budtours.hu\/it\/\"},{\"@type\":\"ListItem\",\"position\":2,\"name\":\"Informazioni importanti\"}]},{\"@type\":\"WebSite\",\"@id\":\"https:\/\/budtours.hu\/it\/#website\",\"url\":\"https:\/\/budtours.hu\/it\/\",\"name\":\"BUDTOURS\",\"description\":\"Special Adventure\",\"publisher\":{\"@id\":\"https:\/\/budtours.hu\/it\/#organization\"},\"potentialAction\":[{\"@type\":\"SearchAction\",\"target\":{\"@type\":\"EntryPoint\",\"urlTemplate\":\"https:\/\/budtours.hu\/it\/?s={search_term_string}\"},\"query-input\":{\"@type\":\"PropertyValueSpecification\",\"valueRequired\":true,\"valueName\":\"search_term_string\"}}],\"inLanguage\":\"it-IT\"},{\"@type\":\"Organization\",\"@id\":\"https:\/\/budtours.hu\/it\/#organization\",\"name\":\"BUDTOURS\",\"url\":\"https:\/\/budtours.hu\/it\/\",\"logo\":{\"@type\":\"ImageObject\",\"inLanguage\":\"it-IT\",\"@id\":\"https:\/\/budtours.hu\/it\/#\/schema\/logo\/image\/\",\"url\":\"https:\/\/budtours.hu\/wp-content\/uploads\/2023\/08\/BT-logo.png\",\"contentUrl\":\"https:\/\/budtours.hu\/wp-content\/uploads\/2023\/08\/BT-logo.png\",\"width\":600,\"height\":600,\"caption\":\"BUDTOURS\"},\"image\":{\"@id\":\"https:\/\/budtours.hu\/it\/#\/schema\/logo\/image\/\"}}]}<\/script>\n<!-- \/ Yoast SEO plugin. -->","yoast_head_json":{"title":"Informazioni importanti | BUDTOURS","description":"Budtours Informazioni importanti","robots":{"index":"noindex","follow":"nofollow"},"og_locale":"it_IT","og_type":"article","og_title":"Informazioni importanti | BUDTOURS","og_description":"Budtours Informazioni importanti","og_url":"https:\/\/budtours.hu\/it\/informazioni-importanti\/","og_site_name":"BUDTOURS","article_modified_time":"2025-12-04T15:22:04+00:00","og_image":[{"width":1429,"height":756,"url":"https:\/\/budtours.hu\/wp-content\/uploads\/2023\/07\/bt-ua5.png","type":"image\/png"}],"twitter_card":"summary_large_image","twitter_misc":{"Tempo di lettura stimato":"7 minuti"},"schema":{"@context":"https:\/\/schema.org","@graph":[{"@type":"WebPage","@id":"https:\/\/budtours.hu\/it\/informazioni-importanti\/","url":"https:\/\/budtours.hu\/it\/informazioni-importanti\/","name":"Informazioni importanti | BUDTOURS","isPartOf":{"@id":"https:\/\/budtours.hu\/it\/#website"},"datePublished":"2024-04-19T14:57:12+00:00","dateModified":"2025-12-04T15:22:04+00:00","description":"Budtours Informazioni importanti","breadcrumb":{"@id":"https:\/\/budtours.hu\/it\/informazioni-importanti\/#breadcrumb"},"inLanguage":"it-IT","potentialAction":[{"@type":"ReadAction","target":["https:\/\/budtours.hu\/it\/informazioni-importanti\/"]}]},{"@type":"BreadcrumbList","@id":"https:\/\/budtours.hu\/it\/informazioni-importanti\/#breadcrumb","itemListElement":[{"@type":"ListItem","position":1,"name":"Kezd\u0151lap","item":"https:\/\/budtours.hu\/it\/"},{"@type":"ListItem","position":2,"name":"Informazioni importanti"}]},{"@type":"WebSite","@id":"https:\/\/budtours.hu\/it\/#website","url":"https:\/\/budtours.hu\/it\/","name":"BUDTOURS","description":"Special Adventure","publisher":{"@id":"https:\/\/budtours.hu\/it\/#organization"},"potentialAction":[{"@type":"SearchAction","target":{"@type":"EntryPoint","urlTemplate":"https:\/\/budtours.hu\/it\/?s={search_term_string}"},"query-input":{"@type":"PropertyValueSpecification","valueRequired":true,"valueName":"search_term_string"}}],"inLanguage":"it-IT"},{"@type":"Organization","@id":"https:\/\/budtours.hu\/it\/#organization","name":"BUDTOURS","url":"https:\/\/budtours.hu\/it\/","logo":{"@type":"ImageObject","inLanguage":"it-IT","@id":"https:\/\/budtours.hu\/it\/#\/schema\/logo\/image\/","url":"https:\/\/budtours.hu\/wp-content\/uploads\/2023\/08\/BT-logo.png","contentUrl":"https:\/\/budtours.hu\/wp-content\/uploads\/2023\/08\/BT-logo.png","width":600,"height":600,"caption":"BUDTOURS"},"image":{"@id":"https:\/\/budtours.hu\/it\/#\/schema\/logo\/image\/"}}]}},"_links":{"self":[{"href":"https:\/\/budtours.hu\/it\/wp-json\/wp\/v2\/pages\/4414","targetHints":{"allow":["GET"]}}],"collection":[{"href":"https:\/\/budtours.hu\/it\/wp-json\/wp\/v2\/pages"}],"about":[{"href":"https:\/\/budtours.hu\/it\/wp-json\/wp\/v2\/types\/page"}],"author":[{"embeddable":true,"href":"https:\/\/budtours.hu\/it\/wp-json\/wp\/v2\/users\/1"}],"replies":[{"embeddable":true,"href":"https:\/\/budtours.hu\/it\/wp-json\/wp\/v2\/comments?post=4414"}],"version-history":[{"count":2,"href":"https:\/\/budtours.hu\/it\/wp-json\/wp\/v2\/pages\/4414\/revisions"}],"predecessor-version":[{"id":4416,"href":"https:\/\/budtours.hu\/it\/wp-json\/wp\/v2\/pages\/4414\/revisions\/4416"}],"wp:attachment":[{"href":"https:\/\/budtours.hu\/it\/wp-json\/wp\/v2\/media?parent=4414"}],"curies":[{"name":"wp","href":"https:\/\/api.w.org\/{rel}","templated":true}]}}