{"id":4306,"date":"2024-04-19T11:15:40","date_gmt":"2024-04-19T11:15:40","guid":{"rendered":"https:\/\/budtours.hu\/sites-touristiques\/"},"modified":"2025-12-04T14:05:41","modified_gmt":"2025-12-04T14:05:41","slug":"attrazioni","status":"publish","type":"page","link":"https:\/\/budtours.hu\/it\/attrazioni\/","title":{"rendered":"Attrazioni"},"content":{"rendered":"<section class=\"l-section wpb_row us_custom_e11ab399 height_large\"><div class=\"l-section-h i-cf\"><div class=\"g-cols vc_row via_grid cols_1 laptops-cols_inherit tablets-cols_inherit mobiles-cols_1 valign_top type_default stacking_default\"><div class=\"wpb_column vc_column_container\"><div class=\"vc_column-inner\"><h2 class=\"w-text\"><span class=\"w-text-h\"><span class=\"w-text-value\">Attrazioni<\/span><\/span><\/h2><\/div><\/div><\/div><\/div><\/section><section class=\"l-section wpb_row height_large\"><div class=\"l-section-h i-cf\"><div class=\"g-cols vc_row via_grid cols_1 laptops-cols_inherit tablets-cols_inherit mobiles-cols_1 valign_top type_default stacking_default\"><div class=\"wpb_column vc_column_container\"><div class=\"vc_column-inner\"><div class=\"wpb_text_column\"><div class=\"wpb_wrapper\"><p>Mentre sei a Budapest, immergiti nel suo ricco patrimonio architettonico e nei suoi paesaggi mozzafiato. C\u2019\u00e8 davvero tanto da scoprire, e non devi preoccuparti di pianificare la tua avventura turistica. Lasciati semplicemente guidare e ammira tutta la bellezza che questa citt\u00e0 ha da offrire con le Jeep Russe Classiche di Budtours, che ti porteranno verso tutte le principali attrazioni di Budapest \u2014 anche dove i grandi autobus solitamente non possono arrivare!<\/p>\n<p>Esplora i luoghi iconici di Budapest, tra cui il Bazar del Giardino del Castello, i Bagni Gell\u00e9rt, la Cittadella e il Parlamento, con il nostro emozionante tour della citt\u00e0 in Jeep Russa Classica. Immergiti nella ricca storia e nella vivace cultura della citt\u00e0 mentre viaggi tra le sue meraviglie. Dai un\u2019occhiata alla nostra galleria per scoprire di pi\u00f9 su questi incredibili luoghi prima che inizi la tua avventura!<\/p>\n<\/div><\/div><\/div><\/div><\/div><\/div><\/section><section class=\"l-section wpb_row us_custom_bd92604a height_large\" id=\"sights\"><div class=\"l-section-h i-cf\"><div class=\"g-cols vc_row via_grid cols_1 laptops-cols_inherit tablets-cols_inherit mobiles-cols_1 valign_top type_default stacking_default\"><div class=\"wpb_column vc_column_container\"><div class=\"vc_column-inner\"><div class=\"w-grid us_grid type_grid layout_2065 cols_2 pagination_ajax preload_style_spinner ratio_16x9\" id=\"us_grid_1\" style=\"--columns:2;--gap:1.5rem;--item-ratio:0.5625;\" data-filterable=\"true\"><style>@media (max-width:600px){#us_grid_1{--columns:1!important}}.layout_2065 .w-grid-item-h{}.layout_2065 .usg_post_image_1{transition-duration:0.3s;transform-origin:50% 50%;transform:scale(1) translate(0%,0%)}.layout_2065 .w-grid-item-h:focus-within .usg_post_image_1,.layout_2065 .w-grid-item-h:hover .usg_post_image_1{transform:scale(1.1) translate(0%,0%);opacity:1}.layout_2065 .usg_post_image_1{width:100%!important;height:100%!important;min-height:300px!important;position:absolute!important}.layout_2065 .usg_hwrapper_1{width:100%!important;height:100%!important;position:absolute!important;overflow:hidden!important}.layout_2065 .usg_vwrapper_3{width:100%!important;height:100%!important;padding:30px!important;background:linear-gradient(360deg,rgba(0,0,0,0.50),rgba(0,0,0,0.00))!important}.layout_2065 .usg_post_title_1{color:#ffffff!important}<\/style><div class=\"w-grid-list\">\t<article class=\"w-grid-item size_1x1 post-4304 post type-post status-publish format-standard has-post-thumbnail hentry category-latnivalok\" data-id=\"4304\">\r\n\t\t<div class=\"w-grid-item-h\">\r\n\t\t\t\t\t\t\t<a href=\"https:\/\/budtours.hu\/it\/parlamento\/\" class=\"w-grid-item-anchor\" aria-label=\"Parlamento\"><\/a>\r\n\t\t\t\t\t\t<div class=\"w-hwrapper usg_hwrapper_1 align_none valign_top\" style=\"--hwrapper-gap:0rem\"><div class=\"w-vwrapper usg_vwrapper_3 align_none valign_bottom\"><h5 class=\"w-post-elm post_title usg_post_title_1 has_text_color align_left entry-title color_link_inherit\">Parlamento<\/h5><\/div><div class=\"w-post-elm post_image usg_post_image_1 has_width has_height stretched\"><img decoding=\"async\" width=\"1024\" height=\"576\" src=\"https:\/\/budtours.hu\/wp-content\/uploads\/2024\/04\/pexels-nicola-s-perondi-104802-3954641-1024x576.jpg\" class=\"attachment-large size-large wp-post-image\" alt=\"Parlament\" srcset=\"https:\/\/budtours.hu\/wp-content\/uploads\/2024\/04\/pexels-nicola-s-perondi-104802-3954641-1024x576.jpg 1024w, https:\/\/budtours.hu\/wp-content\/uploads\/2024\/04\/pexels-nicola-s-perondi-104802-3954641-600x338.jpg 600w, https:\/\/budtours.hu\/wp-content\/uploads\/2024\/04\/pexels-nicola-s-perondi-104802-3954641-300x169.jpg 300w, https:\/\/budtours.hu\/wp-content\/uploads\/2024\/04\/pexels-nicola-s-perondi-104802-3954641.jpg 1920w\" sizes=\"(max-width: 1024px) 100vw, 1024px\" \/><\/div><\/div>\t\t<\/div>\r\n\t\t\t<\/article>\r\n\t<article class=\"w-grid-item size_1x1 post-4318 post type-post status-publish format-standard has-post-thumbnail hentry category-latnivalok\" data-id=\"4318\">\r\n\t\t<div class=\"w-grid-item-h\">\r\n\t\t\t\t\t\t\t<a href=\"https:\/\/budtours.hu\/it\/ponte-delle-caten\/\" class=\"w-grid-item-anchor\" aria-label=\"Ponte delle Caten\"><\/a>\r\n\t\t\t\t\t\t<div class=\"w-hwrapper usg_hwrapper_1 align_none valign_top\" style=\"--hwrapper-gap:0rem\"><div class=\"w-vwrapper usg_vwrapper_3 align_none valign_bottom\"><h5 class=\"w-post-elm post_title usg_post_title_1 has_text_color align_left entry-title color_link_inherit\">Ponte delle Caten<\/h5><\/div><div class=\"w-post-elm post_image usg_post_image_1 has_width has_height stretched\"><img decoding=\"async\" width=\"1024\" height=\"682\" src=\"https:\/\/budtours.hu\/wp-content\/uploads\/2024\/04\/pexels-robby-der-berliner-693956-5546458-1024x682.jpg\" class=\"attachment-large size-large wp-post-image\" alt=\"L\u00e1nch\u00edd\" srcset=\"https:\/\/budtours.hu\/wp-content\/uploads\/2024\/04\/pexels-robby-der-berliner-693956-5546458-1024x682.jpg 1024w, https:\/\/budtours.hu\/wp-content\/uploads\/2024\/04\/pexels-robby-der-berliner-693956-5546458-600x400.jpg 600w, https:\/\/budtours.hu\/wp-content\/uploads\/2024\/04\/pexels-robby-der-berliner-693956-5546458-300x200.jpg 300w, https:\/\/budtours.hu\/wp-content\/uploads\/2024\/04\/pexels-robby-der-berliner-693956-5546458.jpg 1920w\" sizes=\"(max-width: 1024px) 100vw, 1024px\" \/><\/div><\/div>\t\t<\/div>\r\n\t\t\t<\/article>\r\n\t<article class=\"w-grid-item size_1x1 post-4323 post type-post status-publish format-standard has-post-thumbnail hentry category-latnivalok\" data-id=\"4323\">\r\n\t\t<div class=\"w-grid-item-h\">\r\n\t\t\t\t\t\t\t<a href=\"https:\/\/budtours.hu\/it\/castello-di-buda\/\" class=\"w-grid-item-anchor\" aria-label=\"Castello di Buda\"><\/a>\r\n\t\t\t\t\t\t<div class=\"w-hwrapper usg_hwrapper_1 align_none valign_top\" style=\"--hwrapper-gap:0rem\"><div class=\"w-vwrapper usg_vwrapper_3 align_none valign_bottom\"><h5 class=\"w-post-elm post_title usg_post_title_1 has_text_color align_left entry-title color_link_inherit\">Castello di Buda<\/h5><\/div><div class=\"w-post-elm post_image usg_post_image_1 has_width has_height stretched\"><img decoding=\"async\" width=\"1024\" height=\"683\" src=\"https:\/\/budtours.hu\/wp-content\/uploads\/2024\/04\/budai-var-1024x683.jpg\" class=\"attachment-large size-large wp-post-image\" alt=\"Budai v\u00e1r\" srcset=\"https:\/\/budtours.hu\/wp-content\/uploads\/2024\/04\/budai-var-1024x683.jpg 1024w, https:\/\/budtours.hu\/wp-content\/uploads\/2024\/04\/budai-var-600x400.jpg 600w, https:\/\/budtours.hu\/wp-content\/uploads\/2024\/04\/budai-var-300x200.jpg 300w, https:\/\/budtours.hu\/wp-content\/uploads\/2024\/04\/budai-var.jpg 1920w\" sizes=\"(max-width: 1024px) 100vw, 1024px\" \/><\/div><\/div>\t\t<\/div>\r\n\t\t\t<\/article>\r\n\t<article class=\"w-grid-item size_1x1 post-4327 post type-post status-publish format-standard has-post-thumbnail hentry category-latnivalok\" data-id=\"4327\">\r\n\t\t<div class=\"w-grid-item-h\">\r\n\t\t\t\t\t\t\t<a href=\"https:\/\/budtours.hu\/it\/citadella\/\" class=\"w-grid-item-anchor\" aria-label=\"Citadella\"><\/a>\r\n\t\t\t\t\t\t<div class=\"w-hwrapper usg_hwrapper_1 align_none valign_top\" style=\"--hwrapper-gap:0rem\"><div class=\"w-vwrapper usg_vwrapper_3 align_none valign_bottom\"><h5 class=\"w-post-elm post_title usg_post_title_1 has_text_color align_left entry-title color_link_inherit\">Citadella<\/h5><\/div><div class=\"w-post-elm post_image usg_post_image_1 has_width has_height stretched\"><img decoding=\"async\" width=\"1024\" height=\"683\" src=\"https:\/\/budtours.hu\/wp-content\/uploads\/2024\/04\/citadella-1024x683.jpg\" class=\"attachment-large size-large wp-post-image\" alt=\"Citadella\" srcset=\"https:\/\/budtours.hu\/wp-content\/uploads\/2024\/04\/citadella-1024x683.jpg 1024w, https:\/\/budtours.hu\/wp-content\/uploads\/2024\/04\/citadella-600x400.jpg 600w, https:\/\/budtours.hu\/wp-content\/uploads\/2024\/04\/citadella-300x200.jpg 300w, https:\/\/budtours.hu\/wp-content\/uploads\/2024\/04\/citadella.jpg 1920w\" sizes=\"(max-width: 1024px) 100vw, 1024px\" \/><\/div><\/div>\t\t<\/div>\r\n\t\t\t<\/article>\r\n\t<article class=\"w-grid-item size_1x1 post-4331 post type-post status-publish format-standard has-post-thumbnail hentry category-latnivalok\" data-id=\"4331\">\r\n\t\t<div class=\"w-grid-item-h\">\r\n\t\t\t\t\t\t\t<a href=\"https:\/\/budtours.hu\/it\/basilica-di-santo-stefano\/\" class=\"w-grid-item-anchor\" aria-label=\"Basilica di Santo Stefano\"><\/a>\r\n\t\t\t\t\t\t<div class=\"w-hwrapper usg_hwrapper_1 align_none valign_top\" style=\"--hwrapper-gap:0rem\"><div class=\"w-vwrapper usg_vwrapper_3 align_none valign_bottom\"><h5 class=\"w-post-elm post_title usg_post_title_1 has_text_color align_left entry-title color_link_inherit\">Basilica di Santo Stefano<\/h5><\/div><div class=\"w-post-elm post_image usg_post_image_1 has_width has_height stretched\"><img decoding=\"async\" width=\"1024\" height=\"812\" src=\"https:\/\/budtours.hu\/wp-content\/uploads\/2024\/04\/bazilika-1024x812.jpg\" class=\"attachment-large size-large wp-post-image\" alt=\"Szent Istv\u00e1n Bazilika\" srcset=\"https:\/\/budtours.hu\/wp-content\/uploads\/2024\/04\/bazilika-1024x812.jpg 1024w, https:\/\/budtours.hu\/wp-content\/uploads\/2024\/04\/bazilika-600x476.jpg 600w, https:\/\/budtours.hu\/wp-content\/uploads\/2024\/04\/bazilika-300x238.jpg 300w, https:\/\/budtours.hu\/wp-content\/uploads\/2024\/04\/bazilika.jpg 1920w\" sizes=\"(max-width: 1024px) 100vw, 1024px\" \/><\/div><\/div>\t\t<\/div>\r\n\t\t\t<\/article>\r\n\t<article class=\"w-grid-item size_1x1 post-4336 post type-post status-publish format-standard has-post-thumbnail hentry category-latnivalok\" data-id=\"4336\">\r\n\t\t<div class=\"w-grid-item-h\">\r\n\t\t\t\t\t\t\t<a href=\"https:\/\/budtours.hu\/it\/piazza-degli-eroi\/\" class=\"w-grid-item-anchor\" aria-label=\"H\u0151s\u00f6k tere (Piazza degli Eroi)\"><\/a>\r\n\t\t\t\t\t\t<div class=\"w-hwrapper usg_hwrapper_1 align_none valign_top\" style=\"--hwrapper-gap:0rem\"><div class=\"w-vwrapper usg_vwrapper_3 align_none valign_bottom\"><h5 class=\"w-post-elm post_title usg_post_title_1 has_text_color align_left entry-title color_link_inherit\">H\u0151s\u00f6k tere (Piazza degli Eroi)<\/h5><\/div><div class=\"w-post-elm post_image usg_post_image_1 has_width has_height stretched\"><img decoding=\"async\" width=\"1024\" height=\"683\" src=\"https:\/\/budtours.hu\/wp-content\/uploads\/2024\/04\/hosok-tere-1024x683.jpg\" class=\"attachment-large size-large wp-post-image\" alt=\"H\u0151s\u00f6k tere\" srcset=\"https:\/\/budtours.hu\/wp-content\/uploads\/2024\/04\/hosok-tere-1024x683.jpg 1024w, https:\/\/budtours.hu\/wp-content\/uploads\/2024\/04\/hosok-tere-600x400.jpg 600w, https:\/\/budtours.hu\/wp-content\/uploads\/2024\/04\/hosok-tere-300x200.jpg 300w, https:\/\/budtours.hu\/wp-content\/uploads\/2024\/04\/hosok-tere.jpg 1920w\" sizes=\"(max-width: 1024px) 100vw, 1024px\" \/><\/div><\/div>\t\t<\/div>\r\n\t\t\t<\/article>\r\n\t<article class=\"w-grid-item size_1x1 post-4340 post type-post status-publish format-standard has-post-thumbnail hentry category-latnivalok\" data-id=\"4340\">\r\n\t\t<div class=\"w-grid-item-h\">\r\n\t\t\t\t\t\t\t<a href=\"https:\/\/budtours.hu\/it\/hungarian-state-opera-house\/\" class=\"w-grid-item-anchor\" aria-label=\"Hungarian State Opera House\"><\/a>\r\n\t\t\t\t\t\t<div class=\"w-hwrapper usg_hwrapper_1 align_none valign_top\" style=\"--hwrapper-gap:0rem\"><div class=\"w-vwrapper usg_vwrapper_3 align_none valign_bottom\"><h5 class=\"w-post-elm post_title usg_post_title_1 has_text_color align_left entry-title color_link_inherit\">Hungarian State Opera House<\/h5><\/div><div class=\"w-post-elm post_image usg_post_image_1 has_width has_height stretched\"><img decoding=\"async\" width=\"1024\" height=\"683\" src=\"https:\/\/budtours.hu\/wp-content\/uploads\/2025\/03\/opera-1-1024x683.jpg\" class=\"attachment-large size-large wp-post-image\" alt=\"\" srcset=\"https:\/\/budtours.hu\/wp-content\/uploads\/2025\/03\/opera-1-1024x683.jpg 1024w, https:\/\/budtours.hu\/wp-content\/uploads\/2025\/03\/opera-1-600x400.jpg 600w, https:\/\/budtours.hu\/wp-content\/uploads\/2025\/03\/opera-1-300x200.jpg 300w, https:\/\/budtours.hu\/wp-content\/uploads\/2025\/03\/opera-1.jpg 2048w\" sizes=\"(max-width: 1024px) 100vw, 1024px\" \/><\/div><\/div>\t\t<\/div>\r\n\t\t\t<\/article>\r\n\t<article class=\"w-grid-item size_1x1 post-4345 post type-post status-publish format-standard has-post-thumbnail hentry category-latnivalok\" data-id=\"4345\">\r\n\t\t<div class=\"w-grid-item-h\">\r\n\t\t\t\t\t\t\t<a href=\"https:\/\/budtours.hu\/it\/sinagoga\/\" class=\"w-grid-item-anchor\" aria-label=\"Sinagoga\"><\/a>\r\n\t\t\t\t\t\t<div class=\"w-hwrapper usg_hwrapper_1 align_none valign_top\" style=\"--hwrapper-gap:0rem\"><div class=\"w-vwrapper usg_vwrapper_3 align_none valign_bottom\"><h5 class=\"w-post-elm post_title usg_post_title_1 has_text_color align_left entry-title color_link_inherit\">Sinagoga<\/h5><\/div><div class=\"w-post-elm post_image usg_post_image_1 has_width has_height stretched\"><img decoding=\"async\" width=\"768\" height=\"1024\" src=\"https:\/\/budtours.hu\/wp-content\/uploads\/2025\/03\/zsinagoga-1-768x1024.jpg\" class=\"attachment-large size-large wp-post-image\" alt=\"\" srcset=\"https:\/\/budtours.hu\/wp-content\/uploads\/2025\/03\/zsinagoga-1-768x1024.jpg 768w, https:\/\/budtours.hu\/wp-content\/uploads\/2025\/03\/zsinagoga-1-600x800.jpg 600w, https:\/\/budtours.hu\/wp-content\/uploads\/2025\/03\/zsinagoga-1-225x300.jpg 225w, https:\/\/budtours.hu\/wp-content\/uploads\/2025\/03\/zsinagoga-1.jpg 1536w\" sizes=\"(max-width: 768px) 100vw, 768px\" \/><\/div><\/div>\t\t<\/div>\r\n\t\t\t<\/article>\r\n<\/div>\t<div class=\"w-grid-preloader\">\r\n\t\t<div class=\"g-preloader type_1\">\r\n\t\t\t<div><\/div>\r\n\t\t<\/div>\r\n\t<\/div>\r\n\t\t\t\t<div class=\"g-loadmore \">\r\n\t\t\t\t<div class=\"g-preloader type_1\">\r\n\t\t\t\t\t<div><\/div>\r\n\t\t\t\t<\/div>\r\n\t\t\t\t<button class=\"w-btn us-btn-style_2\">\r\n\t\t\t\t\t<span class=\"w-btn-label\">Chargez plus<\/span>\r\n\t\t\t\t<\/button>\r\n\t\t\t<\/div>\r\n\t\t\t\t<div class=\"w-grid-json hidden\" onclick='return {&quot;action&quot;:&quot;us_ajax_grid&quot;,&quot;infinite_scroll&quot;:0,&quot;max_num_pages&quot;:3,&quot;pagination&quot;:&quot;ajax&quot;,&quot;template_vars&quot;:{&quot;columns&quot;:&quot;2&quot;,&quot;exclude_items&quot;:&quot;none&quot;,&quot;img_size&quot;:&quot;default&quot;,&quot;ignore_items_size&quot;:0,&quot;items_layout&quot;:&quot;2065&quot;,&quot;items_offset&quot;:&quot;1&quot;,&quot;load_animation&quot;:&quot;none&quot;,&quot;overriding_link&quot;:&quot;%7B%22type%22%3A%22post%22%7D&quot;,&quot;post_id&quot;:0,&quot;query_args&quot;:{&quot;post_type&quot;:[&quot;post&quot;],&quot;tax_query&quot;:[{&quot;taxonomy&quot;:&quot;category&quot;,&quot;field&quot;:&quot;slug&quot;,&quot;terms&quot;:[&quot;latnivalok&quot;]}],&quot;post_status&quot;:[&quot;publish&quot;,&quot;complete&quot;,&quot;paid&quot;,&quot;confirmed&quot;,&quot;unpaid&quot;,&quot;pending-confirmation&quot;,&quot;cancelled&quot;],&quot;posts_per_page&quot;:&quot;8&quot;},&quot;orderby_query_args&quot;:{&quot;orderby&quot;:{&quot;date&quot;:&quot;ASC&quot;}},&quot;type&quot;:&quot;grid&quot;,&quot;us_grid_post_type&quot;:&quot;post&quot;,&quot;us_grid_ajax_index&quot;:1,&quot;us_grid_filter_query_string&quot;:null,&quot;us_grid_index&quot;:1,&quot;page_args&quot;:[],&quot;lang&quot;:&quot;it&quot;}}'><\/div>\r\n\t<\/div><\/div><\/div><\/div><\/div><\/section><section class=\"l-section wpb_row height_large color_primary\"><div class=\"l-section-h i-cf\"><div class=\"g-cols vc_row via_grid cols_1 laptops-cols_inherit tablets-cols_inherit mobiles-cols_1 valign_top type_default stacking_default\"><div class=\"wpb_column vc_column_container\"><div class=\"vc_column-inner\"><h2 class=\"w-text us_custom_eb849559\"><span class=\"w-text-h\"><span class=\"w-text-value\">Prenota ora!<\/span><\/span><\/h2><div class=\"g-cols wpb_row via_grid cols_3 laptops-cols_inherit tablets-cols_inherit mobiles-cols_1 valign_top type_default stacking_default\" style=\"--columns-gap:3rem;\"><div class=\"wpb_column vc_column_container\"><div class=\"vc_column-inner\"><div class=\"w-btn-wrapper default_align_center laptops_align_right tablets_align_center mobiles_align_center\"><a class=\"w-btn us-btn-style_4 icon_atleft\" href=\"tel:+36301621009\"><i class=\"fas fa-phone-alt\"><\/i><span class=\"w-btn-label\">Chiamare<\/span><\/a><\/div><\/div><\/div><div class=\"wpb_column vc_column_container\"><div class=\"vc_column-inner\"><div class=\"w-btn-wrapper default_align_center laptops_align_right tablets_align_center mobiles_align_center\"><a class=\"w-btn us-btn-style_4 icon_atleft\" title=\"Reservation\" href=\"https:\/\/budtours.hu\/it\/prenota-ora\/\"><i class=\"fas fa-calendar-edit\"><\/i><span class=\"w-btn-label\">Prenota ora<\/span><\/a><\/div><\/div><\/div><div class=\"wpb_column vc_column_container\"><div class=\"vc_column-inner\"><div class=\"w-btn-wrapper default_align_center laptops_align_right tablets_align_center mobiles_align_center\"><a class=\"w-btn us-btn-style_4 icon_atleft\" title=\"Reservation\" href=\"https:\/\/budtours.hu\/it\/contatto\/\"><i class=\"fas fa-at\"><\/i><span class=\"w-btn-label\">Contattaci<\/span><\/a><\/div><\/div><\/div><\/div><\/div><\/div><\/div><\/div><\/section>\n","protected":false},"excerpt":{"rendered":"Sinagoga di Via Doh\u00e1ny \u2013 La sinagoga pi\u00f9 grande d\u2019Europa e il cuore del patrimonio ebraico di Budapest La Sinagoga di Via Doh\u00e1ny, conosciuta anche come la Grande Sinagoga di Budapest, \u00e8 la sinagoga pi\u00f9 grande d\u2019Europa e una delle cinque pi\u00f9 grandi al mondo. Questo straordinario capolavoro architettonico \u00e8 una tappa fondamentale del nostro...","protected":false},"author":1,"featured_media":0,"parent":0,"menu_order":0,"comment_status":"closed","ping_status":"closed","template":"","meta":{"footnotes":""},"class_list":["post-4306","page","type-page","status-publish","hentry"],"yoast_head":"<!-- This site is optimized with the Yoast SEO plugin v26.7 - https:\/\/yoast.com\/wordpress\/plugins\/seo\/ -->\n<title>Attrazioni | BUDTOURS<\/title>\n<meta name=\"description\" content=\"Donn\u00e9es, informations\" \/>\n<meta name=\"robots\" content=\"noindex, nofollow\" \/>\n<meta property=\"og:locale\" content=\"it_IT\" \/>\n<meta property=\"og:type\" content=\"article\" \/>\n<meta property=\"og:title\" content=\"Attrazioni | BUDTOURS\" \/>\n<meta property=\"og:description\" content=\"Donn\u00e9es, informations\" \/>\n<meta property=\"og:url\" content=\"https:\/\/budtours.hu\/it\/attrazioni\/\" \/>\n<meta property=\"og:site_name\" content=\"BUDTOURS\" \/>\n<meta property=\"article:modified_time\" content=\"2025-12-04T14:05:41+00:00\" \/>\n<meta property=\"og:image\" content=\"https:\/\/budtours.hu\/wp-content\/uploads\/2023\/07\/bt-ua5.png\" \/>\n\t<meta property=\"og:image:width\" content=\"1429\" \/>\n\t<meta property=\"og:image:height\" content=\"756\" \/>\n\t<meta property=\"og:image:type\" content=\"image\/png\" \/>\n<meta name=\"twitter:card\" content=\"summary_large_image\" \/>\n<meta name=\"twitter:label1\" content=\"Tempo di lettura stimato\" \/>\n\t<meta name=\"twitter:data1\" content=\"2 minuti\" \/>\n<script type=\"application\/ld+json\" class=\"yoast-schema-graph\">{\"@context\":\"https:\/\/schema.org\",\"@graph\":[{\"@type\":\"WebPage\",\"@id\":\"https:\/\/budtours.hu\/it\/attrazioni\/\",\"url\":\"https:\/\/budtours.hu\/it\/attrazioni\/\",\"name\":\"Attrazioni | BUDTOURS\",\"isPartOf\":{\"@id\":\"https:\/\/budtours.hu\/it\/#website\"},\"datePublished\":\"2024-04-19T11:15:40+00:00\",\"dateModified\":\"2025-12-04T14:05:41+00:00\",\"description\":\"Donn\u00e9es, informations\",\"breadcrumb\":{\"@id\":\"https:\/\/budtours.hu\/it\/attrazioni\/#breadcrumb\"},\"inLanguage\":\"it-IT\",\"potentialAction\":[{\"@type\":\"ReadAction\",\"target\":[\"https:\/\/budtours.hu\/it\/attrazioni\/\"]}]},{\"@type\":\"BreadcrumbList\",\"@id\":\"https:\/\/budtours.hu\/it\/attrazioni\/#breadcrumb\",\"itemListElement\":[{\"@type\":\"ListItem\",\"position\":1,\"name\":\"Kezd\u0151lap\",\"item\":\"https:\/\/budtours.hu\/it\/\"},{\"@type\":\"ListItem\",\"position\":2,\"name\":\"Attrazioni\"}]},{\"@type\":\"WebSite\",\"@id\":\"https:\/\/budtours.hu\/it\/#website\",\"url\":\"https:\/\/budtours.hu\/it\/\",\"name\":\"BUDTOURS\",\"description\":\"Special Adventure\",\"publisher\":{\"@id\":\"https:\/\/budtours.hu\/it\/#organization\"},\"potentialAction\":[{\"@type\":\"SearchAction\",\"target\":{\"@type\":\"EntryPoint\",\"urlTemplate\":\"https:\/\/budtours.hu\/it\/?s={search_term_string}\"},\"query-input\":{\"@type\":\"PropertyValueSpecification\",\"valueRequired\":true,\"valueName\":\"search_term_string\"}}],\"inLanguage\":\"it-IT\"},{\"@type\":\"Organization\",\"@id\":\"https:\/\/budtours.hu\/it\/#organization\",\"name\":\"BUDTOURS\",\"url\":\"https:\/\/budtours.hu\/it\/\",\"logo\":{\"@type\":\"ImageObject\",\"inLanguage\":\"it-IT\",\"@id\":\"https:\/\/budtours.hu\/it\/#\/schema\/logo\/image\/\",\"url\":\"https:\/\/budtours.hu\/wp-content\/uploads\/2023\/08\/BT-logo.png\",\"contentUrl\":\"https:\/\/budtours.hu\/wp-content\/uploads\/2023\/08\/BT-logo.png\",\"width\":600,\"height\":600,\"caption\":\"BUDTOURS\"},\"image\":{\"@id\":\"https:\/\/budtours.hu\/it\/#\/schema\/logo\/image\/\"}}]}<\/script>\n<!-- \/ Yoast SEO plugin. -->","yoast_head_json":{"title":"Attrazioni | BUDTOURS","description":"Donn\u00e9es, informations","robots":{"index":"noindex","follow":"nofollow"},"og_locale":"it_IT","og_type":"article","og_title":"Attrazioni | BUDTOURS","og_description":"Donn\u00e9es, informations","og_url":"https:\/\/budtours.hu\/it\/attrazioni\/","og_site_name":"BUDTOURS","article_modified_time":"2025-12-04T14:05:41+00:00","og_image":[{"width":1429,"height":756,"url":"https:\/\/budtours.hu\/wp-content\/uploads\/2023\/07\/bt-ua5.png","type":"image\/png"}],"twitter_card":"summary_large_image","twitter_misc":{"Tempo di lettura stimato":"2 minuti"},"schema":{"@context":"https:\/\/schema.org","@graph":[{"@type":"WebPage","@id":"https:\/\/budtours.hu\/it\/attrazioni\/","url":"https:\/\/budtours.hu\/it\/attrazioni\/","name":"Attrazioni | BUDTOURS","isPartOf":{"@id":"https:\/\/budtours.hu\/it\/#website"},"datePublished":"2024-04-19T11:15:40+00:00","dateModified":"2025-12-04T14:05:41+00:00","description":"Donn\u00e9es, informations","breadcrumb":{"@id":"https:\/\/budtours.hu\/it\/attrazioni\/#breadcrumb"},"inLanguage":"it-IT","potentialAction":[{"@type":"ReadAction","target":["https:\/\/budtours.hu\/it\/attrazioni\/"]}]},{"@type":"BreadcrumbList","@id":"https:\/\/budtours.hu\/it\/attrazioni\/#breadcrumb","itemListElement":[{"@type":"ListItem","position":1,"name":"Kezd\u0151lap","item":"https:\/\/budtours.hu\/it\/"},{"@type":"ListItem","position":2,"name":"Attrazioni"}]},{"@type":"WebSite","@id":"https:\/\/budtours.hu\/it\/#website","url":"https:\/\/budtours.hu\/it\/","name":"BUDTOURS","description":"Special Adventure","publisher":{"@id":"https:\/\/budtours.hu\/it\/#organization"},"potentialAction":[{"@type":"SearchAction","target":{"@type":"EntryPoint","urlTemplate":"https:\/\/budtours.hu\/it\/?s={search_term_string}"},"query-input":{"@type":"PropertyValueSpecification","valueRequired":true,"valueName":"search_term_string"}}],"inLanguage":"it-IT"},{"@type":"Organization","@id":"https:\/\/budtours.hu\/it\/#organization","name":"BUDTOURS","url":"https:\/\/budtours.hu\/it\/","logo":{"@type":"ImageObject","inLanguage":"it-IT","@id":"https:\/\/budtours.hu\/it\/#\/schema\/logo\/image\/","url":"https:\/\/budtours.hu\/wp-content\/uploads\/2023\/08\/BT-logo.png","contentUrl":"https:\/\/budtours.hu\/wp-content\/uploads\/2023\/08\/BT-logo.png","width":600,"height":600,"caption":"BUDTOURS"},"image":{"@id":"https:\/\/budtours.hu\/it\/#\/schema\/logo\/image\/"}}]}},"_links":{"self":[{"href":"https:\/\/budtours.hu\/it\/wp-json\/wp\/v2\/pages\/4306","targetHints":{"allow":["GET"]}}],"collection":[{"href":"https:\/\/budtours.hu\/it\/wp-json\/wp\/v2\/pages"}],"about":[{"href":"https:\/\/budtours.hu\/it\/wp-json\/wp\/v2\/types\/page"}],"author":[{"embeddable":true,"href":"https:\/\/budtours.hu\/it\/wp-json\/wp\/v2\/users\/1"}],"replies":[{"embeddable":true,"href":"https:\/\/budtours.hu\/it\/wp-json\/wp\/v2\/comments?post=4306"}],"version-history":[{"count":2,"href":"https:\/\/budtours.hu\/it\/wp-json\/wp\/v2\/pages\/4306\/revisions"}],"predecessor-version":[{"id":4308,"href":"https:\/\/budtours.hu\/it\/wp-json\/wp\/v2\/pages\/4306\/revisions\/4308"}],"wp:attachment":[{"href":"https:\/\/budtours.hu\/it\/wp-json\/wp\/v2\/media?parent=4306"}],"curies":[{"name":"wp","href":"https:\/\/api.w.org\/{rel}","templated":true}]}}