{"id":4138,"date":"2025-03-07T13:32:09","date_gmt":"2025-03-07T13:32:09","guid":{"rendered":"https:\/\/budtours.hu\/termek\/express-budapest-tours\/"},"modified":"2025-12-03T09:23:34","modified_gmt":"2025-12-03T09:23:34","slug":"express-budapest-tours","status":"publish","type":"product","link":"https:\/\/budtours.hu\/fr\/termek\/express-budapest-tours\/","title":{"rendered":"Express Budapest Tours"},"content":{"rendered":"<p><strong>Facture:<\/strong><\/p>\n<p>-Si vous avez besoin d\u2019une facture ou d\u2019une facture TVA, veuillez s\u00e9lectionner le champ ci-dessous et remplir les informations<\/p>\n<p>&nbsp;<\/p>\n<p>Politique d\u2019annulation<\/p>\n<p>Paiement en esp\u00e8ces : Si vous avez choisi l\u2019option en esp\u00e8ces, vous pouvez annuler avant 24 heures au d\u00e9but de votre<\/p>\n<p>Esp\u00e8ces (paiement de d\u00e9p\u00f4t \u00e0 25 %). Si vous annulez dans les 24 heures, vous perdrez le d\u00e9p\u00f4t de garantie, mais si vous annulez la visite avant 24 heures, le montant de garantie sera rembours\u00e9.<\/p>\n<p>Paiement par carte bancaire (si vous annulez dans les 3 jours, vous ne recevez rien en retour, si vous annulez la tourn\u00e9e pendant 6 jours, vous ne r\u00e9cup\u00e9rez que 50 % du prix)<\/p>\n<p>Budapest Jeep Tour sans aucune p\u00e9nalit\u00e9. Sinon, si vous annulez la visite dans les 24 heures, vous perdrez votre acompte<\/p>\n<p>&nbsp;<\/p>\n<p><strong>Paiement en ligne :<\/strong><\/p>\n<ul>\n<li>Dans les 24 heures suivant la visite : aucun remboursement ne sera accord\u00e9.<\/li>\n<li>Dans les 3 jours suivant la visite : vous recevrez un remboursement de 50 %.<\/li>\n<li>Remboursement complet : disponible si vous annulez dans le d\u00e9lai requis ou si la visite est annul\u00e9e en raison de probl\u00e8mes de notre c\u00f4t\u00e9.<\/li>\n<\/ul>\n","protected":false},"excerpt":{"rendered":"<p>Facture: -Si vous avez besoin d\u2019une facture ou d\u2019une facture TVA, veuillez s\u00e9lectionner le champ ci-dessous et remplir les informations &nbsp; Politique d\u2019annulation Paiement en esp\u00e8ces : Si vous avez choisi l\u2019option en esp\u00e8ces, vous pouvez annuler avant 24 heures au d\u00e9but de votre Esp\u00e8ces (paiement de d\u00e9p\u00f4t \u00e0 25 %). Si vous annulez dans&#8230;<\/p>\n","protected":false},"featured_media":4017,"template":"","meta":[],"product_brand":[],"product_cat":[],"product_tag":[],"class_list":{"0":"post-4138","1":"product","2":"type-product","3":"status-publish","4":"has-post-thumbnail","7":"first","8":"instock","9":"virtual","10":"sold-individually","11":"purchasable","12":"product-type-booking"},"booking_location":"","booking_location_type":"","booking_duration":120,"booking_duration_unit":"minute","booking_buffer":0,"booking_cost":190,"booking_resources":[4148],"exclude_global_add_ons":false,"addons":[{"name":"Point de r\u00e9cup\u00e9ration","type":"custom_text","position":0,"required":true,"title_format":"label","default":"","description_enable":false,"description":"","placeholder_enable":false,"placeholder":"","display":"select","restrictions_type":"any_text","adjust_price":false,"price":"","price_type":"flat_fee","restrictions":false,"min":"0","max":"0","options":[],"id":1741770075},{"name":"Langues du guide audio","type":"multiple_choice","position":1,"required":true,"title_format":"label","default":"","description_enable":false,"description":"","placeholder_enable":false,"placeholder":"","display":"select","restrictions_type":"any_text","adjust_price":false,"price":"","price_type":"flat_fee","restrictions":false,"min":"0","max":"0","options":[{"label":"English","price":"","price_type":"flat_fee","image":0,"visibility":true},{"label":"Spanish","price":"","price_type":"flat_fee","image":0,"visibility":true},{"label":"Deutsch","price":"","price_type":"flat_fee","image":0,"visibility":true},{"label":"Magyar","price":"","price_type":"flat_fee","image":0,"visibility":true},{"label":"Fran\u00e7ais","price":"","price_type":"flat_fee","image":0,"visibility":true},{"label":"Russian","price":"","price_type":"flat_fee","image":0,"visibility":true},{"label":"Chinese","price":"","price_type":"flat_fee","image":0,"visibility":true},{"label":"Portugese","price":"","price_type":"flat_fee","image":0,"visibility":true},{"label":"Swedish","price":"","price_type":"flat_fee","image":0,"visibility":true},{"label":"Norwegian","price":"","price_type":"flat_fee","image":0,"visibility":true},{"label":"Arabic","price":"","price_type":"flat_fee","image":0,"visibility":true},{"label":"Dutch","price":"","price_type":"flat_fee","image":0,"visibility":true}],"id":1741770076},{"name":"Informations compl\u00e9mentaires","type":"custom_textarea","position":2,"required":false,"title_format":"label","default":"","description_enable":false,"description":"","placeholder_enable":false,"placeholder":"","display":"select","restrictions_type":"any_text","adjust_price":false,"price":"","price_type":"flat_fee","restrictions":false,"min":"0","max":"0","options":[],"id":1741770077},{"name":"Conditions G\u00e9n\u00e9rales","type":"checkbox","position":3,"required":true,"title_format":"hide","default":"","description_enable":false,"description":"","placeholder_enable":false,"placeholder":"","display":"select","restrictions_type":"any_text","adjust_price":false,"price":"","price_type":"flat_fee","restrictions":false,"min":"0","max":"0","options":[{"label":"J\u2019accepte les Conditions G\u00e9n\u00e9rales","price":"","price_type":"flat_fee","image":0,"visibility":true}],"id":1741770623}],"yoast_head":"<!-- This site is optimized with the Yoast SEO plugin v26.7 - https:\/\/yoast.com\/wordpress\/plugins\/seo\/ -->\n<title>Express Budapest Tours | BUDTOURS<\/title>\n<meta name=\"robots\" content=\"index, follow, max-snippet:-1, max-image-preview:large, max-video-preview:-1\" \/>\n<link rel=\"canonical\" href=\"https:\/\/budtours.hu\/fr\/termek\/express-budapest-tours\/\" \/>\n<meta property=\"og:locale\" content=\"fr_FR\" \/>\n<meta property=\"og:type\" content=\"article\" \/>\n<meta property=\"og:title\" content=\"Express Budapest Tours | BUDTOURS\" \/>\n<meta property=\"og:description\" content=\"Facture: -Si vous avez besoin d\u2019une facture ou d\u2019une facture TVA, veuillez s\u00e9lectionner le champ ci-dessous et remplir les informations &nbsp; Politique d\u2019annulation Paiement en esp\u00e8ces : Si vous avez choisi l\u2019option en esp\u00e8ces, vous pouvez annuler avant 24 heures au d\u00e9but de votre Esp\u00e8ces (paiement de d\u00e9p\u00f4t \u00e0 25 %). Si vous annulez dans...\" \/>\n<meta property=\"og:url\" content=\"https:\/\/budtours.hu\/fr\/termek\/express-budapest-tours\/\" \/>\n<meta property=\"og:site_name\" content=\"BUDTOURS\" \/>\n<meta property=\"article:modified_time\" content=\"2025-12-03T09:23:34+00:00\" \/>\n<meta property=\"og:image\" content=\"https:\/\/budtours.hu\/wp-content\/uploads\/2023\/07\/MG_4035.jpg\" \/>\n\t<meta property=\"og:image:width\" content=\"1200\" \/>\n\t<meta property=\"og:image:height\" content=\"800\" \/>\n\t<meta property=\"og:image:type\" content=\"image\/jpeg\" \/>\n<meta name=\"twitter:card\" content=\"summary_large_image\" \/>\n<meta name=\"twitter:label1\" content=\"Dur\u00e9e de lecture estim\u00e9e\" \/>\n\t<meta name=\"twitter:data1\" content=\"1 minute\" \/>\n<script type=\"application\/ld+json\" class=\"yoast-schema-graph\">{\"@context\":\"https:\/\/schema.org\",\"@graph\":[{\"@type\":\"WebPage\",\"@id\":\"https:\/\/budtours.hu\/fr\/termek\/express-budapest-tours\/\",\"url\":\"https:\/\/budtours.hu\/fr\/termek\/express-budapest-tours\/\",\"name\":\"Express Budapest Tours | BUDTOURS\",\"isPartOf\":{\"@id\":\"https:\/\/budtours.hu\/fr\/#website\"},\"primaryImageOfPage\":{\"@id\":\"https:\/\/budtours.hu\/fr\/termek\/express-budapest-tours\/#primaryimage\"},\"image\":{\"@id\":\"https:\/\/budtours.hu\/fr\/termek\/express-budapest-tours\/#primaryimage\"},\"thumbnailUrl\":\"https:\/\/budtours.hu\/wp-content\/uploads\/2023\/07\/MG_4035.jpg\",\"datePublished\":\"2025-03-07T13:32:09+00:00\",\"dateModified\":\"2025-12-03T09:23:34+00:00\",\"breadcrumb\":{\"@id\":\"https:\/\/budtours.hu\/fr\/termek\/express-budapest-tours\/#breadcrumb\"},\"inLanguage\":\"fr-FR\",\"potentialAction\":[{\"@type\":\"ReadAction\",\"target\":[\"https:\/\/budtours.hu\/fr\/termek\/express-budapest-tours\/\"]}]},{\"@type\":\"ImageObject\",\"inLanguage\":\"fr-FR\",\"@id\":\"https:\/\/budtours.hu\/fr\/termek\/express-budapest-tours\/#primaryimage\",\"url\":\"https:\/\/budtours.hu\/wp-content\/uploads\/2023\/07\/MG_4035.jpg\",\"contentUrl\":\"https:\/\/budtours.hu\/wp-content\/uploads\/2023\/07\/MG_4035.jpg\",\"width\":1200,\"height\":800},{\"@type\":\"BreadcrumbList\",\"@id\":\"https:\/\/budtours.hu\/fr\/termek\/express-budapest-tours\/#breadcrumb\",\"itemListElement\":[{\"@type\":\"ListItem\",\"position\":1,\"name\":\"Kezd\u0151lap\",\"item\":\"https:\/\/budtours.hu\/fr\/\"},{\"@type\":\"ListItem\",\"position\":2,\"name\":\"Shop\",\"item\":\"https:\/\/budtours.hu\/uzlet\/\"},{\"@type\":\"ListItem\",\"position\":3,\"name\":\"Express Budapest Tours\"}]},{\"@type\":\"WebSite\",\"@id\":\"https:\/\/budtours.hu\/fr\/#website\",\"url\":\"https:\/\/budtours.hu\/fr\/\",\"name\":\"BUDTOURS\",\"description\":\"Special Adventure\",\"publisher\":{\"@id\":\"https:\/\/budtours.hu\/fr\/#organization\"},\"potentialAction\":[{\"@type\":\"SearchAction\",\"target\":{\"@type\":\"EntryPoint\",\"urlTemplate\":\"https:\/\/budtours.hu\/fr\/?s={search_term_string}\"},\"query-input\":{\"@type\":\"PropertyValueSpecification\",\"valueRequired\":true,\"valueName\":\"search_term_string\"}}],\"inLanguage\":\"fr-FR\"},{\"@type\":\"Organization\",\"@id\":\"https:\/\/budtours.hu\/fr\/#organization\",\"name\":\"BUDTOURS\",\"url\":\"https:\/\/budtours.hu\/fr\/\",\"logo\":{\"@type\":\"ImageObject\",\"inLanguage\":\"fr-FR\",\"@id\":\"https:\/\/budtours.hu\/fr\/#\/schema\/logo\/image\/\",\"url\":\"https:\/\/budtours.hu\/wp-content\/uploads\/2023\/08\/BT-logo.png\",\"contentUrl\":\"https:\/\/budtours.hu\/wp-content\/uploads\/2023\/08\/BT-logo.png\",\"width\":600,\"height\":600,\"caption\":\"BUDTOURS\"},\"image\":{\"@id\":\"https:\/\/budtours.hu\/fr\/#\/schema\/logo\/image\/\"}}]}<\/script>\n<!-- \/ Yoast SEO plugin. -->","yoast_head_json":{"title":"Express Budapest Tours | BUDTOURS","robots":{"index":"index","follow":"follow","max-snippet":"max-snippet:-1","max-image-preview":"max-image-preview:large","max-video-preview":"max-video-preview:-1"},"canonical":"https:\/\/budtours.hu\/fr\/termek\/express-budapest-tours\/","og_locale":"fr_FR","og_type":"article","og_title":"Express Budapest Tours | BUDTOURS","og_description":"Facture: -Si vous avez besoin d\u2019une facture ou d\u2019une facture TVA, veuillez s\u00e9lectionner le champ ci-dessous et remplir les informations &nbsp; Politique d\u2019annulation Paiement en esp\u00e8ces : Si vous avez choisi l\u2019option en esp\u00e8ces, vous pouvez annuler avant 24 heures au d\u00e9but de votre Esp\u00e8ces (paiement de d\u00e9p\u00f4t \u00e0 25 %). Si vous annulez dans...","og_url":"https:\/\/budtours.hu\/fr\/termek\/express-budapest-tours\/","og_site_name":"BUDTOURS","article_modified_time":"2025-12-03T09:23:34+00:00","og_image":[{"width":1200,"height":800,"url":"https:\/\/budtours.hu\/wp-content\/uploads\/2023\/07\/MG_4035.jpg","type":"image\/jpeg"}],"twitter_card":"summary_large_image","twitter_misc":{"Dur\u00e9e de lecture estim\u00e9e":"1 minute"},"schema":{"@context":"https:\/\/schema.org","@graph":[{"@type":"WebPage","@id":"https:\/\/budtours.hu\/fr\/termek\/express-budapest-tours\/","url":"https:\/\/budtours.hu\/fr\/termek\/express-budapest-tours\/","name":"Express Budapest Tours | BUDTOURS","isPartOf":{"@id":"https:\/\/budtours.hu\/fr\/#website"},"primaryImageOfPage":{"@id":"https:\/\/budtours.hu\/fr\/termek\/express-budapest-tours\/#primaryimage"},"image":{"@id":"https:\/\/budtours.hu\/fr\/termek\/express-budapest-tours\/#primaryimage"},"thumbnailUrl":"https:\/\/budtours.hu\/wp-content\/uploads\/2023\/07\/MG_4035.jpg","datePublished":"2025-03-07T13:32:09+00:00","dateModified":"2025-12-03T09:23:34+00:00","breadcrumb":{"@id":"https:\/\/budtours.hu\/fr\/termek\/express-budapest-tours\/#breadcrumb"},"inLanguage":"fr-FR","potentialAction":[{"@type":"ReadAction","target":["https:\/\/budtours.hu\/fr\/termek\/express-budapest-tours\/"]}]},{"@type":"ImageObject","inLanguage":"fr-FR","@id":"https:\/\/budtours.hu\/fr\/termek\/express-budapest-tours\/#primaryimage","url":"https:\/\/budtours.hu\/wp-content\/uploads\/2023\/07\/MG_4035.jpg","contentUrl":"https:\/\/budtours.hu\/wp-content\/uploads\/2023\/07\/MG_4035.jpg","width":1200,"height":800},{"@type":"BreadcrumbList","@id":"https:\/\/budtours.hu\/fr\/termek\/express-budapest-tours\/#breadcrumb","itemListElement":[{"@type":"ListItem","position":1,"name":"Kezd\u0151lap","item":"https:\/\/budtours.hu\/fr\/"},{"@type":"ListItem","position":2,"name":"Shop","item":"https:\/\/budtours.hu\/uzlet\/"},{"@type":"ListItem","position":3,"name":"Express Budapest Tours"}]},{"@type":"WebSite","@id":"https:\/\/budtours.hu\/fr\/#website","url":"https:\/\/budtours.hu\/fr\/","name":"BUDTOURS","description":"Special Adventure","publisher":{"@id":"https:\/\/budtours.hu\/fr\/#organization"},"potentialAction":[{"@type":"SearchAction","target":{"@type":"EntryPoint","urlTemplate":"https:\/\/budtours.hu\/fr\/?s={search_term_string}"},"query-input":{"@type":"PropertyValueSpecification","valueRequired":true,"valueName":"search_term_string"}}],"inLanguage":"fr-FR"},{"@type":"Organization","@id":"https:\/\/budtours.hu\/fr\/#organization","name":"BUDTOURS","url":"https:\/\/budtours.hu\/fr\/","logo":{"@type":"ImageObject","inLanguage":"fr-FR","@id":"https:\/\/budtours.hu\/fr\/#\/schema\/logo\/image\/","url":"https:\/\/budtours.hu\/wp-content\/uploads\/2023\/08\/BT-logo.png","contentUrl":"https:\/\/budtours.hu\/wp-content\/uploads\/2023\/08\/BT-logo.png","width":600,"height":600,"caption":"BUDTOURS"},"image":{"@id":"https:\/\/budtours.hu\/fr\/#\/schema\/logo\/image\/"}}]}},"_links":{"self":[{"href":"https:\/\/budtours.hu\/fr\/wp-json\/wp\/v2\/product\/4138","targetHints":{"allow":["GET"]}}],"collection":[{"href":"https:\/\/budtours.hu\/fr\/wp-json\/wp\/v2\/product"}],"about":[{"href":"https:\/\/budtours.hu\/fr\/wp-json\/wp\/v2\/types\/product"}],"wp:featuredmedia":[{"embeddable":true,"href":"https:\/\/budtours.hu\/fr\/wp-json\/wp\/v2\/media\/4017"}],"wp:attachment":[{"href":"https:\/\/budtours.hu\/fr\/wp-json\/wp\/v2\/media?parent=4138"}],"wp:term":[{"taxonomy":"product_brand","embeddable":true,"href":"https:\/\/budtours.hu\/fr\/wp-json\/wp\/v2\/product_brand?post=4138"},{"taxonomy":"product_cat","embeddable":true,"href":"https:\/\/budtours.hu\/fr\/wp-json\/wp\/v2\/product_cat?post=4138"},{"taxonomy":"product_tag","embeddable":true,"href":"https:\/\/budtours.hu\/fr\/wp-json\/wp\/v2\/product_tag?post=4138"}],"curies":[{"name":"wp","href":"https:\/\/api.w.org\/{rel}","templated":true}]}}