{"id":4037,"date":"2024-04-19T11:15:40","date_gmt":"2024-04-19T11:15:40","guid":{"rendered":"https:\/\/budtours.hu\/lugares-de-interes\/"},"modified":"2025-12-05T10:32:39","modified_gmt":"2025-12-05T10:32:39","slug":"sites-touristiques","status":"publish","type":"page","link":"https:\/\/budtours.hu\/fr\/sites-touristiques\/","title":{"rendered":"Sites touristiques"},"content":{"rendered":"<section class=\"l-section wpb_row us_custom_e11ab399 height_large\"><div class=\"l-section-h i-cf\"><div class=\"g-cols vc_row via_grid cols_1 laptops-cols_inherit tablets-cols_inherit mobiles-cols_1 valign_top type_default stacking_default\"><div class=\"wpb_column vc_column_container\"><div class=\"vc_column-inner\"><h2 class=\"w-text\"><span class=\"w-text-h\"><span class=\"w-text-value\">Sites touristiques<\/span><\/span><\/h2><\/div><\/div><\/div><\/div><\/section><section class=\"l-section wpb_row height_large\"><div class=\"l-section-h i-cf\"><div class=\"g-cols vc_row via_grid cols_1 laptops-cols_inherit tablets-cols_inherit mobiles-cols_1 valign_top type_default stacking_default\"><div class=\"wpb_column vc_column_container\"><div class=\"vc_column-inner\"><div class=\"wpb_text_column\"><div class=\"wpb_wrapper\"><p>Pendant votre s\u00e9jour \u00e0 Budapest, ne manquez pas de vous impr\u00e9gner de son riche patrimoine architectural et de ses paysages \u00e9poustouflants. Il y a tant \u00e0 d\u00e9couvrir \u00e0 Budapest, et vous n&rsquo;avez pas \u00e0 vous soucier de planifier votre visite touristique. Laissez-vous simplement aller \u00e0 la fl\u00e2nerie et admirez toute la beaut\u00e9 que cette ville a \u00e0 offrir gr\u00e2ce \u00e0 Budtours Classic Russian Jeep qui vous emm\u00e8nera vers tous les principaux sites touristiques de Budapest o\u00f9 les grands bus ne vont g\u00e9n\u00e9ralement pas !<\/p>\n<p>Explorez les sites embl\u00e9matiques de Budapest, notamment le bazar du jardin du ch\u00e2teau, les bains Gell\u00e9rt, la citadelle et le Parlement, lors de notre passionnante visite guid\u00e9e de la ville en Jeep russe classique. Plongez-vous dans la riche histoire et la culture vibrante de la ville tout en la parcourant. Consultez notre galerie pour en savoir plus sur ces incroyables monuments avant de commencer votre aventure !<\/p>\n<\/div><\/div><\/div><\/div><\/div><\/div><\/section><section class=\"l-section wpb_row us_custom_bd92604a height_large\" id=\"sights\"><div class=\"l-section-h i-cf\"><div class=\"g-cols vc_row via_grid cols_1 laptops-cols_inherit tablets-cols_inherit mobiles-cols_1 valign_top type_default stacking_default\"><div class=\"wpb_column vc_column_container\"><div class=\"vc_column-inner\"><div class=\"w-grid us_grid type_grid layout_2065 cols_2 pagination_ajax preload_style_spinner ratio_16x9\" id=\"us_grid_1\" style=\"--columns:2;--gap:1.5rem;--item-ratio:0.5625;\" data-filterable=\"true\"><style>@media (max-width:600px){#us_grid_1{--columns:1!important}}.layout_2065 .w-grid-item-h{}.layout_2065 .usg_post_image_1{transition-duration:0.3s;transform-origin:50% 50%;transform:scale(1) translate(0%,0%)}.layout_2065 .w-grid-item-h:focus-within .usg_post_image_1,.layout_2065 .w-grid-item-h:hover .usg_post_image_1{transform:scale(1.1) translate(0%,0%);opacity:1}.layout_2065 .usg_post_image_1{width:100%!important;height:100%!important;min-height:300px!important;position:absolute!important}.layout_2065 .usg_hwrapper_1{width:100%!important;height:100%!important;position:absolute!important;overflow:hidden!important}.layout_2065 .usg_vwrapper_3{width:100%!important;height:100%!important;padding:30px!important;background:linear-gradient(360deg,rgba(0,0,0,0.50),rgba(0,0,0,0.00))!important}.layout_2065 .usg_post_title_1{color:#ffffff!important}<\/style><div class=\"w-grid-list\">\t<article class=\"w-grid-item size_1x1 post-4041 post type-post status-publish format-standard has-post-thumbnail hentry category-latnivalok\" data-id=\"4041\">\r\n\t\t<div class=\"w-grid-item-h\">\r\n\t\t\t\t\t\t\t<a href=\"https:\/\/budtours.hu\/fr\/parlement\/\" class=\"w-grid-item-anchor\" aria-label=\"Parlement\"><\/a>\r\n\t\t\t\t\t\t<div class=\"w-hwrapper usg_hwrapper_1 align_none valign_top\" style=\"--hwrapper-gap:0rem\"><div class=\"w-vwrapper usg_vwrapper_3 align_none valign_bottom\"><h5 class=\"w-post-elm post_title usg_post_title_1 has_text_color align_left entry-title color_link_inherit\">Parlement<\/h5><\/div><div class=\"w-post-elm post_image usg_post_image_1 has_width has_height stretched\"><img decoding=\"async\" width=\"1024\" height=\"576\" src=\"https:\/\/budtours.hu\/wp-content\/uploads\/2024\/04\/pexels-nicola-s-perondi-104802-3954641-1024x576.jpg\" class=\"attachment-large size-large wp-post-image\" alt=\"Parlament\" srcset=\"https:\/\/budtours.hu\/wp-content\/uploads\/2024\/04\/pexels-nicola-s-perondi-104802-3954641-1024x576.jpg 1024w, https:\/\/budtours.hu\/wp-content\/uploads\/2024\/04\/pexels-nicola-s-perondi-104802-3954641-600x338.jpg 600w, https:\/\/budtours.hu\/wp-content\/uploads\/2024\/04\/pexels-nicola-s-perondi-104802-3954641-300x169.jpg 300w, https:\/\/budtours.hu\/wp-content\/uploads\/2024\/04\/pexels-nicola-s-perondi-104802-3954641.jpg 1920w\" sizes=\"(max-width: 1024px) 100vw, 1024px\" \/><\/div><\/div>\t\t<\/div>\r\n\t\t\t<\/article>\r\n\t<article class=\"w-grid-item size_1x1 post-4048 post type-post status-publish format-standard has-post-thumbnail hentry category-latnivalok\" data-id=\"4048\">\r\n\t\t<div class=\"w-grid-item-h\">\r\n\t\t\t\t\t\t\t<a href=\"https:\/\/budtours.hu\/fr\/pont-a-chaines\/\" class=\"w-grid-item-anchor\" aria-label=\"Pont \u00e0 cha\u00eenes\"><\/a>\r\n\t\t\t\t\t\t<div class=\"w-hwrapper usg_hwrapper_1 align_none valign_top\" style=\"--hwrapper-gap:0rem\"><div class=\"w-vwrapper usg_vwrapper_3 align_none valign_bottom\"><h5 class=\"w-post-elm post_title usg_post_title_1 has_text_color align_left entry-title color_link_inherit\">Pont \u00e0 cha\u00eenes<\/h5><\/div><div class=\"w-post-elm post_image usg_post_image_1 has_width has_height stretched\"><img decoding=\"async\" width=\"1024\" height=\"682\" src=\"https:\/\/budtours.hu\/wp-content\/uploads\/2024\/04\/pexels-robby-der-berliner-693956-5546458-1024x682.jpg\" class=\"attachment-large size-large wp-post-image\" alt=\"L\u00e1nch\u00edd\" srcset=\"https:\/\/budtours.hu\/wp-content\/uploads\/2024\/04\/pexels-robby-der-berliner-693956-5546458-1024x682.jpg 1024w, https:\/\/budtours.hu\/wp-content\/uploads\/2024\/04\/pexels-robby-der-berliner-693956-5546458-600x400.jpg 600w, https:\/\/budtours.hu\/wp-content\/uploads\/2024\/04\/pexels-robby-der-berliner-693956-5546458-300x200.jpg 300w, https:\/\/budtours.hu\/wp-content\/uploads\/2024\/04\/pexels-robby-der-berliner-693956-5546458.jpg 1920w\" sizes=\"(max-width: 1024px) 100vw, 1024px\" \/><\/div><\/div>\t\t<\/div>\r\n\t\t\t<\/article>\r\n\t<article class=\"w-grid-item size_1x1 post-4052 post type-post status-publish format-standard has-post-thumbnail hentry category-latnivalok\" data-id=\"4052\">\r\n\t\t<div class=\"w-grid-item-h\">\r\n\t\t\t\t\t\t\t<a href=\"https:\/\/budtours.hu\/fr\/chateau-de-buda\/\" class=\"w-grid-item-anchor\" aria-label=\"Ch\u00e2teau de Buda\"><\/a>\r\n\t\t\t\t\t\t<div class=\"w-hwrapper usg_hwrapper_1 align_none valign_top\" style=\"--hwrapper-gap:0rem\"><div class=\"w-vwrapper usg_vwrapper_3 align_none valign_bottom\"><h5 class=\"w-post-elm post_title usg_post_title_1 has_text_color align_left entry-title color_link_inherit\">Ch\u00e2teau de Buda<\/h5><\/div><div class=\"w-post-elm post_image usg_post_image_1 has_width has_height stretched\"><img decoding=\"async\" width=\"1024\" height=\"683\" src=\"https:\/\/budtours.hu\/wp-content\/uploads\/2024\/04\/budai-var-1024x683.jpg\" class=\"attachment-large size-large wp-post-image\" alt=\"Budai v\u00e1r\" srcset=\"https:\/\/budtours.hu\/wp-content\/uploads\/2024\/04\/budai-var-1024x683.jpg 1024w, https:\/\/budtours.hu\/wp-content\/uploads\/2024\/04\/budai-var-600x400.jpg 600w, https:\/\/budtours.hu\/wp-content\/uploads\/2024\/04\/budai-var-300x200.jpg 300w, https:\/\/budtours.hu\/wp-content\/uploads\/2024\/04\/budai-var.jpg 1920w\" sizes=\"(max-width: 1024px) 100vw, 1024px\" \/><\/div><\/div>\t\t<\/div>\r\n\t\t\t<\/article>\r\n\t<article class=\"w-grid-item size_1x1 post-4055 post type-post status-publish format-standard has-post-thumbnail hentry category-latnivalok\" data-id=\"4055\">\r\n\t\t<div class=\"w-grid-item-h\">\r\n\t\t\t\t\t\t\t<a href=\"https:\/\/budtours.hu\/fr\/citadelle\/\" class=\"w-grid-item-anchor\" aria-label=\"Citadelle\"><\/a>\r\n\t\t\t\t\t\t<div class=\"w-hwrapper usg_hwrapper_1 align_none valign_top\" style=\"--hwrapper-gap:0rem\"><div class=\"w-vwrapper usg_vwrapper_3 align_none valign_bottom\"><h5 class=\"w-post-elm post_title usg_post_title_1 has_text_color align_left entry-title color_link_inherit\">Citadelle<\/h5><\/div><div class=\"w-post-elm post_image usg_post_image_1 has_width has_height stretched\"><img decoding=\"async\" width=\"1024\" height=\"683\" src=\"https:\/\/budtours.hu\/wp-content\/uploads\/2024\/04\/citadella-1024x683.jpg\" class=\"attachment-large size-large wp-post-image\" alt=\"Citadella\" srcset=\"https:\/\/budtours.hu\/wp-content\/uploads\/2024\/04\/citadella-1024x683.jpg 1024w, https:\/\/budtours.hu\/wp-content\/uploads\/2024\/04\/citadella-600x400.jpg 600w, https:\/\/budtours.hu\/wp-content\/uploads\/2024\/04\/citadella-300x200.jpg 300w, https:\/\/budtours.hu\/wp-content\/uploads\/2024\/04\/citadella.jpg 1920w\" sizes=\"(max-width: 1024px) 100vw, 1024px\" \/><\/div><\/div>\t\t<\/div>\r\n\t\t\t<\/article>\r\n\t<article class=\"w-grid-item size_1x1 post-4059 post type-post status-publish format-standard has-post-thumbnail hentry category-latnivalok\" data-id=\"4059\">\r\n\t\t<div class=\"w-grid-item-h\">\r\n\t\t\t\t\t\t\t<a href=\"https:\/\/budtours.hu\/fr\/basilique-saint-etienne\/\" class=\"w-grid-item-anchor\" aria-label=\"Basilique Saint-\u00c9tienne\"><\/a>\r\n\t\t\t\t\t\t<div class=\"w-hwrapper usg_hwrapper_1 align_none valign_top\" style=\"--hwrapper-gap:0rem\"><div class=\"w-vwrapper usg_vwrapper_3 align_none valign_bottom\"><h5 class=\"w-post-elm post_title usg_post_title_1 has_text_color align_left entry-title color_link_inherit\">Basilique Saint-\u00c9tienne<\/h5><\/div><div class=\"w-post-elm post_image usg_post_image_1 has_width has_height stretched\"><img decoding=\"async\" width=\"1024\" height=\"812\" src=\"https:\/\/budtours.hu\/wp-content\/uploads\/2024\/04\/bazilika-1024x812.jpg\" class=\"attachment-large size-large wp-post-image\" alt=\"Szent Istv\u00e1n Bazilika\" srcset=\"https:\/\/budtours.hu\/wp-content\/uploads\/2024\/04\/bazilika-1024x812.jpg 1024w, https:\/\/budtours.hu\/wp-content\/uploads\/2024\/04\/bazilika-600x476.jpg 600w, https:\/\/budtours.hu\/wp-content\/uploads\/2024\/04\/bazilika-300x238.jpg 300w, https:\/\/budtours.hu\/wp-content\/uploads\/2024\/04\/bazilika.jpg 1920w\" sizes=\"(max-width: 1024px) 100vw, 1024px\" \/><\/div><\/div>\t\t<\/div>\r\n\t\t\t<\/article>\r\n\t<article class=\"w-grid-item size_1x1 post-4064 post type-post status-publish format-standard has-post-thumbnail hentry category-latnivalok\" data-id=\"4064\">\r\n\t\t<div class=\"w-grid-item-h\">\r\n\t\t\t\t\t\t\t<a href=\"https:\/\/budtours.hu\/fr\/place-des-heros\/\" class=\"w-grid-item-anchor\" aria-label=\"Place des H\u00e9ros\"><\/a>\r\n\t\t\t\t\t\t<div class=\"w-hwrapper usg_hwrapper_1 align_none valign_top\" style=\"--hwrapper-gap:0rem\"><div class=\"w-vwrapper usg_vwrapper_3 align_none valign_bottom\"><h5 class=\"w-post-elm post_title usg_post_title_1 has_text_color align_left entry-title color_link_inherit\">Place des H\u00e9ros<\/h5><\/div><div class=\"w-post-elm post_image usg_post_image_1 has_width has_height stretched\"><img decoding=\"async\" width=\"1024\" height=\"683\" src=\"https:\/\/budtours.hu\/wp-content\/uploads\/2024\/04\/hosok-tere-1024x683.jpg\" class=\"attachment-large size-large wp-post-image\" alt=\"H\u0151s\u00f6k tere\" srcset=\"https:\/\/budtours.hu\/wp-content\/uploads\/2024\/04\/hosok-tere-1024x683.jpg 1024w, https:\/\/budtours.hu\/wp-content\/uploads\/2024\/04\/hosok-tere-600x400.jpg 600w, https:\/\/budtours.hu\/wp-content\/uploads\/2024\/04\/hosok-tere-300x200.jpg 300w, https:\/\/budtours.hu\/wp-content\/uploads\/2024\/04\/hosok-tere.jpg 1920w\" sizes=\"(max-width: 1024px) 100vw, 1024px\" \/><\/div><\/div>\t\t<\/div>\r\n\t\t\t<\/article>\r\n\t<article class=\"w-grid-item size_1x1 post-4067 post type-post status-publish format-standard has-post-thumbnail hentry category-latnivalok\" data-id=\"4067\">\r\n\t\t<div class=\"w-grid-item-h\">\r\n\t\t\t\t\t\t\t<a href=\"https:\/\/budtours.hu\/fr\/opera-detat\/\" class=\"w-grid-item-anchor\" aria-label=\"Op\u00e9ra d\u2019\u00c9tat\"><\/a>\r\n\t\t\t\t\t\t<div class=\"w-hwrapper usg_hwrapper_1 align_none valign_top\" style=\"--hwrapper-gap:0rem\"><div class=\"w-vwrapper usg_vwrapper_3 align_none valign_bottom\"><h5 class=\"w-post-elm post_title usg_post_title_1 has_text_color align_left entry-title color_link_inherit\">Op\u00e9ra d\u2019\u00c9tat<\/h5><\/div><div class=\"w-post-elm post_image usg_post_image_1 has_width has_height stretched\"><img decoding=\"async\" width=\"1024\" height=\"683\" src=\"https:\/\/budtours.hu\/wp-content\/uploads\/2025\/03\/opera-1-1024x683.jpg\" class=\"attachment-large size-large wp-post-image\" alt=\"\" srcset=\"https:\/\/budtours.hu\/wp-content\/uploads\/2025\/03\/opera-1-1024x683.jpg 1024w, https:\/\/budtours.hu\/wp-content\/uploads\/2025\/03\/opera-1-600x400.jpg 600w, https:\/\/budtours.hu\/wp-content\/uploads\/2025\/03\/opera-1-300x200.jpg 300w, https:\/\/budtours.hu\/wp-content\/uploads\/2025\/03\/opera-1.jpg 2048w\" sizes=\"(max-width: 1024px) 100vw, 1024px\" \/><\/div><\/div>\t\t<\/div>\r\n\t\t\t<\/article>\r\n\t<article class=\"w-grid-item size_1x1 post-4071 post type-post status-publish format-standard has-post-thumbnail hentry category-latnivalok\" data-id=\"4071\">\r\n\t\t<div class=\"w-grid-item-h\">\r\n\t\t\t\t\t\t\t<a href=\"https:\/\/budtours.hu\/fr\/synagogue\/\" class=\"w-grid-item-anchor\" aria-label=\"Synagogue\"><\/a>\r\n\t\t\t\t\t\t<div class=\"w-hwrapper usg_hwrapper_1 align_none valign_top\" style=\"--hwrapper-gap:0rem\"><div class=\"w-vwrapper usg_vwrapper_3 align_none valign_bottom\"><h5 class=\"w-post-elm post_title usg_post_title_1 has_text_color align_left entry-title color_link_inherit\">Synagogue<\/h5><\/div><div class=\"w-post-elm post_image usg_post_image_1 has_width has_height stretched\"><img decoding=\"async\" width=\"768\" height=\"1024\" src=\"https:\/\/budtours.hu\/wp-content\/uploads\/2025\/03\/zsinagoga-1-768x1024.jpg\" class=\"attachment-large size-large wp-post-image\" alt=\"\" srcset=\"https:\/\/budtours.hu\/wp-content\/uploads\/2025\/03\/zsinagoga-1-768x1024.jpg 768w, https:\/\/budtours.hu\/wp-content\/uploads\/2025\/03\/zsinagoga-1-600x800.jpg 600w, https:\/\/budtours.hu\/wp-content\/uploads\/2025\/03\/zsinagoga-1-225x300.jpg 225w, https:\/\/budtours.hu\/wp-content\/uploads\/2025\/03\/zsinagoga-1.jpg 1536w\" sizes=\"(max-width: 768px) 100vw, 768px\" \/><\/div><\/div>\t\t<\/div>\r\n\t\t\t<\/article>\r\n<\/div>\t<div class=\"w-grid-preloader\">\r\n\t\t<div class=\"g-preloader type_1\">\r\n\t\t\t<div><\/div>\r\n\t\t<\/div>\r\n\t<\/div>\r\n\t\t\t\t<div class=\"g-loadmore \">\r\n\t\t\t\t<div class=\"g-preloader type_1\">\r\n\t\t\t\t\t<div><\/div>\r\n\t\t\t\t<\/div>\r\n\t\t\t\t<button class=\"w-btn us-btn-style_2\">\r\n\t\t\t\t\t<span class=\"w-btn-label\">Chargez plus<\/span>\r\n\t\t\t\t<\/button>\r\n\t\t\t<\/div>\r\n\t\t\t\t<div class=\"w-grid-json hidden\" onclick='return {&quot;action&quot;:&quot;us_ajax_grid&quot;,&quot;infinite_scroll&quot;:0,&quot;max_num_pages&quot;:3,&quot;pagination&quot;:&quot;ajax&quot;,&quot;template_vars&quot;:{&quot;columns&quot;:&quot;2&quot;,&quot;exclude_items&quot;:&quot;none&quot;,&quot;img_size&quot;:&quot;default&quot;,&quot;ignore_items_size&quot;:0,&quot;items_layout&quot;:&quot;2065&quot;,&quot;items_offset&quot;:&quot;1&quot;,&quot;load_animation&quot;:&quot;none&quot;,&quot;overriding_link&quot;:&quot;%7B%22type%22%3A%22post%22%7D&quot;,&quot;post_id&quot;:0,&quot;query_args&quot;:{&quot;post_type&quot;:[&quot;post&quot;],&quot;tax_query&quot;:[{&quot;taxonomy&quot;:&quot;category&quot;,&quot;field&quot;:&quot;slug&quot;,&quot;terms&quot;:[&quot;latnivalok&quot;]}],&quot;post_status&quot;:[&quot;publish&quot;,&quot;complete&quot;,&quot;paid&quot;,&quot;confirmed&quot;,&quot;unpaid&quot;,&quot;pending-confirmation&quot;,&quot;cancelled&quot;],&quot;posts_per_page&quot;:&quot;8&quot;},&quot;orderby_query_args&quot;:{&quot;orderby&quot;:{&quot;date&quot;:&quot;ASC&quot;}},&quot;type&quot;:&quot;grid&quot;,&quot;us_grid_post_type&quot;:&quot;post&quot;,&quot;us_grid_ajax_index&quot;:1,&quot;us_grid_filter_query_string&quot;:null,&quot;us_grid_index&quot;:1,&quot;page_args&quot;:[],&quot;lang&quot;:&quot;fr&quot;}}'><\/div>\r\n\t<\/div><\/div><\/div><\/div><\/div><\/section><section class=\"l-section wpb_row height_large color_primary\"><div class=\"l-section-h i-cf\"><div class=\"g-cols vc_row via_grid cols_1 laptops-cols_inherit tablets-cols_inherit mobiles-cols_1 valign_top type_default stacking_default\"><div class=\"wpb_column vc_column_container\"><div class=\"vc_column-inner\"><h2 class=\"w-text us_custom_eb849559\"><span class=\"w-text-h\"><span class=\"w-text-value\">R\u00e9servez d\u00e8s maintenant !<\/span><\/span><\/h2><div class=\"g-cols wpb_row via_grid cols_3 laptops-cols_inherit tablets-cols_inherit mobiles-cols_1 valign_top type_default stacking_default\" style=\"--columns-gap:3rem;\"><div class=\"wpb_column vc_column_container\"><div class=\"vc_column-inner\"><div class=\"w-btn-wrapper default_align_center laptops_align_right tablets_align_center mobiles_align_center\"><a class=\"w-btn us-btn-style_4 icon_atleft\" href=\"tel:+36301621009\"><i class=\"fas fa-phone-alt\"><\/i><span class=\"w-btn-label\">Appeler<\/span><\/a><\/div><\/div><\/div><div class=\"wpb_column vc_column_container\"><div class=\"vc_column-inner\"><div class=\"w-btn-wrapper default_align_center laptops_align_right tablets_align_center mobiles_align_center\"><a class=\"w-btn us-btn-style_4 icon_atleft\" title=\"Reservation\" href=\"https:\/\/budtours.hu\/fr\/reservez-des-maintenant\/\"><i class=\"fas fa-calendar-edit\"><\/i><span class=\"w-btn-label\">R\u00e9servez d\u00e8s maintenant<\/span><\/a><\/div><\/div><\/div><div class=\"wpb_column vc_column_container\"><div class=\"vc_column-inner\"><div class=\"w-btn-wrapper default_align_center laptops_align_right tablets_align_center mobiles_align_center\"><a class=\"w-btn us-btn-style_4 icon_atleft\" title=\"Reservation\" href=\"https:\/\/budtours.hu\/fr\/contact-fr\/\"><i class=\"fas fa-at\"><\/i><span class=\"w-btn-label\">Contactez-nous<\/span><\/a><\/div><\/div><\/div><\/div><\/div><\/div><\/div><\/div><\/section>\n","protected":false},"excerpt":{"rendered":"Synagogue de la rue Doh\u00e1ny \u2013 La plus grande synagogue d\u2019Europe et le c\u0153ur du patrimoine juif de Budapest La synagogue de la rue Doh\u00e1ny, \u00e9galement connue sous le nom de Grande Synagogue de Budapest, est la plus grande d\u2019Europe et l\u2019une des cinq plus grandes du monde. Ce chef-d\u2019\u0153uvre architectural impressionnant est une \u00e9tape...","protected":false},"author":1,"featured_media":0,"parent":0,"menu_order":0,"comment_status":"closed","ping_status":"closed","template":"","meta":{"footnotes":""},"class_list":["post-4037","page","type-page","status-publish","hentry"],"yoast_head":"<!-- This site is optimized with the Yoast SEO plugin v26.7 - https:\/\/yoast.com\/wordpress\/plugins\/seo\/ -->\n<title>Sites touristiques | BUDTOURS<\/title>\n<meta name=\"description\" content=\"Donn\u00e9es, informations\" \/>\n<meta name=\"robots\" content=\"noindex, nofollow\" \/>\n<meta property=\"og:locale\" content=\"fr_FR\" \/>\n<meta property=\"og:type\" content=\"article\" \/>\n<meta property=\"og:title\" content=\"Sites touristiques | BUDTOURS\" \/>\n<meta property=\"og:description\" content=\"Donn\u00e9es, informations\" \/>\n<meta property=\"og:url\" content=\"https:\/\/budtours.hu\/fr\/sites-touristiques\/\" \/>\n<meta property=\"og:site_name\" content=\"BUDTOURS\" \/>\n<meta property=\"article:modified_time\" content=\"2025-12-05T10:32:39+00:00\" \/>\n<meta property=\"og:image\" content=\"https:\/\/budtours.hu\/wp-content\/uploads\/2023\/07\/bt-ua5.png\" \/>\n\t<meta property=\"og:image:width\" content=\"1429\" \/>\n\t<meta property=\"og:image:height\" content=\"756\" \/>\n\t<meta property=\"og:image:type\" content=\"image\/png\" \/>\n<meta name=\"twitter:card\" content=\"summary_large_image\" \/>\n<meta name=\"twitter:label1\" content=\"Dur\u00e9e de lecture estim\u00e9e\" \/>\n\t<meta name=\"twitter:data1\" content=\"2 minutes\" \/>\n<script type=\"application\/ld+json\" class=\"yoast-schema-graph\">{\"@context\":\"https:\/\/schema.org\",\"@graph\":[{\"@type\":\"WebPage\",\"@id\":\"https:\/\/budtours.hu\/fr\/sites-touristiques\/\",\"url\":\"https:\/\/budtours.hu\/fr\/sites-touristiques\/\",\"name\":\"Sites touristiques | BUDTOURS\",\"isPartOf\":{\"@id\":\"https:\/\/budtours.hu\/fr\/#website\"},\"datePublished\":\"2024-04-19T11:15:40+00:00\",\"dateModified\":\"2025-12-05T10:32:39+00:00\",\"description\":\"Donn\u00e9es, informations\",\"breadcrumb\":{\"@id\":\"https:\/\/budtours.hu\/fr\/sites-touristiques\/#breadcrumb\"},\"inLanguage\":\"fr-FR\",\"potentialAction\":[{\"@type\":\"ReadAction\",\"target\":[\"https:\/\/budtours.hu\/fr\/sites-touristiques\/\"]}]},{\"@type\":\"BreadcrumbList\",\"@id\":\"https:\/\/budtours.hu\/fr\/sites-touristiques\/#breadcrumb\",\"itemListElement\":[{\"@type\":\"ListItem\",\"position\":1,\"name\":\"Kezd\u0151lap\",\"item\":\"https:\/\/budtours.hu\/fr\/\"},{\"@type\":\"ListItem\",\"position\":2,\"name\":\"Sites touristiques\"}]},{\"@type\":\"WebSite\",\"@id\":\"https:\/\/budtours.hu\/fr\/#website\",\"url\":\"https:\/\/budtours.hu\/fr\/\",\"name\":\"BUDTOURS\",\"description\":\"Special Adventure\",\"publisher\":{\"@id\":\"https:\/\/budtours.hu\/fr\/#organization\"},\"potentialAction\":[{\"@type\":\"SearchAction\",\"target\":{\"@type\":\"EntryPoint\",\"urlTemplate\":\"https:\/\/budtours.hu\/fr\/?s={search_term_string}\"},\"query-input\":{\"@type\":\"PropertyValueSpecification\",\"valueRequired\":true,\"valueName\":\"search_term_string\"}}],\"inLanguage\":\"fr-FR\"},{\"@type\":\"Organization\",\"@id\":\"https:\/\/budtours.hu\/fr\/#organization\",\"name\":\"BUDTOURS\",\"url\":\"https:\/\/budtours.hu\/fr\/\",\"logo\":{\"@type\":\"ImageObject\",\"inLanguage\":\"fr-FR\",\"@id\":\"https:\/\/budtours.hu\/fr\/#\/schema\/logo\/image\/\",\"url\":\"https:\/\/budtours.hu\/wp-content\/uploads\/2023\/08\/BT-logo.png\",\"contentUrl\":\"https:\/\/budtours.hu\/wp-content\/uploads\/2023\/08\/BT-logo.png\",\"width\":600,\"height\":600,\"caption\":\"BUDTOURS\"},\"image\":{\"@id\":\"https:\/\/budtours.hu\/fr\/#\/schema\/logo\/image\/\"}}]}<\/script>\n<!-- \/ Yoast SEO plugin. -->","yoast_head_json":{"title":"Sites touristiques | BUDTOURS","description":"Donn\u00e9es, informations","robots":{"index":"noindex","follow":"nofollow"},"og_locale":"fr_FR","og_type":"article","og_title":"Sites touristiques | BUDTOURS","og_description":"Donn\u00e9es, informations","og_url":"https:\/\/budtours.hu\/fr\/sites-touristiques\/","og_site_name":"BUDTOURS","article_modified_time":"2025-12-05T10:32:39+00:00","og_image":[{"width":1429,"height":756,"url":"https:\/\/budtours.hu\/wp-content\/uploads\/2023\/07\/bt-ua5.png","type":"image\/png"}],"twitter_card":"summary_large_image","twitter_misc":{"Dur\u00e9e de lecture estim\u00e9e":"2 minutes"},"schema":{"@context":"https:\/\/schema.org","@graph":[{"@type":"WebPage","@id":"https:\/\/budtours.hu\/fr\/sites-touristiques\/","url":"https:\/\/budtours.hu\/fr\/sites-touristiques\/","name":"Sites touristiques | BUDTOURS","isPartOf":{"@id":"https:\/\/budtours.hu\/fr\/#website"},"datePublished":"2024-04-19T11:15:40+00:00","dateModified":"2025-12-05T10:32:39+00:00","description":"Donn\u00e9es, informations","breadcrumb":{"@id":"https:\/\/budtours.hu\/fr\/sites-touristiques\/#breadcrumb"},"inLanguage":"fr-FR","potentialAction":[{"@type":"ReadAction","target":["https:\/\/budtours.hu\/fr\/sites-touristiques\/"]}]},{"@type":"BreadcrumbList","@id":"https:\/\/budtours.hu\/fr\/sites-touristiques\/#breadcrumb","itemListElement":[{"@type":"ListItem","position":1,"name":"Kezd\u0151lap","item":"https:\/\/budtours.hu\/fr\/"},{"@type":"ListItem","position":2,"name":"Sites touristiques"}]},{"@type":"WebSite","@id":"https:\/\/budtours.hu\/fr\/#website","url":"https:\/\/budtours.hu\/fr\/","name":"BUDTOURS","description":"Special Adventure","publisher":{"@id":"https:\/\/budtours.hu\/fr\/#organization"},"potentialAction":[{"@type":"SearchAction","target":{"@type":"EntryPoint","urlTemplate":"https:\/\/budtours.hu\/fr\/?s={search_term_string}"},"query-input":{"@type":"PropertyValueSpecification","valueRequired":true,"valueName":"search_term_string"}}],"inLanguage":"fr-FR"},{"@type":"Organization","@id":"https:\/\/budtours.hu\/fr\/#organization","name":"BUDTOURS","url":"https:\/\/budtours.hu\/fr\/","logo":{"@type":"ImageObject","inLanguage":"fr-FR","@id":"https:\/\/budtours.hu\/fr\/#\/schema\/logo\/image\/","url":"https:\/\/budtours.hu\/wp-content\/uploads\/2023\/08\/BT-logo.png","contentUrl":"https:\/\/budtours.hu\/wp-content\/uploads\/2023\/08\/BT-logo.png","width":600,"height":600,"caption":"BUDTOURS"},"image":{"@id":"https:\/\/budtours.hu\/fr\/#\/schema\/logo\/image\/"}}]}},"_links":{"self":[{"href":"https:\/\/budtours.hu\/fr\/wp-json\/wp\/v2\/pages\/4037","targetHints":{"allow":["GET"]}}],"collection":[{"href":"https:\/\/budtours.hu\/fr\/wp-json\/wp\/v2\/pages"}],"about":[{"href":"https:\/\/budtours.hu\/fr\/wp-json\/wp\/v2\/types\/page"}],"author":[{"embeddable":true,"href":"https:\/\/budtours.hu\/fr\/wp-json\/wp\/v2\/users\/1"}],"replies":[{"embeddable":true,"href":"https:\/\/budtours.hu\/fr\/wp-json\/wp\/v2\/comments?post=4037"}],"version-history":[{"count":5,"href":"https:\/\/budtours.hu\/fr\/wp-json\/wp\/v2\/pages\/4037\/revisions"}],"predecessor-version":[{"id":4527,"href":"https:\/\/budtours.hu\/fr\/wp-json\/wp\/v2\/pages\/4037\/revisions\/4527"}],"wp:attachment":[{"href":"https:\/\/budtours.hu\/fr\/wp-json\/wp\/v2\/media?parent=4037"}],"curies":[{"name":"wp","href":"https:\/\/api.w.org\/{rel}","templated":true}]}}