{"id":4005,"date":"2023-07-18T14:55:11","date_gmt":"2023-07-18T14:55:11","guid":{"rendered":"https:\/\/budtours.hu\/reserva-ahora\/"},"modified":"2025-12-01T12:16:36","modified_gmt":"2025-12-01T12:16:36","slug":"reservez-des-maintenant","status":"publish","type":"page","link":"https:\/\/budtours.hu\/fr\/reservez-des-maintenant\/","title":{"rendered":"R\u00e9servez d\u00e8s maintenant"},"content":{"rendered":"<section class=\"l-section wpb_row height_large\"><div class=\"l-section-h i-cf\"><div class=\"g-cols vc_row via_grid cols_1 laptops-cols_inherit tablets-cols_inherit mobiles-cols_1 valign_top type_default stacking_default\"><div class=\"wpb_column vc_column_container\"><div class=\"vc_column-inner\"><div class=\"wpb_text_column\"><div class=\"wpb_wrapper\"><h2>Historique des trajets. Ressentez la puissance<\/h2>\n<\/div><\/div><div class=\"wpb_text_column us_custom_f8ac945f\"><div class=\"wpb_wrapper\"><h4>Choisissez votre visite guid\u00e9e de Budapest !<\/h4>\n<\/div><\/div><div class=\"wpb_text_column\"><div class=\"wpb_wrapper\"><p>D\u00e9couvrez la beaut\u00e9 de Budapest gr\u00e2ce \u00e0 nos circuits priv\u00e9s en Jeep, con\u00e7us pour vous offrir une exp\u00e9rience touristique unique, aventureuse et personnalis\u00e9e. Choisissez parmi nos options de circuits passionnants et trouvez l&rsquo;aventure parfaite qui correspond \u00e0 votre style !<\/p>\n<\/div><\/div><div class=\"w-separator size_medium\"><\/div><div class=\"w-grid us_grid type_grid layout_682 cols_3 preload_style_spinner\" id=\"us_grid_1\" style=\"--columns:3;--gap:1.5rem;\" data-filterable=\"true\"><style>@media (max-width:1024px){#us_grid_1{--columns:2!important}}@media (max-width:600px){#us_grid_1{--columns:1!important}}.layout_682 .w-grid-item-h{}.layout_682 .usg_post_title_1{transition-duration:0.3s;transform-origin:50% 50%;transform:scale(1) translate(0%,0%)}.layout_682 .w-grid-item-h:focus-within .usg_post_title_1,.layout_682 .w-grid-item-h:hover .usg_post_title_1{transform:scale(1) translate(0%,0%);opacity:1;color:var(--color-content-heading)!important}.layout_682 .usg_vwrapper_1{transition-duration:0.3s;transform-origin:50% 50%;transform:scale(1) translate(0%,0%)}.layout_682 .w-grid-item-h:focus-within .usg_vwrapper_1,.layout_682 .w-grid-item-h:hover .usg_vwrapper_1{transform:scale(1) translate(0%,-10px);opacity:1;background:var(--color-header-middle-bg)!important}.layout_682 .usg_post_image_1{margin-bottom:1rem!important}.layout_682 .usg_post_title_1{font-size:calc( 10px + 1vmax );!important;line-height:1.2!important;margin-bottom:0.5rem!important}.layout_682 .usg_btn_1{margin-top:1.5rem!important}.layout_682 .usg_vwrapper_1{border-radius:10px!important;padding:40px!important;margin:10px 0px 0px 0px!important;border:1px solid var(--color-content-border)!important}@media (min-width:1025px) and (max-width:1280px){.layout_682 .usg_vwrapper_1{padding:40px!important;margin:10px 0px 0px 0px!important}}@media (min-width:601px) and (max-width:1024px){.layout_682 .usg_vwrapper_1{padding:40px!important;margin:10px 0px 0px 0px!important}}@media (max-width:600px){.layout_682 .usg_vwrapper_1{padding:40px!important;margin:10px 0px 0px 0px!important}}<\/style><div class=\"w-grid-list\">\t<article class=\"w-grid-item size_1x1 post-4008 us_portfolio type-us_portfolio status-publish has-post-thumbnail hentry us_portfolio_category-turautvonalak-budapest\" data-id=\"4008\">\r\n\t\t<div class=\"w-grid-item-h\">\r\n\t\t\t\t\t\t<div class=\"w-vwrapper usg_vwrapper_1 align_none valign_top\" style=\"--vwrapper-gap:0.4rem\"><div class=\"w-post-elm post_image usg_post_image_1 has_ratio\"><a href=\"https:\/\/budtours.hu\/fr\/turautvonalak\/visites-guidees-express-de-budapest\/\" aria-label=\"Visites guid\u00e9es express de Budapest\"><img decoding=\"async\" width=\"1024\" height=\"680\" src=\"https:\/\/budtours.hu\/wp-content\/uploads\/2025\/08\/MG_1984_web-1024x680.jpg\" class=\"attachment-large size-large wp-post-image\" alt=\"\" \/><\/a><div style=\"padding-bottom:100%\"><\/div><\/div><h3 class=\"w-post-elm post_title usg_post_title_1 entry-title color_link_inherit\"><a href=\"https:\/\/budtours.hu\/fr\/turautvonalak\/visites-guidees-express-de-budapest\/\">Visites guid\u00e9es express de Budapest<\/a><\/h3><div class=\"w-post-elm post_custom_field usg_post_custom_field_1 type_text price color_link_inherit\"><span class=\"w-post-elm-value\">190 EUR\/ groupe<\/span><\/div><a class=\"w-btn us-btn-style_2 usg_btn_1\" href=\"https:\/\/budtours.hu\/fr\/turautvonalak\/visites-guidees-express-de-budapest\/\"><span class=\"w-btn-label\">D\u00e9tails<\/span><\/a><\/div>\t\t<\/div>\r\n\t\t\t<\/article>\r\n\t<article class=\"w-grid-item size_1x1 post-4016 us_portfolio type-us_portfolio status-publish has-post-thumbnail hentry us_portfolio_category-turautvonalak-budapest\" data-id=\"4016\">\r\n\t\t<div class=\"w-grid-item-h\">\r\n\t\t\t\t\t\t<div class=\"w-vwrapper usg_vwrapper_1 align_none valign_top\" style=\"--vwrapper-gap:0.4rem\"><div class=\"w-post-elm post_custom_field usg_post_custom_field_2 popular-badge type_text most_popular color_link_inherit\"><span class=\"w-post-elm-value\">Le plus populaire !<\/span><\/div><div class=\"w-post-elm post_image usg_post_image_1 has_ratio\"><a href=\"https:\/\/budtours.hu\/fr\/turautvonalak\/visite-classique-de-budapest\/\" aria-label=\"Visite classique de Budapest\"><img decoding=\"async\" width=\"1024\" height=\"683\" src=\"https:\/\/budtours.hu\/wp-content\/uploads\/2023\/07\/MG_4035-1024x683.jpg\" class=\"attachment-large size-large wp-post-image\" alt=\"\" \/><\/a><div style=\"padding-bottom:100%\"><\/div><\/div><h3 class=\"w-post-elm post_title usg_post_title_1 entry-title color_link_inherit\"><a href=\"https:\/\/budtours.hu\/fr\/turautvonalak\/visite-classique-de-budapest\/\">Visite classique de Budapest<\/a><\/h3><div class=\"w-post-elm post_custom_field usg_post_custom_field_1 type_text price color_link_inherit\"><span class=\"w-post-elm-value\">245 EUR \/ groupe<\/span><\/div><a class=\"w-btn us-btn-style_2 usg_btn_1\" href=\"https:\/\/budtours.hu\/fr\/turautvonalak\/visite-classique-de-budapest\/\"><span class=\"w-btn-label\">D\u00e9tails<\/span><\/a><\/div>\t\t<\/div>\r\n\t\t\t<\/article>\r\n\t<article class=\"w-grid-item size_1x1 post-4020 us_portfolio type-us_portfolio status-publish has-post-thumbnail hentry us_portfolio_category-turautvonalak-budapest\" data-id=\"4020\">\r\n\t\t<div class=\"w-grid-item-h\">\r\n\t\t\t\t\t\t<div class=\"w-vwrapper usg_vwrapper_1 align_none valign_top\" style=\"--vwrapper-gap:0.4rem\"><div class=\"w-post-elm post_image usg_post_image_1 has_ratio\"><a href=\"https:\/\/budtours.hu\/fr\/turautvonalak\/le-meilleur-de-budapest\/\" aria-label=\"Le meilleur de Budapest\"><img decoding=\"async\" width=\"1024\" height=\"683\" src=\"https:\/\/budtours.hu\/wp-content\/uploads\/2023\/08\/MG_4470-1024x683.jpg\" class=\"attachment-large size-large wp-post-image\" alt=\"\" \/><\/a><div style=\"padding-bottom:100%\"><\/div><\/div><h3 class=\"w-post-elm post_title usg_post_title_1 entry-title color_link_inherit\"><a href=\"https:\/\/budtours.hu\/fr\/turautvonalak\/le-meilleur-de-budapest\/\">Le meilleur de Budapest<\/a><\/h3><div class=\"w-post-elm post_custom_field usg_post_custom_field_1 type_text price color_link_inherit\"><span class=\"w-post-elm-value\">385 EUR \/ groupe<\/span><\/div><a class=\"w-btn us-btn-style_2 usg_btn_1\" href=\"https:\/\/budtours.hu\/fr\/turautvonalak\/le-meilleur-de-budapest\/\"><span class=\"w-btn-label\">D\u00e9tails<\/span><\/a><\/div>\t\t<\/div>\r\n\t\t\t<\/article>\r\n\t<article class=\"w-grid-item size_1x1 post-4026 us_portfolio type-us_portfolio status-publish has-post-thumbnail hentry us_portfolio_category-turautvonalak-budapest\" data-id=\"4026\">\r\n\t\t<div class=\"w-grid-item-h\">\r\n\t\t\t\t\t\t<div class=\"w-vwrapper usg_vwrapper_1 align_none valign_top\" style=\"--vwrapper-gap:0.4rem\"><div class=\"w-post-elm post_image usg_post_image_1 has_ratio\"><a href=\"https:\/\/budtours.hu\/fr\/turautvonalak\/visites-nocturnes-a-budapest\/\" aria-label=\"Visites nocturnes \u00e0 Budapest\"><img decoding=\"async\" width=\"1024\" height=\"572\" src=\"https:\/\/budtours.hu\/wp-content\/uploads\/2023\/07\/img_222-1024x572.jpg\" class=\"attachment-large size-large wp-post-image\" alt=\"\" \/><\/a><div style=\"padding-bottom:100%\"><\/div><\/div><h3 class=\"w-post-elm post_title usg_post_title_1 entry-title color_link_inherit\"><a href=\"https:\/\/budtours.hu\/fr\/turautvonalak\/visites-nocturnes-a-budapest\/\">Visites nocturnes \u00e0 Budapest<\/a><\/h3><div class=\"w-post-elm post_custom_field usg_post_custom_field_1 type_text price color_link_inherit\"><span class=\"w-post-elm-value\">240 EUR \/ groupe<\/span><\/div><a class=\"w-btn us-btn-style_2 usg_btn_1\" href=\"https:\/\/budtours.hu\/fr\/turautvonalak\/visites-nocturnes-a-budapest\/\"><span class=\"w-btn-label\">D\u00e9tails<\/span><\/a><\/div>\t\t<\/div>\r\n\t\t\t<\/article>\r\n\t<article class=\"w-grid-item size_1x1 post-4032 us_portfolio type-us_portfolio status-publish has-post-thumbnail hentry us_portfolio_category-turautvonalak-budapest\" data-id=\"4032\">\r\n\t\t<div class=\"w-grid-item-h\">\r\n\t\t\t\t\t\t<div class=\"w-vwrapper usg_vwrapper_1 align_none valign_top\" style=\"--vwrapper-gap:0.4rem\"><div class=\"w-post-elm post_image usg_post_image_1 has_ratio\"><a href=\"https:\/\/budtours.hu\/fr\/turautvonalak\/evenement-special\/\" aria-label=\"\u00c9v\u00e9nement sp\u00e9cial\"><img decoding=\"async\" width=\"1024\" height=\"576\" src=\"https:\/\/budtours.hu\/wp-content\/uploads\/2025\/08\/MG_2303_web-1024x576.jpg\" class=\"attachment-large size-large wp-post-image\" alt=\"\" \/><\/a><div style=\"padding-bottom:100%\"><\/div><\/div><h3 class=\"w-post-elm post_title usg_post_title_1 entry-title color_link_inherit\"><a href=\"https:\/\/budtours.hu\/fr\/turautvonalak\/evenement-special\/\">\u00c9v\u00e9nement sp\u00e9cial<\/a><\/h3><div class=\"w-post-elm post_custom_field usg_post_custom_field_1 type_text price color_link_inherit\"><span class=\"w-post-elm-value\">Demandez notre offre.<\/span><\/div><a class=\"w-btn us-btn-style_2 usg_btn_1\" href=\"https:\/\/budtours.hu\/fr\/turautvonalak\/evenement-special\/\"><span class=\"w-btn-label\">D\u00e9tails<\/span><\/a><\/div>\t\t<\/div>\r\n\t\t\t<\/article>\r\n<\/div>\t<div class=\"w-grid-preloader\">\r\n\t\t<div class=\"g-preloader type_1\">\r\n\t\t\t<div><\/div>\r\n\t\t<\/div>\r\n\t<\/div>\r\n\t\t<div class=\"w-grid-json hidden\" onclick='return {&quot;action&quot;:&quot;us_ajax_grid&quot;,&quot;infinite_scroll&quot;:0,&quot;max_num_pages&quot;:1,&quot;pagination&quot;:&quot;none&quot;,&quot;template_vars&quot;:{&quot;columns&quot;:&quot;3&quot;,&quot;exclude_items&quot;:&quot;none&quot;,&quot;img_size&quot;:&quot;default&quot;,&quot;ignore_items_size&quot;:0,&quot;items_layout&quot;:&quot;682&quot;,&quot;items_offset&quot;:&quot;1&quot;,&quot;load_animation&quot;:&quot;none&quot;,&quot;overriding_link&quot;:&quot;{\\&quot;url\\&quot;:\\&quot;\\&quot;}&quot;,&quot;post_id&quot;:0,&quot;query_args&quot;:{&quot;post_type&quot;:[&quot;us_portfolio&quot;],&quot;post_status&quot;:[&quot;publish&quot;,&quot;complete&quot;,&quot;paid&quot;,&quot;confirmed&quot;,&quot;unpaid&quot;,&quot;pending-confirmation&quot;,&quot;cancelled&quot;],&quot;posts_per_page&quot;:&quot;10&quot;},&quot;orderby_query_args&quot;:{&quot;orderby&quot;:{&quot;date&quot;:&quot;ASC&quot;}},&quot;type&quot;:&quot;grid&quot;,&quot;us_grid_post_type&quot;:&quot;us_portfolio&quot;,&quot;us_grid_ajax_index&quot;:1,&quot;us_grid_filter_query_string&quot;:null,&quot;us_grid_index&quot;:1,&quot;page_args&quot;:[],&quot;lang&quot;:&quot;fr&quot;}}'><\/div>\r\n\t<\/div><\/div><\/div><\/div><\/div><\/section>\n","protected":false},"excerpt":{"rendered":"","protected":false},"author":1,"featured_media":0,"parent":0,"menu_order":0,"comment_status":"closed","ping_status":"closed","template":"","meta":{"footnotes":""},"class_list":["post-4005","page","type-page","status-publish","hentry"],"yoast_head":"<!-- This site is optimized with the Yoast SEO plugin v26.7 - https:\/\/yoast.com\/wordpress\/plugins\/seo\/ -->\n<title>R\u00e9servez d\u00e8s maintenant | BUDTOURS<\/title>\n<meta name=\"robots\" content=\"index, follow, max-snippet:-1, max-image-preview:large, max-video-preview:-1\" \/>\n<link rel=\"canonical\" href=\"https:\/\/budtours.hu\/fr\/reservez-des-maintenant\/\" \/>\n<meta property=\"og:locale\" content=\"fr_FR\" \/>\n<meta property=\"og:type\" content=\"article\" \/>\n<meta property=\"og:title\" content=\"R\u00e9servez d\u00e8s maintenant | BUDTOURS\" \/>\n<meta property=\"og:url\" content=\"https:\/\/budtours.hu\/fr\/reservez-des-maintenant\/\" \/>\n<meta property=\"og:site_name\" content=\"BUDTOURS\" \/>\n<meta property=\"article:modified_time\" content=\"2025-12-01T12:16:36+00:00\" \/>\n<meta property=\"og:image\" content=\"https:\/\/budtours.hu\/wp-content\/uploads\/2023\/07\/bt-ua5.png\" \/>\n\t<meta property=\"og:image:width\" content=\"1429\" \/>\n\t<meta property=\"og:image:height\" content=\"756\" \/>\n\t<meta property=\"og:image:type\" content=\"image\/png\" \/>\n<meta name=\"twitter:card\" content=\"summary_large_image\" \/>\n<meta name=\"twitter:label1\" content=\"Dur\u00e9e de lecture estim\u00e9e\" \/>\n\t<meta name=\"twitter:data1\" content=\"1 minute\" \/>\n<script type=\"application\/ld+json\" class=\"yoast-schema-graph\">{\"@context\":\"https:\/\/schema.org\",\"@graph\":[{\"@type\":\"WebPage\",\"@id\":\"https:\/\/budtours.hu\/fr\/reservez-des-maintenant\/\",\"url\":\"https:\/\/budtours.hu\/fr\/reservez-des-maintenant\/\",\"name\":\"R\u00e9servez d\u00e8s maintenant | BUDTOURS\",\"isPartOf\":{\"@id\":\"https:\/\/budtours.hu\/fr\/#website\"},\"datePublished\":\"2023-07-18T14:55:11+00:00\",\"dateModified\":\"2025-12-01T12:16:36+00:00\",\"breadcrumb\":{\"@id\":\"https:\/\/budtours.hu\/fr\/reservez-des-maintenant\/#breadcrumb\"},\"inLanguage\":\"fr-FR\",\"potentialAction\":[{\"@type\":\"ReadAction\",\"target\":[\"https:\/\/budtours.hu\/fr\/reservez-des-maintenant\/\"]}]},{\"@type\":\"BreadcrumbList\",\"@id\":\"https:\/\/budtours.hu\/fr\/reservez-des-maintenant\/#breadcrumb\",\"itemListElement\":[{\"@type\":\"ListItem\",\"position\":1,\"name\":\"Kezd\u0151lap\",\"item\":\"https:\/\/budtours.hu\/fr\/\"},{\"@type\":\"ListItem\",\"position\":2,\"name\":\"R\u00e9servez d\u00e8s maintenant\"}]},{\"@type\":\"WebSite\",\"@id\":\"https:\/\/budtours.hu\/fr\/#website\",\"url\":\"https:\/\/budtours.hu\/fr\/\",\"name\":\"BUDTOURS\",\"description\":\"Special Adventure\",\"publisher\":{\"@id\":\"https:\/\/budtours.hu\/fr\/#organization\"},\"potentialAction\":[{\"@type\":\"SearchAction\",\"target\":{\"@type\":\"EntryPoint\",\"urlTemplate\":\"https:\/\/budtours.hu\/fr\/?s={search_term_string}\"},\"query-input\":{\"@type\":\"PropertyValueSpecification\",\"valueRequired\":true,\"valueName\":\"search_term_string\"}}],\"inLanguage\":\"fr-FR\"},{\"@type\":\"Organization\",\"@id\":\"https:\/\/budtours.hu\/fr\/#organization\",\"name\":\"BUDTOURS\",\"url\":\"https:\/\/budtours.hu\/fr\/\",\"logo\":{\"@type\":\"ImageObject\",\"inLanguage\":\"fr-FR\",\"@id\":\"https:\/\/budtours.hu\/fr\/#\/schema\/logo\/image\/\",\"url\":\"https:\/\/budtours.hu\/wp-content\/uploads\/2023\/08\/BT-logo.png\",\"contentUrl\":\"https:\/\/budtours.hu\/wp-content\/uploads\/2023\/08\/BT-logo.png\",\"width\":600,\"height\":600,\"caption\":\"BUDTOURS\"},\"image\":{\"@id\":\"https:\/\/budtours.hu\/fr\/#\/schema\/logo\/image\/\"}}]}<\/script>\n<!-- \/ Yoast SEO plugin. -->","yoast_head_json":{"title":"R\u00e9servez d\u00e8s maintenant | BUDTOURS","robots":{"index":"index","follow":"follow","max-snippet":"max-snippet:-1","max-image-preview":"max-image-preview:large","max-video-preview":"max-video-preview:-1"},"canonical":"https:\/\/budtours.hu\/fr\/reservez-des-maintenant\/","og_locale":"fr_FR","og_type":"article","og_title":"R\u00e9servez d\u00e8s maintenant | BUDTOURS","og_url":"https:\/\/budtours.hu\/fr\/reservez-des-maintenant\/","og_site_name":"BUDTOURS","article_modified_time":"2025-12-01T12:16:36+00:00","og_image":[{"width":1429,"height":756,"url":"https:\/\/budtours.hu\/wp-content\/uploads\/2023\/07\/bt-ua5.png","type":"image\/png"}],"twitter_card":"summary_large_image","twitter_misc":{"Dur\u00e9e de lecture estim\u00e9e":"1 minute"},"schema":{"@context":"https:\/\/schema.org","@graph":[{"@type":"WebPage","@id":"https:\/\/budtours.hu\/fr\/reservez-des-maintenant\/","url":"https:\/\/budtours.hu\/fr\/reservez-des-maintenant\/","name":"R\u00e9servez d\u00e8s maintenant | BUDTOURS","isPartOf":{"@id":"https:\/\/budtours.hu\/fr\/#website"},"datePublished":"2023-07-18T14:55:11+00:00","dateModified":"2025-12-01T12:16:36+00:00","breadcrumb":{"@id":"https:\/\/budtours.hu\/fr\/reservez-des-maintenant\/#breadcrumb"},"inLanguage":"fr-FR","potentialAction":[{"@type":"ReadAction","target":["https:\/\/budtours.hu\/fr\/reservez-des-maintenant\/"]}]},{"@type":"BreadcrumbList","@id":"https:\/\/budtours.hu\/fr\/reservez-des-maintenant\/#breadcrumb","itemListElement":[{"@type":"ListItem","position":1,"name":"Kezd\u0151lap","item":"https:\/\/budtours.hu\/fr\/"},{"@type":"ListItem","position":2,"name":"R\u00e9servez d\u00e8s maintenant"}]},{"@type":"WebSite","@id":"https:\/\/budtours.hu\/fr\/#website","url":"https:\/\/budtours.hu\/fr\/","name":"BUDTOURS","description":"Special Adventure","publisher":{"@id":"https:\/\/budtours.hu\/fr\/#organization"},"potentialAction":[{"@type":"SearchAction","target":{"@type":"EntryPoint","urlTemplate":"https:\/\/budtours.hu\/fr\/?s={search_term_string}"},"query-input":{"@type":"PropertyValueSpecification","valueRequired":true,"valueName":"search_term_string"}}],"inLanguage":"fr-FR"},{"@type":"Organization","@id":"https:\/\/budtours.hu\/fr\/#organization","name":"BUDTOURS","url":"https:\/\/budtours.hu\/fr\/","logo":{"@type":"ImageObject","inLanguage":"fr-FR","@id":"https:\/\/budtours.hu\/fr\/#\/schema\/logo\/image\/","url":"https:\/\/budtours.hu\/wp-content\/uploads\/2023\/08\/BT-logo.png","contentUrl":"https:\/\/budtours.hu\/wp-content\/uploads\/2023\/08\/BT-logo.png","width":600,"height":600,"caption":"BUDTOURS"},"image":{"@id":"https:\/\/budtours.hu\/fr\/#\/schema\/logo\/image\/"}}]}},"_links":{"self":[{"href":"https:\/\/budtours.hu\/fr\/wp-json\/wp\/v2\/pages\/4005","targetHints":{"allow":["GET"]}}],"collection":[{"href":"https:\/\/budtours.hu\/fr\/wp-json\/wp\/v2\/pages"}],"about":[{"href":"https:\/\/budtours.hu\/fr\/wp-json\/wp\/v2\/types\/page"}],"author":[{"embeddable":true,"href":"https:\/\/budtours.hu\/fr\/wp-json\/wp\/v2\/users\/1"}],"replies":[{"embeddable":true,"href":"https:\/\/budtours.hu\/fr\/wp-json\/wp\/v2\/comments?post=4005"}],"version-history":[{"count":2,"href":"https:\/\/budtours.hu\/fr\/wp-json\/wp\/v2\/pages\/4005\/revisions"}],"predecessor-version":[{"id":4007,"href":"https:\/\/budtours.hu\/fr\/wp-json\/wp\/v2\/pages\/4005\/revisions\/4007"}],"wp:attachment":[{"href":"https:\/\/budtours.hu\/fr\/wp-json\/wp\/v2\/media?parent=4005"}],"curies":[{"name":"wp","href":"https:\/\/api.w.org\/{rel}","templated":true}]}}