{"id":2915,"date":"2025-03-07T13:32:09","date_gmt":"2025-03-07T13:32:09","guid":{"rendered":"https:\/\/budtours.hu\/termek\/express-budapest-tours\/"},"modified":"2026-04-01T11:33:29","modified_gmt":"2026-04-01T11:33:29","slug":"express-budapest-tours-2","status":"publish","type":"product","link":"https:\/\/budtours.hu\/es\/termek\/express-budapest-tours-2\/","title":{"rendered":"Express Budapest Tours"},"content":{"rendered":"<p>Sz\u00e1mla:<\/p>\n<p>-Ha sz\u00e1ml\u00e1t vagy \u00e1f\u00e1s sz\u00e1ml\u00e1t k\u00e9r, k\u00e9rj\u00fck, v\u00e1lassza ki az al\u00e1bbi mez\u0151t, \u00e9s t\u00f6ltse ki az adatokat.<\/p>\n<p>&nbsp;<\/p>\n<p>Lemond\u00e1si szab\u00e1lyzat<\/p>\n<p>K\u00e9szp\u00e9nzes fizet\u00e9s: Ha a k\u00e9szp\u00e9nzes fizet\u00e9si m\u00f3dot v\u00e1lasztja, akkor 24 \u00f3r\u00e1val a fizet\u00e9s kezdete el\u0151tt lemondhatja a fizet\u00e9st.<\/p>\n<p>K\u00e9szp\u00e9nz (el\u0151legfizet\u00e9s 25%-ban. Ha 24 \u00f3r\u00e1n bel\u00fcl lemondja a t\u00far\u00e1t, elvesz\u00edti a foglal\u00f3 k\u00f6lts\u00e9g\u00e9t, de ha 24 \u00f3r\u00e1n bel\u00fcl lemondja a t\u00far\u00e1t, a foglal\u00f3 k\u00f6lts\u00e9g\u00e9t visszat\u00e9r\u00edtj\u00fck).<\/p>\n<p>Bankk\u00e1rty\u00e1s fizet\u00e9s (ha 3 napon bel\u00fcl lemondja a t\u00far\u00e1t, semmit sem kap vissza, ha 6 napon bel\u00fcl lemondja a t\u00far\u00e1t, csak az \u00e1r 50%-\u00e1t kapja vissza).<\/p>\n<p>Budapest Jeep t\u00fara b\u00fcntet\u00e9s n\u00e9lk\u00fcl. Ellenkez\u0151 esetben, ha 24 \u00f3r\u00e1n bel\u00fcl lemondja a t\u00far\u00e1t, elvesz\u00edti a foglal\u00f3t.<\/p>\n<p>&nbsp;<\/p>\n<p>Online fizet\u00e9s:<\/p>\n<p>24 \u00f3r\u00e1n bel\u00fcl a t\u00far\u00e1t k\u00f6vet\u0151en: Nem ker\u00fcl visszat\u00e9r\u00edt\u00e9sre.<br \/>\nA t\u00far\u00e1t k\u00f6vet\u0151 3 napon bel\u00fcl: 50%-os visszat\u00e9r\u00edt\u00e9st kap.<br \/>\nTeljes visszat\u00e9r\u00edt\u00e9s: Ha a sz\u00fcks\u00e9ges id\u0151n bel\u00fcl lemondja a t\u00far\u00e1t, vagy ha a t\u00fara a mi oldalunkon felmer\u00fcl\u0151 probl\u00e9m\u00e1k miatt elmarad.<\/p>\n","protected":false},"excerpt":{"rendered":"<p>Sz\u00e1mla: -Ha sz\u00e1ml\u00e1t vagy \u00e1f\u00e1s sz\u00e1ml\u00e1t k\u00e9r, k\u00e9rj\u00fck, v\u00e1lassza ki az al\u00e1bbi mez\u0151t, \u00e9s t\u00f6ltse ki az adatokat. &nbsp; Lemond\u00e1si szab\u00e1lyzat K\u00e9szp\u00e9nzes fizet\u00e9s: Ha a k\u00e9szp\u00e9nzes fizet\u00e9si m\u00f3dot v\u00e1lasztja, akkor 24 \u00f3r\u00e1val a fizet\u00e9s kezdete el\u0151tt lemondhatja a fizet\u00e9st. K\u00e9szp\u00e9nz (el\u0151legfizet\u00e9s 25%-ban. Ha 24 \u00f3r\u00e1n bel\u00fcl lemondja a t\u00far\u00e1t, elvesz\u00edti a foglal\u00f3 k\u00f6lts\u00e9g\u00e9t, de ha&#8230;<\/p>\n","protected":false},"featured_media":1532,"template":"","meta":[],"product_brand":[],"product_cat":[45],"product_tag":[],"class_list":{"0":"post-2915","1":"product","2":"type-product","3":"status-publish","4":"has-post-thumbnail","6":"product_cat-egyeb","8":"first","9":"instock","10":"virtual","11":"sold-individually","12":"purchasable","13":"product-type-booking"},"booking_location":"","booking_location_type":"","booking_duration":120,"booking_duration_unit":"minute","booking_buffer":0,"booking_cost":190,"booking_resources":[],"exclude_global_add_ons":false,"addons":[{"name":"Felv\u00e9teli pont","type":"custom_text","position":0,"required":true,"title_format":"label","default":"","description_enable":false,"description":"","placeholder_enable":false,"placeholder":"","display":"select","restrictions_type":"any_text","adjust_price":false,"price":"","price_type":"flat_fee","restrictions":false,"min":"0","max":"0","options":[],"id":1741770075},{"name":"T\u00fara Nyelve","type":"multiple_choice","position":1,"required":true,"title_format":"label","default":"","description_enable":false,"description":"","placeholder_enable":false,"placeholder":"","display":"select","restrictions_type":"any_text","adjust_price":false,"price":"","price_type":"flat_fee","restrictions":false,"min":"0","max":"0","options":[{"label":"English","price":"","price_type":"flat_fee","image":0,"visibility":true},{"label":"Spanish","price":"","price_type":"flat_fee","image":0,"visibility":true},{"label":"Deutsch","price":"","price_type":"flat_fee","image":0,"visibility":true},{"label":"Magyar","price":"","price_type":"flat_fee","image":0,"visibility":true},{"label":"Fran\u00e7ais","price":"","price_type":"flat_fee","image":0,"visibility":true},{"label":"Russian","price":"","price_type":"flat_fee","image":0,"visibility":true},{"label":"Chinese","price":"","price_type":"flat_fee","image":0,"visibility":true},{"label":"Portugese","price":"","price_type":"flat_fee","image":0,"visibility":true},{"label":"Swedish","price":"","price_type":"flat_fee","image":0,"visibility":true},{"label":"Norwegian","price":"","price_type":"flat_fee","image":0,"visibility":true},{"label":"Arabic","price":"","price_type":"flat_fee","image":0,"visibility":true},{"label":"Dutch","price":"","price_type":"flat_fee","image":0,"visibility":true}],"id":1741770076},{"name":"Tov\u00e1bbi inform\u00e1ci\u00f3k","type":"custom_textarea","position":2,"required":false,"title_format":"label","default":"","description_enable":false,"description":"","placeholder_enable":false,"placeholder":"","display":"select","restrictions_type":"any_text","adjust_price":false,"price":"","price_type":"flat_fee","restrictions":false,"min":"0","max":"0","options":[],"id":1741770077},{"name":"\u00c1ltal\u00e1nos Szerz\u0151d\u00e9si Felt\u00e9telek","type":"checkbox","position":3,"required":true,"title_format":"hide","default":"","description_enable":false,"description":"","placeholder_enable":false,"placeholder":"","display":"select","restrictions_type":"any_text","adjust_price":false,"price":"","price_type":"flat_fee","restrictions":false,"min":"0","max":"0","options":[{"label":"Elfogadom az \u00c1ltal\u00e1nos Szerz\u0151d\u00e9si Felt\u00e9teleket","price":"","price_type":"flat_fee","image":0,"visibility":true}],"id":1741770623}],"yoast_head":"<!-- This site is optimized with the Yoast SEO plugin v26.7 - https:\/\/yoast.com\/wordpress\/plugins\/seo\/ -->\n<title>Express Budapest Tours | BUDTOURS<\/title>\n<meta name=\"robots\" content=\"index, follow, max-snippet:-1, max-image-preview:large, max-video-preview:-1\" \/>\n<link rel=\"canonical\" href=\"https:\/\/budtours.hu\/es\/termek\/express-budapest-tours-2\/\" \/>\n<meta property=\"og:locale\" content=\"es_ES\" \/>\n<meta property=\"og:type\" content=\"article\" \/>\n<meta property=\"og:title\" content=\"Express Budapest Tours | BUDTOURS\" \/>\n<meta property=\"og:description\" content=\"Sz\u00e1mla: -Ha sz\u00e1ml\u00e1t vagy \u00e1f\u00e1s sz\u00e1ml\u00e1t k\u00e9r, k\u00e9rj\u00fck, v\u00e1lassza ki az al\u00e1bbi mez\u0151t, \u00e9s t\u00f6ltse ki az adatokat. &nbsp; Lemond\u00e1si szab\u00e1lyzat K\u00e9szp\u00e9nzes fizet\u00e9s: Ha a k\u00e9szp\u00e9nzes fizet\u00e9si m\u00f3dot v\u00e1lasztja, akkor 24 \u00f3r\u00e1val a fizet\u00e9s kezdete el\u0151tt lemondhatja a fizet\u00e9st. K\u00e9szp\u00e9nz (el\u0151legfizet\u00e9s 25%-ban. Ha 24 \u00f3r\u00e1n bel\u00fcl lemondja a t\u00far\u00e1t, elvesz\u00edti a foglal\u00f3 k\u00f6lts\u00e9g\u00e9t, de ha...\" \/>\n<meta property=\"og:url\" content=\"https:\/\/budtours.hu\/es\/termek\/express-budapest-tours-2\/\" \/>\n<meta property=\"og:site_name\" content=\"BUDTOURS\" \/>\n<meta property=\"article:modified_time\" content=\"2026-04-01T11:33:29+00:00\" \/>\n<meta property=\"og:image\" content=\"https:\/\/budtours.hu\/wp-content\/uploads\/2023\/07\/MG_4035.jpg\" \/>\n\t<meta property=\"og:image:width\" content=\"1200\" \/>\n\t<meta property=\"og:image:height\" content=\"800\" \/>\n\t<meta property=\"og:image:type\" content=\"image\/jpeg\" \/>\n<meta name=\"twitter:card\" content=\"summary_large_image\" \/>\n<meta name=\"twitter:label1\" content=\"Tiempo de lectura\" \/>\n\t<meta name=\"twitter:data1\" content=\"2 minutos\" \/>\n<script type=\"application\/ld+json\" class=\"yoast-schema-graph\">{\"@context\":\"https:\/\/schema.org\",\"@graph\":[{\"@type\":\"WebPage\",\"@id\":\"https:\/\/budtours.hu\/es\/termek\/express-budapest-tours-2\/\",\"url\":\"https:\/\/budtours.hu\/es\/termek\/express-budapest-tours-2\/\",\"name\":\"Express Budapest Tours | BUDTOURS\",\"isPartOf\":{\"@id\":\"https:\/\/budtours.hu\/es\/#website\"},\"primaryImageOfPage\":{\"@id\":\"https:\/\/budtours.hu\/es\/termek\/express-budapest-tours-2\/#primaryimage\"},\"image\":{\"@id\":\"https:\/\/budtours.hu\/es\/termek\/express-budapest-tours-2\/#primaryimage\"},\"thumbnailUrl\":\"https:\/\/budtours.hu\/wp-content\/uploads\/2023\/07\/MG_4035.jpg\",\"datePublished\":\"2025-03-07T13:32:09+00:00\",\"dateModified\":\"2026-04-01T11:33:29+00:00\",\"breadcrumb\":{\"@id\":\"https:\/\/budtours.hu\/es\/termek\/express-budapest-tours-2\/#breadcrumb\"},\"inLanguage\":\"es\",\"potentialAction\":[{\"@type\":\"ReadAction\",\"target\":[\"https:\/\/budtours.hu\/es\/termek\/express-budapest-tours-2\/\"]}]},{\"@type\":\"ImageObject\",\"inLanguage\":\"es\",\"@id\":\"https:\/\/budtours.hu\/es\/termek\/express-budapest-tours-2\/#primaryimage\",\"url\":\"https:\/\/budtours.hu\/wp-content\/uploads\/2023\/07\/MG_4035.jpg\",\"contentUrl\":\"https:\/\/budtours.hu\/wp-content\/uploads\/2023\/07\/MG_4035.jpg\",\"width\":1200,\"height\":800},{\"@type\":\"BreadcrumbList\",\"@id\":\"https:\/\/budtours.hu\/es\/termek\/express-budapest-tours-2\/#breadcrumb\",\"itemListElement\":[{\"@type\":\"ListItem\",\"position\":1,\"name\":\"Kezd\u0151lap\",\"item\":\"https:\/\/budtours.hu\/es\/\"},{\"@type\":\"ListItem\",\"position\":2,\"name\":\"Shop\",\"item\":\"https:\/\/budtours.hu\/uzlet\/\"},{\"@type\":\"ListItem\",\"position\":3,\"name\":\"Express Budapest Tours\"}]},{\"@type\":\"WebSite\",\"@id\":\"https:\/\/budtours.hu\/es\/#website\",\"url\":\"https:\/\/budtours.hu\/es\/\",\"name\":\"BUDTOURS\",\"description\":\"Special Adventure\",\"publisher\":{\"@id\":\"https:\/\/budtours.hu\/es\/#organization\"},\"potentialAction\":[{\"@type\":\"SearchAction\",\"target\":{\"@type\":\"EntryPoint\",\"urlTemplate\":\"https:\/\/budtours.hu\/es\/?s={search_term_string}\"},\"query-input\":{\"@type\":\"PropertyValueSpecification\",\"valueRequired\":true,\"valueName\":\"search_term_string\"}}],\"inLanguage\":\"es\"},{\"@type\":\"Organization\",\"@id\":\"https:\/\/budtours.hu\/es\/#organization\",\"name\":\"BUDTOURS\",\"url\":\"https:\/\/budtours.hu\/es\/\",\"logo\":{\"@type\":\"ImageObject\",\"inLanguage\":\"es\",\"@id\":\"https:\/\/budtours.hu\/es\/#\/schema\/logo\/image\/\",\"url\":\"https:\/\/budtours.hu\/wp-content\/uploads\/2023\/08\/BT-logo.png\",\"contentUrl\":\"https:\/\/budtours.hu\/wp-content\/uploads\/2023\/08\/BT-logo.png\",\"width\":600,\"height\":600,\"caption\":\"BUDTOURS\"},\"image\":{\"@id\":\"https:\/\/budtours.hu\/es\/#\/schema\/logo\/image\/\"}}]}<\/script>\n<!-- \/ Yoast SEO plugin. -->","yoast_head_json":{"title":"Express Budapest Tours | BUDTOURS","robots":{"index":"index","follow":"follow","max-snippet":"max-snippet:-1","max-image-preview":"max-image-preview:large","max-video-preview":"max-video-preview:-1"},"canonical":"https:\/\/budtours.hu\/es\/termek\/express-budapest-tours-2\/","og_locale":"es_ES","og_type":"article","og_title":"Express Budapest Tours | BUDTOURS","og_description":"Sz\u00e1mla: -Ha sz\u00e1ml\u00e1t vagy \u00e1f\u00e1s sz\u00e1ml\u00e1t k\u00e9r, k\u00e9rj\u00fck, v\u00e1lassza ki az al\u00e1bbi mez\u0151t, \u00e9s t\u00f6ltse ki az adatokat. &nbsp; Lemond\u00e1si szab\u00e1lyzat K\u00e9szp\u00e9nzes fizet\u00e9s: Ha a k\u00e9szp\u00e9nzes fizet\u00e9si m\u00f3dot v\u00e1lasztja, akkor 24 \u00f3r\u00e1val a fizet\u00e9s kezdete el\u0151tt lemondhatja a fizet\u00e9st. K\u00e9szp\u00e9nz (el\u0151legfizet\u00e9s 25%-ban. Ha 24 \u00f3r\u00e1n bel\u00fcl lemondja a t\u00far\u00e1t, elvesz\u00edti a foglal\u00f3 k\u00f6lts\u00e9g\u00e9t, de ha...","og_url":"https:\/\/budtours.hu\/es\/termek\/express-budapest-tours-2\/","og_site_name":"BUDTOURS","article_modified_time":"2026-04-01T11:33:29+00:00","og_image":[{"width":1200,"height":800,"url":"https:\/\/budtours.hu\/wp-content\/uploads\/2023\/07\/MG_4035.jpg","type":"image\/jpeg"}],"twitter_card":"summary_large_image","twitter_misc":{"Tiempo de lectura":"2 minutos"},"schema":{"@context":"https:\/\/schema.org","@graph":[{"@type":"WebPage","@id":"https:\/\/budtours.hu\/es\/termek\/express-budapest-tours-2\/","url":"https:\/\/budtours.hu\/es\/termek\/express-budapest-tours-2\/","name":"Express Budapest Tours | BUDTOURS","isPartOf":{"@id":"https:\/\/budtours.hu\/es\/#website"},"primaryImageOfPage":{"@id":"https:\/\/budtours.hu\/es\/termek\/express-budapest-tours-2\/#primaryimage"},"image":{"@id":"https:\/\/budtours.hu\/es\/termek\/express-budapest-tours-2\/#primaryimage"},"thumbnailUrl":"https:\/\/budtours.hu\/wp-content\/uploads\/2023\/07\/MG_4035.jpg","datePublished":"2025-03-07T13:32:09+00:00","dateModified":"2026-04-01T11:33:29+00:00","breadcrumb":{"@id":"https:\/\/budtours.hu\/es\/termek\/express-budapest-tours-2\/#breadcrumb"},"inLanguage":"es","potentialAction":[{"@type":"ReadAction","target":["https:\/\/budtours.hu\/es\/termek\/express-budapest-tours-2\/"]}]},{"@type":"ImageObject","inLanguage":"es","@id":"https:\/\/budtours.hu\/es\/termek\/express-budapest-tours-2\/#primaryimage","url":"https:\/\/budtours.hu\/wp-content\/uploads\/2023\/07\/MG_4035.jpg","contentUrl":"https:\/\/budtours.hu\/wp-content\/uploads\/2023\/07\/MG_4035.jpg","width":1200,"height":800},{"@type":"BreadcrumbList","@id":"https:\/\/budtours.hu\/es\/termek\/express-budapest-tours-2\/#breadcrumb","itemListElement":[{"@type":"ListItem","position":1,"name":"Kezd\u0151lap","item":"https:\/\/budtours.hu\/es\/"},{"@type":"ListItem","position":2,"name":"Shop","item":"https:\/\/budtours.hu\/uzlet\/"},{"@type":"ListItem","position":3,"name":"Express Budapest Tours"}]},{"@type":"WebSite","@id":"https:\/\/budtours.hu\/es\/#website","url":"https:\/\/budtours.hu\/es\/","name":"BUDTOURS","description":"Special Adventure","publisher":{"@id":"https:\/\/budtours.hu\/es\/#organization"},"potentialAction":[{"@type":"SearchAction","target":{"@type":"EntryPoint","urlTemplate":"https:\/\/budtours.hu\/es\/?s={search_term_string}"},"query-input":{"@type":"PropertyValueSpecification","valueRequired":true,"valueName":"search_term_string"}}],"inLanguage":"es"},{"@type":"Organization","@id":"https:\/\/budtours.hu\/es\/#organization","name":"BUDTOURS","url":"https:\/\/budtours.hu\/es\/","logo":{"@type":"ImageObject","inLanguage":"es","@id":"https:\/\/budtours.hu\/es\/#\/schema\/logo\/image\/","url":"https:\/\/budtours.hu\/wp-content\/uploads\/2023\/08\/BT-logo.png","contentUrl":"https:\/\/budtours.hu\/wp-content\/uploads\/2023\/08\/BT-logo.png","width":600,"height":600,"caption":"BUDTOURS"},"image":{"@id":"https:\/\/budtours.hu\/es\/#\/schema\/logo\/image\/"}}]}},"_links":{"self":[{"href":"https:\/\/budtours.hu\/es\/wp-json\/wp\/v2\/product\/2915","targetHints":{"allow":["GET"]}}],"collection":[{"href":"https:\/\/budtours.hu\/es\/wp-json\/wp\/v2\/product"}],"about":[{"href":"https:\/\/budtours.hu\/es\/wp-json\/wp\/v2\/types\/product"}],"wp:featuredmedia":[{"embeddable":true,"href":"https:\/\/budtours.hu\/es\/wp-json\/wp\/v2\/media\/1532"}],"wp:attachment":[{"href":"https:\/\/budtours.hu\/es\/wp-json\/wp\/v2\/media?parent=2915"}],"wp:term":[{"taxonomy":"product_brand","embeddable":true,"href":"https:\/\/budtours.hu\/es\/wp-json\/wp\/v2\/product_brand?post=2915"},{"taxonomy":"product_cat","embeddable":true,"href":"https:\/\/budtours.hu\/es\/wp-json\/wp\/v2\/product_cat?post=2915"},{"taxonomy":"product_tag","embeddable":true,"href":"https:\/\/budtours.hu\/es\/wp-json\/wp\/v2\/product_tag?post=2915"}],"curies":[{"name":"wp","href":"https:\/\/api.w.org\/{rel}","templated":true}]}}