{"id":3681,"date":"2024-04-19T11:15:40","date_gmt":"2024-04-19T11:15:40","guid":{"rendered":"https:\/\/budtours.hu\/sights\/"},"modified":"2025-09-29T12:54:57","modified_gmt":"2025-09-29T12:54:57","slug":"lugares-de-interes","status":"publish","type":"page","link":"https:\/\/budtours.hu\/es\/lugares-de-interes\/","title":{"rendered":"Lugares de inter\u00e9s"},"content":{"rendered":"<section class=\"l-section wpb_row us_custom_e11ab399 height_large\"><div class=\"l-section-h i-cf\"><div class=\"g-cols vc_row via_grid cols_1 laptops-cols_inherit tablets-cols_inherit mobiles-cols_1 valign_top type_default stacking_default\"><div class=\"wpb_column vc_column_container\"><div class=\"vc_column-inner\"><h2 class=\"w-text\"><span class=\"w-text-h\"><span class=\"w-text-value\">Lugares de inter\u00e9s<\/span><\/span><\/h2><\/div><\/div><\/div><\/div><\/section><section class=\"l-section wpb_row height_large\"><div class=\"l-section-h i-cf\"><div class=\"g-cols vc_row via_grid cols_1 laptops-cols_inherit tablets-cols_inherit mobiles-cols_1 valign_top type_default stacking_default\"><div class=\"wpb_column vc_column_container\"><div class=\"vc_column-inner\"><div class=\"wpb_text_column\"><div class=\"wpb_wrapper\"><p>Mientras est\u00e9s en Budapest, aseg\u00farate de sumergirte en su rico patrimonio arquitect\u00f3nico y en sus impresionantes paisajes. Hay tanto por descubrir en Budapest, y no necesitas preocuparte por planear tu aventura tur\u00edstica. Simplemente d\u00e9jate llevar y disfruta de toda la belleza que esta ciudad tiene para ofrecer viajando con Budtours en un Jeep ruso cl\u00e1sico, que te llevar\u00e1 a todos los principales lugares de inter\u00e9s de Budapest adonde normalmente los grandes autobuses no llegan.<\/p>\n<p>Explora los monumentos m\u00e1s ic\u00f3nicos de Budapest, como el Bazar del Jard\u00edn del Castillo, los Ba\u00f1os Gell\u00e9rt, la Ciudadela y el Parlamento, en nuestro emocionante tour urbano en Jeep ruso cl\u00e1sico. Sum\u00e9rgete en la rica historia y vibrante cultura de la ciudad mientras recorres sus calles. \u00a1Echa un vistazo a nuestra galer\u00eda para conocer m\u00e1s sobre estos incre\u00edbles monumentos antes de que comience tu aventura!<\/p>\n<\/div><\/div><\/div><\/div><\/div><\/div><\/section><section class=\"l-section wpb_row us_custom_bd92604a height_large\" id=\"sights\"><div class=\"l-section-h i-cf\"><div class=\"g-cols vc_row via_grid cols_1 laptops-cols_inherit tablets-cols_inherit mobiles-cols_1 valign_top type_default stacking_default\"><div class=\"wpb_column vc_column_container\"><div class=\"vc_column-inner\"><div class=\"w-grid us_grid type_grid layout_2065 cols_2 pagination_ajax preload_style_spinner ratio_16x9\" id=\"us_grid_1\" style=\"--columns:2;--gap:1.5rem;--item-ratio:0.5625;\" data-filterable=\"true\"><style>@media (max-width:600px){#us_grid_1{--columns:1!important}}.layout_2065 .w-grid-item-h{}.layout_2065 .usg_post_image_1{transition-duration:0.3s;transform-origin:50% 50%;transform:scale(1) translate(0%,0%)}.layout_2065 .w-grid-item-h:focus-within .usg_post_image_1,.layout_2065 .w-grid-item-h:hover .usg_post_image_1{transform:scale(1.1) translate(0%,0%);opacity:1}.layout_2065 .usg_post_image_1{width:100%!important;height:100%!important;min-height:300px!important;position:absolute!important}.layout_2065 .usg_hwrapper_1{width:100%!important;height:100%!important;position:absolute!important;overflow:hidden!important}.layout_2065 .usg_vwrapper_3{width:100%!important;height:100%!important;padding:30px!important;background:linear-gradient(360deg,rgba(0,0,0,0.50),rgba(0,0,0,0.00))!important}.layout_2065 .usg_post_title_1{color:#ffffff!important}<\/style><div class=\"w-grid-list\">\t<article class=\"w-grid-item size_1x1 post-3688 post type-post status-publish format-standard has-post-thumbnail hentry category-latnivalok-es\" data-id=\"3688\">\r\n\t\t<div class=\"w-grid-item-h\">\r\n\t\t\t\t\t\t\t<a href=\"https:\/\/budtours.hu\/es\/parlamento\/\" class=\"w-grid-item-anchor\" aria-label=\"Parlamento\"><\/a>\r\n\t\t\t\t\t\t<div class=\"w-hwrapper usg_hwrapper_1 align_none valign_top\" style=\"--hwrapper-gap:0rem\"><div class=\"w-vwrapper usg_vwrapper_3 align_none valign_bottom\"><h5 class=\"w-post-elm post_title usg_post_title_1 has_text_color align_left entry-title color_link_inherit\">Parlamento<\/h5><\/div><div class=\"w-post-elm post_image usg_post_image_1 has_width has_height stretched\"><img decoding=\"async\" width=\"1024\" height=\"576\" src=\"https:\/\/budtours.hu\/wp-content\/uploads\/2024\/04\/pexels-nicola-s-perondi-104802-3954641-1024x576.jpg\" class=\"attachment-large size-large wp-post-image\" alt=\"\" srcset=\"https:\/\/budtours.hu\/wp-content\/uploads\/2024\/04\/pexels-nicola-s-perondi-104802-3954641-1024x576.jpg 1024w, https:\/\/budtours.hu\/wp-content\/uploads\/2024\/04\/pexels-nicola-s-perondi-104802-3954641-600x338.jpg 600w, https:\/\/budtours.hu\/wp-content\/uploads\/2024\/04\/pexels-nicola-s-perondi-104802-3954641-300x169.jpg 300w, https:\/\/budtours.hu\/wp-content\/uploads\/2024\/04\/pexels-nicola-s-perondi-104802-3954641.jpg 1920w\" sizes=\"(max-width: 1024px) 100vw, 1024px\" \/><\/div><\/div>\t\t<\/div>\r\n\t\t\t<\/article>\r\n\t<article class=\"w-grid-item size_1x1 post-3692 post type-post status-publish format-standard has-post-thumbnail hentry category-latnivalok-es\" data-id=\"3692\">\r\n\t\t<div class=\"w-grid-item-h\">\r\n\t\t\t\t\t\t\t<a href=\"https:\/\/budtours.hu\/es\/puente-de-las-cadenas\/\" class=\"w-grid-item-anchor\" aria-label=\"Puente de las Cadenas\"><\/a>\r\n\t\t\t\t\t\t<div class=\"w-hwrapper usg_hwrapper_1 align_none valign_top\" style=\"--hwrapper-gap:0rem\"><div class=\"w-vwrapper usg_vwrapper_3 align_none valign_bottom\"><h5 class=\"w-post-elm post_title usg_post_title_1 has_text_color align_left entry-title color_link_inherit\">Puente de las Cadenas<\/h5><\/div><div class=\"w-post-elm post_image usg_post_image_1 has_width has_height stretched\"><img decoding=\"async\" width=\"1024\" height=\"682\" src=\"https:\/\/budtours.hu\/wp-content\/uploads\/2024\/04\/pexels-robby-der-berliner-693956-5546458-1024x682.jpg\" class=\"attachment-large size-large wp-post-image\" alt=\"\" srcset=\"https:\/\/budtours.hu\/wp-content\/uploads\/2024\/04\/pexels-robby-der-berliner-693956-5546458-1024x682.jpg 1024w, https:\/\/budtours.hu\/wp-content\/uploads\/2024\/04\/pexels-robby-der-berliner-693956-5546458-600x400.jpg 600w, https:\/\/budtours.hu\/wp-content\/uploads\/2024\/04\/pexels-robby-der-berliner-693956-5546458-300x200.jpg 300w, https:\/\/budtours.hu\/wp-content\/uploads\/2024\/04\/pexels-robby-der-berliner-693956-5546458.jpg 1920w\" sizes=\"(max-width: 1024px) 100vw, 1024px\" \/><\/div><\/div>\t\t<\/div>\r\n\t\t\t<\/article>\r\n\t<article class=\"w-grid-item size_1x1 post-3696 post type-post status-publish format-standard has-post-thumbnail hentry category-latnivalok-es\" data-id=\"3696\">\r\n\t\t<div class=\"w-grid-item-h\">\r\n\t\t\t\t\t\t\t<a href=\"https:\/\/budtours.hu\/es\/castillo-de-buda\/\" class=\"w-grid-item-anchor\" aria-label=\"Castillo de Buda\"><\/a>\r\n\t\t\t\t\t\t<div class=\"w-hwrapper usg_hwrapper_1 align_none valign_top\" style=\"--hwrapper-gap:0rem\"><div class=\"w-vwrapper usg_vwrapper_3 align_none valign_bottom\"><h5 class=\"w-post-elm post_title usg_post_title_1 has_text_color align_left entry-title color_link_inherit\">Castillo de Buda<\/h5><\/div><div class=\"w-post-elm post_image usg_post_image_1 has_width has_height stretched\"><img decoding=\"async\" width=\"1024\" height=\"683\" src=\"https:\/\/budtours.hu\/wp-content\/uploads\/2024\/04\/budai-var-1024x683.jpg\" class=\"attachment-large size-large wp-post-image\" alt=\"\" srcset=\"https:\/\/budtours.hu\/wp-content\/uploads\/2024\/04\/budai-var-1024x683.jpg 1024w, https:\/\/budtours.hu\/wp-content\/uploads\/2024\/04\/budai-var-600x400.jpg 600w, https:\/\/budtours.hu\/wp-content\/uploads\/2024\/04\/budai-var-300x200.jpg 300w, https:\/\/budtours.hu\/wp-content\/uploads\/2024\/04\/budai-var.jpg 1920w\" sizes=\"(max-width: 1024px) 100vw, 1024px\" \/><\/div><\/div>\t\t<\/div>\r\n\t\t\t<\/article>\r\n\t<article class=\"w-grid-item size_1x1 post-3700 post type-post status-publish format-standard has-post-thumbnail hentry category-latnivalok-es\" data-id=\"3700\">\r\n\t\t<div class=\"w-grid-item-h\">\r\n\t\t\t\t\t\t\t<a href=\"https:\/\/budtours.hu\/es\/ciudadela\/\" class=\"w-grid-item-anchor\" aria-label=\"Ciudadela\"><\/a>\r\n\t\t\t\t\t\t<div class=\"w-hwrapper usg_hwrapper_1 align_none valign_top\" style=\"--hwrapper-gap:0rem\"><div class=\"w-vwrapper usg_vwrapper_3 align_none valign_bottom\"><h5 class=\"w-post-elm post_title usg_post_title_1 has_text_color align_left entry-title color_link_inherit\">Ciudadela<\/h5><\/div><div class=\"w-post-elm post_image usg_post_image_1 has_width has_height stretched\"><img decoding=\"async\" width=\"1024\" height=\"683\" src=\"https:\/\/budtours.hu\/wp-content\/uploads\/2024\/04\/citadella-1024x683.jpg\" class=\"attachment-large size-large wp-post-image\" alt=\"\" srcset=\"https:\/\/budtours.hu\/wp-content\/uploads\/2024\/04\/citadella-1024x683.jpg 1024w, https:\/\/budtours.hu\/wp-content\/uploads\/2024\/04\/citadella-600x400.jpg 600w, https:\/\/budtours.hu\/wp-content\/uploads\/2024\/04\/citadella-300x200.jpg 300w, https:\/\/budtours.hu\/wp-content\/uploads\/2024\/04\/citadella.jpg 1920w\" sizes=\"(max-width: 1024px) 100vw, 1024px\" \/><\/div><\/div>\t\t<\/div>\r\n\t\t\t<\/article>\r\n\t<article class=\"w-grid-item size_1x1 post-3704 post type-post status-publish format-standard has-post-thumbnail hentry category-latnivalok-es\" data-id=\"3704\">\r\n\t\t<div class=\"w-grid-item-h\">\r\n\t\t\t\t\t\t\t<a href=\"https:\/\/budtours.hu\/es\/basilica-de-san-esteban\/\" class=\"w-grid-item-anchor\" aria-label=\"Bas\u00edlica de San Esteban\"><\/a>\r\n\t\t\t\t\t\t<div class=\"w-hwrapper usg_hwrapper_1 align_none valign_top\" style=\"--hwrapper-gap:0rem\"><div class=\"w-vwrapper usg_vwrapper_3 align_none valign_bottom\"><h5 class=\"w-post-elm post_title usg_post_title_1 has_text_color align_left entry-title color_link_inherit\">Bas\u00edlica de San Esteban<\/h5><\/div><div class=\"w-post-elm post_image usg_post_image_1 has_width has_height stretched\"><img decoding=\"async\" width=\"1024\" height=\"812\" src=\"https:\/\/budtours.hu\/wp-content\/uploads\/2024\/04\/bazilika-1024x812.jpg\" class=\"attachment-large size-large wp-post-image\" alt=\"\" srcset=\"https:\/\/budtours.hu\/wp-content\/uploads\/2024\/04\/bazilika-1024x812.jpg 1024w, https:\/\/budtours.hu\/wp-content\/uploads\/2024\/04\/bazilika-600x476.jpg 600w, https:\/\/budtours.hu\/wp-content\/uploads\/2024\/04\/bazilika-300x238.jpg 300w, https:\/\/budtours.hu\/wp-content\/uploads\/2024\/04\/bazilika.jpg 1920w\" sizes=\"(max-width: 1024px) 100vw, 1024px\" \/><\/div><\/div>\t\t<\/div>\r\n\t\t\t<\/article>\r\n\t<article class=\"w-grid-item size_1x1 post-3708 post type-post status-publish format-standard has-post-thumbnail hentry category-latnivalok-es\" data-id=\"3708\">\r\n\t\t<div class=\"w-grid-item-h\">\r\n\t\t\t\t\t\t\t<a href=\"https:\/\/budtours.hu\/es\/plaza-de-los-heroes\/\" class=\"w-grid-item-anchor\" aria-label=\"Plaza de los H\u00e9roes\"><\/a>\r\n\t\t\t\t\t\t<div class=\"w-hwrapper usg_hwrapper_1 align_none valign_top\" style=\"--hwrapper-gap:0rem\"><div class=\"w-vwrapper usg_vwrapper_3 align_none valign_bottom\"><h5 class=\"w-post-elm post_title usg_post_title_1 has_text_color align_left entry-title color_link_inherit\">Plaza de los H\u00e9roes<\/h5><\/div><div class=\"w-post-elm post_image usg_post_image_1 has_width has_height stretched\"><img decoding=\"async\" width=\"1024\" height=\"683\" src=\"https:\/\/budtours.hu\/wp-content\/uploads\/2024\/04\/hosok-tere-1024x683.jpg\" class=\"attachment-large size-large wp-post-image\" alt=\"\" srcset=\"https:\/\/budtours.hu\/wp-content\/uploads\/2024\/04\/hosok-tere-1024x683.jpg 1024w, https:\/\/budtours.hu\/wp-content\/uploads\/2024\/04\/hosok-tere-600x400.jpg 600w, https:\/\/budtours.hu\/wp-content\/uploads\/2024\/04\/hosok-tere-300x200.jpg 300w, https:\/\/budtours.hu\/wp-content\/uploads\/2024\/04\/hosok-tere.jpg 1920w\" sizes=\"(max-width: 1024px) 100vw, 1024px\" \/><\/div><\/div>\t\t<\/div>\r\n\t\t\t<\/article>\r\n\t<article class=\"w-grid-item size_1x1 post-3712 post type-post status-publish format-standard has-post-thumbnail hentry category-latnivalok-es\" data-id=\"3712\">\r\n\t\t<div class=\"w-grid-item-h\">\r\n\t\t\t\t\t\t\t<a href=\"https:\/\/budtours.hu\/es\/opera-estatal-de-hungria\/\" class=\"w-grid-item-anchor\" aria-label=\"\u00d3pera Estatal de Hungr\u00eda\"><\/a>\r\n\t\t\t\t\t\t<div class=\"w-hwrapper usg_hwrapper_1 align_none valign_top\" style=\"--hwrapper-gap:0rem\"><div class=\"w-vwrapper usg_vwrapper_3 align_none valign_bottom\"><h5 class=\"w-post-elm post_title usg_post_title_1 has_text_color align_left entry-title color_link_inherit\">\u00d3pera Estatal de Hungr\u00eda<\/h5><\/div><div class=\"w-post-elm post_image usg_post_image_1 has_width has_height stretched\"><img decoding=\"async\" width=\"1024\" height=\"604\" src=\"https:\/\/budtours.hu\/wp-content\/uploads\/2025\/03\/opera-1024x604.jpg\" class=\"attachment-large size-large wp-post-image\" alt=\"\" srcset=\"https:\/\/budtours.hu\/wp-content\/uploads\/2025\/03\/opera-1024x604.jpg 1024w, https:\/\/budtours.hu\/wp-content\/uploads\/2025\/03\/opera-600x354.jpg 600w, https:\/\/budtours.hu\/wp-content\/uploads\/2025\/03\/opera-300x177.jpg 300w, https:\/\/budtours.hu\/wp-content\/uploads\/2025\/03\/opera.jpg 1200w\" sizes=\"(max-width: 1024px) 100vw, 1024px\" \/><\/div><\/div>\t\t<\/div>\r\n\t\t\t<\/article>\r\n\t<article class=\"w-grid-item size_1x1 post-3716 post type-post status-publish format-standard has-post-thumbnail hentry category-latnivalok-es\" data-id=\"3716\">\r\n\t\t<div class=\"w-grid-item-h\">\r\n\t\t\t\t\t\t\t<a href=\"https:\/\/budtours.hu\/es\/sinagoga-de-la-calle-dohany\/\" class=\"w-grid-item-anchor\" aria-label=\"Sinagoga de la Calle Doh\u00e1ny\"><\/a>\r\n\t\t\t\t\t\t<div class=\"w-hwrapper usg_hwrapper_1 align_none valign_top\" style=\"--hwrapper-gap:0rem\"><div class=\"w-vwrapper usg_vwrapper_3 align_none valign_bottom\"><h5 class=\"w-post-elm post_title usg_post_title_1 has_text_color align_left entry-title color_link_inherit\">Sinagoga de la Calle Doh\u00e1ny<\/h5><\/div><div class=\"w-post-elm post_image usg_post_image_1 has_width has_height stretched\"><img decoding=\"async\" width=\"1024\" height=\"512\" src=\"https:\/\/budtours.hu\/wp-content\/uploads\/2025\/03\/zsinagoga-1024x512.jpg\" class=\"attachment-large size-large wp-post-image\" alt=\"\" srcset=\"https:\/\/budtours.hu\/wp-content\/uploads\/2025\/03\/zsinagoga-1024x512.jpg 1024w, https:\/\/budtours.hu\/wp-content\/uploads\/2025\/03\/zsinagoga-600x300.jpg 600w, https:\/\/budtours.hu\/wp-content\/uploads\/2025\/03\/zsinagoga-300x150.jpg 300w, https:\/\/budtours.hu\/wp-content\/uploads\/2025\/03\/zsinagoga.jpg 1280w\" sizes=\"(max-width: 1024px) 100vw, 1024px\" \/><\/div><\/div>\t\t<\/div>\r\n\t\t\t<\/article>\r\n<\/div>\t<div class=\"w-grid-preloader\">\r\n\t\t<div class=\"g-preloader type_1\">\r\n\t\t\t<div><\/div>\r\n\t\t<\/div>\r\n\t<\/div>\r\n\t\t\t\t<div class=\"g-loadmore \">\r\n\t\t\t\t<div class=\"g-preloader type_1\">\r\n\t\t\t\t\t<div><\/div>\r\n\t\t\t\t<\/div>\r\n\t\t\t\t<button class=\"w-btn us-btn-style_2\">\r\n\t\t\t\t\t<span class=\"w-btn-label\">Cargar m\u00e1s<\/span>\r\n\t\t\t\t<\/button>\r\n\t\t\t<\/div>\r\n\t\t\t\t<div class=\"w-grid-json hidden\" onclick='return {&quot;action&quot;:&quot;us_ajax_grid&quot;,&quot;infinite_scroll&quot;:0,&quot;max_num_pages&quot;:2,&quot;pagination&quot;:&quot;ajax&quot;,&quot;template_vars&quot;:{&quot;columns&quot;:&quot;2&quot;,&quot;exclude_items&quot;:&quot;none&quot;,&quot;img_size&quot;:&quot;default&quot;,&quot;ignore_items_size&quot;:0,&quot;items_layout&quot;:&quot;2065&quot;,&quot;items_offset&quot;:&quot;1&quot;,&quot;load_animation&quot;:&quot;none&quot;,&quot;overriding_link&quot;:&quot;%7B%22type%22%3A%22post%22%7D&quot;,&quot;post_id&quot;:0,&quot;query_args&quot;:{&quot;post_type&quot;:[&quot;post&quot;],&quot;tax_query&quot;:[{&quot;taxonomy&quot;:&quot;category&quot;,&quot;field&quot;:&quot;slug&quot;,&quot;terms&quot;:[&quot;latnivalok&quot;]}],&quot;post_status&quot;:[&quot;publish&quot;,&quot;complete&quot;,&quot;paid&quot;,&quot;confirmed&quot;,&quot;unpaid&quot;,&quot;pending-confirmation&quot;,&quot;cancelled&quot;],&quot;posts_per_page&quot;:&quot;8&quot;},&quot;orderby_query_args&quot;:{&quot;orderby&quot;:{&quot;date&quot;:&quot;ASC&quot;}},&quot;type&quot;:&quot;grid&quot;,&quot;us_grid_post_type&quot;:&quot;post&quot;,&quot;us_grid_ajax_index&quot;:1,&quot;us_grid_filter_query_string&quot;:null,&quot;us_grid_index&quot;:1,&quot;page_args&quot;:[],&quot;lang&quot;:&quot;es&quot;}}'><\/div>\r\n\t<\/div><\/div><\/div><\/div><\/div><\/section><section class=\"l-section wpb_row height_large color_primary\"><div class=\"l-section-h i-cf\"><div class=\"g-cols vc_row via_grid cols_1 laptops-cols_inherit tablets-cols_inherit mobiles-cols_1 valign_top type_default stacking_default\"><div class=\"wpb_column vc_column_container\"><div class=\"vc_column-inner\"><h2 class=\"w-text us_custom_eb849559\"><span class=\"w-text-h\"><span class=\"w-text-value\">\u00a1Reserva ahora!<\/span><\/span><\/h2><div class=\"g-cols wpb_row via_grid cols_3 laptops-cols_inherit tablets-cols_inherit mobiles-cols_1 valign_top type_default stacking_default\" style=\"--columns-gap:3rem;\"><div class=\"wpb_column vc_column_container\"><div class=\"vc_column-inner\"><div class=\"w-btn-wrapper default_align_center laptops_align_right tablets_align_center mobiles_align_center\"><a class=\"w-btn us-btn-style_4 icon_atleft\" href=\"tel:+36301621009\"><i class=\"fas fa-phone-alt\"><\/i><span class=\"w-btn-label\">Llamar<\/span><\/a><\/div><\/div><\/div><div class=\"wpb_column vc_column_container\"><div class=\"vc_column-inner\"><div class=\"w-btn-wrapper default_align_center laptops_align_right tablets_align_center mobiles_align_center\"><a class=\"w-btn us-btn-style_4 icon_atleft\" title=\"Reservation\" href=\"https:\/\/budtours.hu\/es\/reserva-ahora\/\"><i class=\"fas fa-calendar-edit\"><\/i><span class=\"w-btn-label\">Reserva ahora<\/span><\/a><\/div><\/div><\/div><div class=\"wpb_column vc_column_container\"><div class=\"vc_column-inner\"><div class=\"w-btn-wrapper default_align_center laptops_align_right tablets_align_center mobiles_align_center\"><a class=\"w-btn us-btn-style_4 icon_atleft\" title=\"Reservation\" href=\"https:\/\/budtours.hu\/en\/contact\/\"><i class=\"fas fa-at\"><\/i><span class=\"w-btn-label\">Cont\u00e1ctenos<\/span><\/a><\/div><\/div><\/div><\/div><\/div><\/div><\/div><\/div><\/section>\n","protected":false},"excerpt":{"rendered":"Sinagoga de la Calle Doh\u00e1ny \u2013 La sinagoga m\u00e1s grande de Europa y el coraz\u00f3n del patrimonio jud\u00edo de Budapest La Sinagoga de la Calle Doh\u00e1ny, tambi\u00e9n conocida como la Gran Sinagoga de Budapest, es la m\u00e1s grande de Europa y una de las cinco m\u00e1s grandes del mundo. Esta impresionante obra maestra arquitect\u00f3nica es...","protected":false},"author":1,"featured_media":0,"parent":0,"menu_order":0,"comment_status":"closed","ping_status":"closed","template":"","meta":{"footnotes":""},"class_list":["post-3681","page","type-page","status-publish","hentry"],"yoast_head":"<!-- This site is optimized with the Yoast SEO plugin v26.7 - https:\/\/yoast.com\/wordpress\/plugins\/seo\/ -->\n<title>Lugares de inter\u00e9s | BUDTOURS<\/title>\n<meta name=\"description\" content=\"Adatok, t\u00e1j\u00e9koztat\u00e1s\" \/>\n<meta name=\"robots\" content=\"noindex, nofollow\" \/>\n<meta property=\"og:locale\" content=\"es_ES\" \/>\n<meta property=\"og:type\" content=\"article\" \/>\n<meta property=\"og:title\" content=\"Lugares de inter\u00e9s | BUDTOURS\" \/>\n<meta property=\"og:description\" content=\"Adatok, t\u00e1j\u00e9koztat\u00e1s\" \/>\n<meta property=\"og:url\" content=\"https:\/\/budtours.hu\/es\/lugares-de-interes\/\" \/>\n<meta property=\"og:site_name\" content=\"BUDTOURS\" \/>\n<meta property=\"article:modified_time\" content=\"2025-09-29T12:54:57+00:00\" \/>\n<meta property=\"og:image\" content=\"https:\/\/budtours.hu\/wp-content\/uploads\/2023\/07\/bt-ua5.png\" \/>\n\t<meta property=\"og:image:width\" content=\"1429\" \/>\n\t<meta property=\"og:image:height\" content=\"756\" \/>\n\t<meta property=\"og:image:type\" content=\"image\/png\" \/>\n<meta name=\"twitter:card\" content=\"summary_large_image\" \/>\n<meta name=\"twitter:label1\" content=\"Tiempo de lectura\" \/>\n\t<meta name=\"twitter:data1\" content=\"2 minutos\" \/>\n<script type=\"application\/ld+json\" class=\"yoast-schema-graph\">{\"@context\":\"https:\/\/schema.org\",\"@graph\":[{\"@type\":\"WebPage\",\"@id\":\"https:\/\/budtours.hu\/es\/lugares-de-interes\/\",\"url\":\"https:\/\/budtours.hu\/es\/lugares-de-interes\/\",\"name\":\"Lugares de inter\u00e9s | BUDTOURS\",\"isPartOf\":{\"@id\":\"https:\/\/budtours.hu\/es\/#website\"},\"datePublished\":\"2024-04-19T11:15:40+00:00\",\"dateModified\":\"2025-09-29T12:54:57+00:00\",\"description\":\"Adatok, t\u00e1j\u00e9koztat\u00e1s\",\"breadcrumb\":{\"@id\":\"https:\/\/budtours.hu\/es\/lugares-de-interes\/#breadcrumb\"},\"inLanguage\":\"es\",\"potentialAction\":[{\"@type\":\"ReadAction\",\"target\":[\"https:\/\/budtours.hu\/es\/lugares-de-interes\/\"]}]},{\"@type\":\"BreadcrumbList\",\"@id\":\"https:\/\/budtours.hu\/es\/lugares-de-interes\/#breadcrumb\",\"itemListElement\":[{\"@type\":\"ListItem\",\"position\":1,\"name\":\"Kezd\u0151lap\",\"item\":\"https:\/\/budtours.hu\/es\/\"},{\"@type\":\"ListItem\",\"position\":2,\"name\":\"Lugares de inter\u00e9s\"}]},{\"@type\":\"WebSite\",\"@id\":\"https:\/\/budtours.hu\/es\/#website\",\"url\":\"https:\/\/budtours.hu\/es\/\",\"name\":\"BUDTOURS\",\"description\":\"Special Adventure\",\"publisher\":{\"@id\":\"https:\/\/budtours.hu\/es\/#organization\"},\"potentialAction\":[{\"@type\":\"SearchAction\",\"target\":{\"@type\":\"EntryPoint\",\"urlTemplate\":\"https:\/\/budtours.hu\/es\/?s={search_term_string}\"},\"query-input\":{\"@type\":\"PropertyValueSpecification\",\"valueRequired\":true,\"valueName\":\"search_term_string\"}}],\"inLanguage\":\"es\"},{\"@type\":\"Organization\",\"@id\":\"https:\/\/budtours.hu\/es\/#organization\",\"name\":\"BUDTOURS\",\"url\":\"https:\/\/budtours.hu\/es\/\",\"logo\":{\"@type\":\"ImageObject\",\"inLanguage\":\"es\",\"@id\":\"https:\/\/budtours.hu\/es\/#\/schema\/logo\/image\/\",\"url\":\"https:\/\/budtours.hu\/wp-content\/uploads\/2023\/08\/BT-logo.png\",\"contentUrl\":\"https:\/\/budtours.hu\/wp-content\/uploads\/2023\/08\/BT-logo.png\",\"width\":600,\"height\":600,\"caption\":\"BUDTOURS\"},\"image\":{\"@id\":\"https:\/\/budtours.hu\/es\/#\/schema\/logo\/image\/\"}}]}<\/script>\n<!-- \/ Yoast SEO plugin. -->","yoast_head_json":{"title":"Lugares de inter\u00e9s | BUDTOURS","description":"Adatok, t\u00e1j\u00e9koztat\u00e1s","robots":{"index":"noindex","follow":"nofollow"},"og_locale":"es_ES","og_type":"article","og_title":"Lugares de inter\u00e9s | BUDTOURS","og_description":"Adatok, t\u00e1j\u00e9koztat\u00e1s","og_url":"https:\/\/budtours.hu\/es\/lugares-de-interes\/","og_site_name":"BUDTOURS","article_modified_time":"2025-09-29T12:54:57+00:00","og_image":[{"width":1429,"height":756,"url":"https:\/\/budtours.hu\/wp-content\/uploads\/2023\/07\/bt-ua5.png","type":"image\/png"}],"twitter_card":"summary_large_image","twitter_misc":{"Tiempo de lectura":"2 minutos"},"schema":{"@context":"https:\/\/schema.org","@graph":[{"@type":"WebPage","@id":"https:\/\/budtours.hu\/es\/lugares-de-interes\/","url":"https:\/\/budtours.hu\/es\/lugares-de-interes\/","name":"Lugares de inter\u00e9s | BUDTOURS","isPartOf":{"@id":"https:\/\/budtours.hu\/es\/#website"},"datePublished":"2024-04-19T11:15:40+00:00","dateModified":"2025-09-29T12:54:57+00:00","description":"Adatok, t\u00e1j\u00e9koztat\u00e1s","breadcrumb":{"@id":"https:\/\/budtours.hu\/es\/lugares-de-interes\/#breadcrumb"},"inLanguage":"es","potentialAction":[{"@type":"ReadAction","target":["https:\/\/budtours.hu\/es\/lugares-de-interes\/"]}]},{"@type":"BreadcrumbList","@id":"https:\/\/budtours.hu\/es\/lugares-de-interes\/#breadcrumb","itemListElement":[{"@type":"ListItem","position":1,"name":"Kezd\u0151lap","item":"https:\/\/budtours.hu\/es\/"},{"@type":"ListItem","position":2,"name":"Lugares de inter\u00e9s"}]},{"@type":"WebSite","@id":"https:\/\/budtours.hu\/es\/#website","url":"https:\/\/budtours.hu\/es\/","name":"BUDTOURS","description":"Special Adventure","publisher":{"@id":"https:\/\/budtours.hu\/es\/#organization"},"potentialAction":[{"@type":"SearchAction","target":{"@type":"EntryPoint","urlTemplate":"https:\/\/budtours.hu\/es\/?s={search_term_string}"},"query-input":{"@type":"PropertyValueSpecification","valueRequired":true,"valueName":"search_term_string"}}],"inLanguage":"es"},{"@type":"Organization","@id":"https:\/\/budtours.hu\/es\/#organization","name":"BUDTOURS","url":"https:\/\/budtours.hu\/es\/","logo":{"@type":"ImageObject","inLanguage":"es","@id":"https:\/\/budtours.hu\/es\/#\/schema\/logo\/image\/","url":"https:\/\/budtours.hu\/wp-content\/uploads\/2023\/08\/BT-logo.png","contentUrl":"https:\/\/budtours.hu\/wp-content\/uploads\/2023\/08\/BT-logo.png","width":600,"height":600,"caption":"BUDTOURS"},"image":{"@id":"https:\/\/budtours.hu\/es\/#\/schema\/logo\/image\/"}}]}},"_links":{"self":[{"href":"https:\/\/budtours.hu\/es\/wp-json\/wp\/v2\/pages\/3681","targetHints":{"allow":["GET"]}}],"collection":[{"href":"https:\/\/budtours.hu\/es\/wp-json\/wp\/v2\/pages"}],"about":[{"href":"https:\/\/budtours.hu\/es\/wp-json\/wp\/v2\/types\/page"}],"author":[{"embeddable":true,"href":"https:\/\/budtours.hu\/es\/wp-json\/wp\/v2\/users\/1"}],"replies":[{"embeddable":true,"href":"https:\/\/budtours.hu\/es\/wp-json\/wp\/v2\/comments?post=3681"}],"version-history":[{"count":2,"href":"https:\/\/budtours.hu\/es\/wp-json\/wp\/v2\/pages\/3681\/revisions"}],"predecessor-version":[{"id":3683,"href":"https:\/\/budtours.hu\/es\/wp-json\/wp\/v2\/pages\/3681\/revisions\/3683"}],"wp:attachment":[{"href":"https:\/\/budtours.hu\/es\/wp-json\/wp\/v2\/media?parent=3681"}],"curies":[{"name":"wp","href":"https:\/\/api.w.org\/{rel}","templated":true}]}}