{"id":2068,"date":"2024-04-19T11:15:40","date_gmt":"2024-04-19T11:15:40","guid":{"rendered":"https:\/\/budtours.hu\/latnivalok\/"},"modified":"2025-03-04T14:42:08","modified_gmt":"2025-03-04T14:42:08","slug":"sights","status":"publish","type":"page","link":"https:\/\/budtours.hu\/en\/sights\/","title":{"rendered":"Top Attractions"},"content":{"rendered":"<section class=\"l-section wpb_row us_custom_e11ab399 height_large\"><div class=\"l-section-h i-cf\"><div class=\"g-cols vc_row via_grid cols_1 laptops-cols_inherit tablets-cols_inherit mobiles-cols_1 valign_top type_default stacking_default\"><div class=\"wpb_column vc_column_container\"><div class=\"vc_column-inner\"><h2 class=\"w-text\"><span class=\"w-text-h\"><span class=\"w-text-value\">Sights<\/span><\/span><\/h2><\/div><\/div><\/div><\/div><\/section><section class=\"l-section wpb_row height_large\"><div class=\"l-section-h i-cf\"><div class=\"g-cols vc_row via_grid cols_1 laptops-cols_inherit tablets-cols_inherit mobiles-cols_1 valign_top type_default stacking_default\"><div class=\"wpb_column vc_column_container\"><div class=\"vc_column-inner\"><div class=\"wpb_text_column\"><div class=\"wpb_wrapper\"><p>While you&#8217;re in Budapest, make sure to immerse yourself in its rich architectural heritage and stunning landscapes. There&#8217;s so much to discover in Budapest, and you don&#8217;t need to worry about planning your sightseeing adventure. Just let yourself wander and take in all the beauty this city has to offer by Budtours\u00a0Classic Russian Jeep to take you to all the major Budapest sights where usually the big buses don\u2019t go!<\/p>\n<p>Explore the iconic sights of Budapest, including the Castle Garden Bazaar, Gell\u00e9rt Bath, Citadel, and Parlament, on our exciting Classic Russian Jeep city tour. Immerse yourself in the city&#8217;s rich history and vibrant culture as you travel around. Check out our gallery to learn more about these incredible landmarks before your adventure begins!<\/p>\n<\/div><\/div><\/div><\/div><\/div><\/div><\/section><section class=\"l-section wpb_row us_custom_bd92604a height_large\" id=\"sights\"><div class=\"l-section-h i-cf\"><div class=\"g-cols vc_row via_grid cols_1 laptops-cols_inherit tablets-cols_inherit mobiles-cols_1 valign_top type_default stacking_default\"><div class=\"wpb_column vc_column_container\"><div class=\"vc_column-inner\"><div class=\"w-grid us_grid type_grid layout_2065 cols_2 pagination_ajax preload_style_spinner ratio_16x9\" id=\"us_grid_1\" style=\"--columns:2;--gap:1.5rem;--item-ratio:0.5625;\" data-filterable=\"true\"><style>@media (max-width:600px){#us_grid_1{--columns:1!important}}.layout_2065 .w-grid-item-h{}.layout_2065 .usg_post_image_1{transition-duration:0.3s;transform-origin:50% 50%;transform:scale(1) translate(0%,0%)}.layout_2065 .w-grid-item-h:focus-within .usg_post_image_1,.layout_2065 .w-grid-item-h:hover .usg_post_image_1{transform:scale(1.1) translate(0%,0%);opacity:1}.layout_2065 .usg_post_image_1{width:100%!important;height:100%!important;min-height:300px!important;position:absolute!important}.layout_2065 .usg_hwrapper_1{width:100%!important;height:100%!important;position:absolute!important;overflow:hidden!important}.layout_2065 .usg_vwrapper_3{width:100%!important;height:100%!important;padding:30px!important;background:linear-gradient(360deg,rgba(0,0,0,0.50),rgba(0,0,0,0.00))!important}.layout_2065 .usg_post_title_1{color:#ffffff!important}<\/style><div class=\"w-grid-list\">\t<article class=\"w-grid-item size_1x1 post-2045 post type-post status-publish format-standard has-post-thumbnail hentry category-sights\" data-id=\"2045\">\r\n\t\t<div class=\"w-grid-item-h\">\r\n\t\t\t\t\t\t\t<a href=\"https:\/\/budtours.hu\/en\/parlament\/\" class=\"w-grid-item-anchor\" aria-label=\"Parliament\"><\/a>\r\n\t\t\t\t\t\t<div class=\"w-hwrapper usg_hwrapper_1 align_none valign_top\" style=\"--hwrapper-gap:0rem\"><div class=\"w-vwrapper usg_vwrapper_3 align_none valign_bottom\"><h5 class=\"w-post-elm post_title usg_post_title_1 has_text_color align_left entry-title color_link_inherit\">Parliament<\/h5><\/div><div class=\"w-post-elm post_image usg_post_image_1 has_width has_height stretched\"><img decoding=\"async\" width=\"1024\" height=\"576\" src=\"https:\/\/budtours.hu\/wp-content\/uploads\/2024\/04\/pexels-nicola-s-perondi-104802-3954641-1024x576.jpg\" class=\"attachment-large size-large wp-post-image\" alt=\"Parlament\" srcset=\"https:\/\/budtours.hu\/wp-content\/uploads\/2024\/04\/pexels-nicola-s-perondi-104802-3954641-1024x576.jpg 1024w, https:\/\/budtours.hu\/wp-content\/uploads\/2024\/04\/pexels-nicola-s-perondi-104802-3954641-600x338.jpg 600w, https:\/\/budtours.hu\/wp-content\/uploads\/2024\/04\/pexels-nicola-s-perondi-104802-3954641-300x169.jpg 300w, https:\/\/budtours.hu\/wp-content\/uploads\/2024\/04\/pexels-nicola-s-perondi-104802-3954641.jpg 1920w\" sizes=\"(max-width: 1024px) 100vw, 1024px\" \/><\/div><\/div>\t\t<\/div>\r\n\t\t\t<\/article>\r\n\t<article class=\"w-grid-item size_1x1 post-2043 post type-post status-publish format-standard has-post-thumbnail hentry category-sights\" data-id=\"2043\">\r\n\t\t<div class=\"w-grid-item-h\">\r\n\t\t\t\t\t\t\t<a href=\"https:\/\/budtours.hu\/en\/lanchid\/\" class=\"w-grid-item-anchor\" aria-label=\"Chain Bridge\"><\/a>\r\n\t\t\t\t\t\t<div class=\"w-hwrapper usg_hwrapper_1 align_none valign_top\" style=\"--hwrapper-gap:0rem\"><div class=\"w-vwrapper usg_vwrapper_3 align_none valign_bottom\"><h5 class=\"w-post-elm post_title usg_post_title_1 has_text_color align_left entry-title color_link_inherit\">Chain Bridge<\/h5><\/div><div class=\"w-post-elm post_image usg_post_image_1 has_width has_height stretched\"><img decoding=\"async\" width=\"1024\" height=\"682\" src=\"https:\/\/budtours.hu\/wp-content\/uploads\/2024\/04\/pexels-robby-der-berliner-693956-5546458-1024x682.jpg\" class=\"attachment-large size-large wp-post-image\" alt=\"L\u00e1nch\u00edd\" srcset=\"https:\/\/budtours.hu\/wp-content\/uploads\/2024\/04\/pexels-robby-der-berliner-693956-5546458-1024x682.jpg 1024w, https:\/\/budtours.hu\/wp-content\/uploads\/2024\/04\/pexels-robby-der-berliner-693956-5546458-600x400.jpg 600w, https:\/\/budtours.hu\/wp-content\/uploads\/2024\/04\/pexels-robby-der-berliner-693956-5546458-300x200.jpg 300w, https:\/\/budtours.hu\/wp-content\/uploads\/2024\/04\/pexels-robby-der-berliner-693956-5546458.jpg 1920w\" sizes=\"(max-width: 1024px) 100vw, 1024px\" \/><\/div><\/div>\t\t<\/div>\r\n\t\t\t<\/article>\r\n\t<article class=\"w-grid-item size_1x1 post-2041 post type-post status-publish format-standard has-post-thumbnail hentry category-sights\" data-id=\"2041\">\r\n\t\t<div class=\"w-grid-item-h\">\r\n\t\t\t\t\t\t\t<a href=\"https:\/\/budtours.hu\/en\/budai-var\/\" class=\"w-grid-item-anchor\" aria-label=\"Buda Castle\"><\/a>\r\n\t\t\t\t\t\t<div class=\"w-hwrapper usg_hwrapper_1 align_none valign_top\" style=\"--hwrapper-gap:0rem\"><div class=\"w-vwrapper usg_vwrapper_3 align_none valign_bottom\"><h5 class=\"w-post-elm post_title usg_post_title_1 has_text_color align_left entry-title color_link_inherit\">Buda Castle<\/h5><\/div><div class=\"w-post-elm post_image usg_post_image_1 has_width has_height stretched\"><img decoding=\"async\" width=\"1024\" height=\"683\" src=\"https:\/\/budtours.hu\/wp-content\/uploads\/2024\/04\/budai-var-1024x683.jpg\" class=\"attachment-large size-large wp-post-image\" alt=\"Budai v\u00e1r\" srcset=\"https:\/\/budtours.hu\/wp-content\/uploads\/2024\/04\/budai-var-1024x683.jpg 1024w, https:\/\/budtours.hu\/wp-content\/uploads\/2024\/04\/budai-var-600x400.jpg 600w, https:\/\/budtours.hu\/wp-content\/uploads\/2024\/04\/budai-var-300x200.jpg 300w, https:\/\/budtours.hu\/wp-content\/uploads\/2024\/04\/budai-var.jpg 1920w\" sizes=\"(max-width: 1024px) 100vw, 1024px\" \/><\/div><\/div>\t\t<\/div>\r\n\t\t\t<\/article>\r\n\t<article class=\"w-grid-item size_1x1 post-2039 post type-post status-publish format-standard has-post-thumbnail hentry category-sights\" data-id=\"2039\">\r\n\t\t<div class=\"w-grid-item-h\">\r\n\t\t\t\t\t\t\t<a href=\"https:\/\/budtours.hu\/en\/citadella\/\" class=\"w-grid-item-anchor\" aria-label=\"Citadella\"><\/a>\r\n\t\t\t\t\t\t<div class=\"w-hwrapper usg_hwrapper_1 align_none valign_top\" style=\"--hwrapper-gap:0rem\"><div class=\"w-vwrapper usg_vwrapper_3 align_none valign_bottom\"><h5 class=\"w-post-elm post_title usg_post_title_1 has_text_color align_left entry-title color_link_inherit\">Citadella<\/h5><\/div><div class=\"w-post-elm post_image usg_post_image_1 has_width has_height stretched\"><img decoding=\"async\" width=\"1024\" height=\"683\" src=\"https:\/\/budtours.hu\/wp-content\/uploads\/2024\/04\/citadella-1024x683.jpg\" class=\"attachment-large size-large wp-post-image\" alt=\"Citadella\" srcset=\"https:\/\/budtours.hu\/wp-content\/uploads\/2024\/04\/citadella-1024x683.jpg 1024w, https:\/\/budtours.hu\/wp-content\/uploads\/2024\/04\/citadella-600x400.jpg 600w, https:\/\/budtours.hu\/wp-content\/uploads\/2024\/04\/citadella-300x200.jpg 300w, https:\/\/budtours.hu\/wp-content\/uploads\/2024\/04\/citadella.jpg 1920w\" sizes=\"(max-width: 1024px) 100vw, 1024px\" \/><\/div><\/div>\t\t<\/div>\r\n\t\t\t<\/article>\r\n\t<article class=\"w-grid-item size_1x1 post-2037 post type-post status-publish format-standard has-post-thumbnail hentry category-sights\" data-id=\"2037\">\r\n\t\t<div class=\"w-grid-item-h\">\r\n\t\t\t\t\t\t\t<a href=\"https:\/\/budtours.hu\/en\/bazilika\/\" class=\"w-grid-item-anchor\" aria-label=\"St. Stephen&#8217;s Basilica\"><\/a>\r\n\t\t\t\t\t\t<div class=\"w-hwrapper usg_hwrapper_1 align_none valign_top\" style=\"--hwrapper-gap:0rem\"><div class=\"w-vwrapper usg_vwrapper_3 align_none valign_bottom\"><h5 class=\"w-post-elm post_title usg_post_title_1 has_text_color align_left entry-title color_link_inherit\">St. Stephen&#8217;s Basilica<\/h5><\/div><div class=\"w-post-elm post_image usg_post_image_1 has_width has_height stretched\"><img decoding=\"async\" width=\"1024\" height=\"812\" src=\"https:\/\/budtours.hu\/wp-content\/uploads\/2024\/04\/bazilika-1024x812.jpg\" class=\"attachment-large size-large wp-post-image\" alt=\"Szent Istv\u00e1n Bazilika\" srcset=\"https:\/\/budtours.hu\/wp-content\/uploads\/2024\/04\/bazilika-1024x812.jpg 1024w, https:\/\/budtours.hu\/wp-content\/uploads\/2024\/04\/bazilika-600x476.jpg 600w, https:\/\/budtours.hu\/wp-content\/uploads\/2024\/04\/bazilika-300x238.jpg 300w, https:\/\/budtours.hu\/wp-content\/uploads\/2024\/04\/bazilika.jpg 1920w\" sizes=\"(max-width: 1024px) 100vw, 1024px\" \/><\/div><\/div>\t\t<\/div>\r\n\t\t\t<\/article>\r\n\t<article class=\"w-grid-item size_1x1 post-2035 post type-post status-publish format-standard has-post-thumbnail hentry category-sights\" data-id=\"2035\">\r\n\t\t<div class=\"w-grid-item-h\">\r\n\t\t\t\t\t\t\t<a href=\"https:\/\/budtours.hu\/en\/hosok-tere\/\" class=\"w-grid-item-anchor\" aria-label=\"Heroes&#8217; Square\"><\/a>\r\n\t\t\t\t\t\t<div class=\"w-hwrapper usg_hwrapper_1 align_none valign_top\" style=\"--hwrapper-gap:0rem\"><div class=\"w-vwrapper usg_vwrapper_3 align_none valign_bottom\"><h5 class=\"w-post-elm post_title usg_post_title_1 has_text_color align_left entry-title color_link_inherit\">Heroes&#8217; Square<\/h5><\/div><div class=\"w-post-elm post_image usg_post_image_1 has_width has_height stretched\"><img decoding=\"async\" width=\"1024\" height=\"683\" src=\"https:\/\/budtours.hu\/wp-content\/uploads\/2024\/04\/hosok-tere-1024x683.jpg\" class=\"attachment-large size-large wp-post-image\" alt=\"H\u0151s\u00f6k tere\" srcset=\"https:\/\/budtours.hu\/wp-content\/uploads\/2024\/04\/hosok-tere-1024x683.jpg 1024w, https:\/\/budtours.hu\/wp-content\/uploads\/2024\/04\/hosok-tere-600x400.jpg 600w, https:\/\/budtours.hu\/wp-content\/uploads\/2024\/04\/hosok-tere-300x200.jpg 300w, https:\/\/budtours.hu\/wp-content\/uploads\/2024\/04\/hosok-tere.jpg 1920w\" sizes=\"(max-width: 1024px) 100vw, 1024px\" \/><\/div><\/div>\t\t<\/div>\r\n\t\t\t<\/article>\r\n\t<article class=\"w-grid-item size_1x1 post-2032 post type-post status-publish format-standard has-post-thumbnail hentry category-sights\" data-id=\"2032\">\r\n\t\t<div class=\"w-grid-item-h\">\r\n\t\t\t\t\t\t\t<a href=\"https:\/\/budtours.hu\/en\/operahaz\/\" class=\"w-grid-item-anchor\" aria-label=\"State Opera House\"><\/a>\r\n\t\t\t\t\t\t<div class=\"w-hwrapper usg_hwrapper_1 align_none valign_top\" style=\"--hwrapper-gap:0rem\"><div class=\"w-vwrapper usg_vwrapper_3 align_none valign_bottom\"><h5 class=\"w-post-elm post_title usg_post_title_1 has_text_color align_left entry-title color_link_inherit\">State Opera House<\/h5><\/div><div class=\"w-post-elm post_image usg_post_image_1 has_width has_height stretched\"><img decoding=\"async\" width=\"1024\" height=\"683\" src=\"https:\/\/budtours.hu\/wp-content\/uploads\/2025\/03\/opera-1-1024x683.jpg\" class=\"attachment-large size-large wp-post-image\" alt=\"\" srcset=\"https:\/\/budtours.hu\/wp-content\/uploads\/2025\/03\/opera-1-1024x683.jpg 1024w, https:\/\/budtours.hu\/wp-content\/uploads\/2025\/03\/opera-1-600x400.jpg 600w, https:\/\/budtours.hu\/wp-content\/uploads\/2025\/03\/opera-1-300x200.jpg 300w, https:\/\/budtours.hu\/wp-content\/uploads\/2025\/03\/opera-1.jpg 2048w\" sizes=\"(max-width: 1024px) 100vw, 1024px\" \/><\/div><\/div>\t\t<\/div>\r\n\t\t\t<\/article>\r\n\t<article class=\"w-grid-item size_1x1 post-2030 post type-post status-publish format-standard has-post-thumbnail hentry category-sights\" data-id=\"2030\">\r\n\t\t<div class=\"w-grid-item-h\">\r\n\t\t\t\t\t\t\t<a href=\"https:\/\/budtours.hu\/en\/zsinagoga\/\" class=\"w-grid-item-anchor\" aria-label=\"Synagogue\"><\/a>\r\n\t\t\t\t\t\t<div class=\"w-hwrapper usg_hwrapper_1 align_none valign_top\" style=\"--hwrapper-gap:0rem\"><div class=\"w-vwrapper usg_vwrapper_3 align_none valign_bottom\"><h5 class=\"w-post-elm post_title usg_post_title_1 has_text_color align_left entry-title color_link_inherit\">Synagogue<\/h5><\/div><div class=\"w-post-elm post_image usg_post_image_1 has_width has_height stretched\"><img decoding=\"async\" width=\"768\" height=\"1024\" src=\"https:\/\/budtours.hu\/wp-content\/uploads\/2025\/03\/zsinagoga-1-768x1024.jpg\" class=\"attachment-large size-large wp-post-image\" alt=\"\" srcset=\"https:\/\/budtours.hu\/wp-content\/uploads\/2025\/03\/zsinagoga-1-768x1024.jpg 768w, https:\/\/budtours.hu\/wp-content\/uploads\/2025\/03\/zsinagoga-1-600x800.jpg 600w, https:\/\/budtours.hu\/wp-content\/uploads\/2025\/03\/zsinagoga-1-225x300.jpg 225w, https:\/\/budtours.hu\/wp-content\/uploads\/2025\/03\/zsinagoga-1.jpg 1536w\" sizes=\"(max-width: 768px) 100vw, 768px\" \/><\/div><\/div>\t\t<\/div>\r\n\t\t\t<\/article>\r\n<\/div>\t<div class=\"w-grid-preloader\">\r\n\t\t<div class=\"g-preloader type_1\">\r\n\t\t\t<div><\/div>\r\n\t\t<\/div>\r\n\t<\/div>\r\n\t\t\t\t<div class=\"g-loadmore \">\r\n\t\t\t\t<div class=\"g-preloader type_1\">\r\n\t\t\t\t\t<div><\/div>\r\n\t\t\t\t<\/div>\r\n\t\t\t\t<button class=\"w-btn us-btn-style_2\">\r\n\t\t\t\t\t<span class=\"w-btn-label\">Load More<\/span>\r\n\t\t\t\t<\/button>\r\n\t\t\t<\/div>\r\n\t\t\t\t<div class=\"w-grid-json hidden\" onclick='return {&quot;action&quot;:&quot;us_ajax_grid&quot;,&quot;infinite_scroll&quot;:0,&quot;max_num_pages&quot;:3,&quot;pagination&quot;:&quot;ajax&quot;,&quot;template_vars&quot;:{&quot;columns&quot;:&quot;2&quot;,&quot;exclude_items&quot;:&quot;none&quot;,&quot;img_size&quot;:&quot;default&quot;,&quot;ignore_items_size&quot;:0,&quot;items_layout&quot;:&quot;2065&quot;,&quot;items_offset&quot;:&quot;1&quot;,&quot;load_animation&quot;:&quot;none&quot;,&quot;overriding_link&quot;:&quot;%7B%22type%22%3A%22post%22%7D&quot;,&quot;post_id&quot;:0,&quot;query_args&quot;:{&quot;post_type&quot;:[&quot;post&quot;],&quot;tax_query&quot;:[{&quot;taxonomy&quot;:&quot;category&quot;,&quot;field&quot;:&quot;slug&quot;,&quot;terms&quot;:[&quot;latnivalok&quot;]}],&quot;post_status&quot;:[&quot;publish&quot;,&quot;complete&quot;,&quot;paid&quot;,&quot;confirmed&quot;,&quot;unpaid&quot;,&quot;pending-confirmation&quot;,&quot;cancelled&quot;],&quot;posts_per_page&quot;:&quot;8&quot;},&quot;orderby_query_args&quot;:{&quot;orderby&quot;:{&quot;date&quot;:&quot;ASC&quot;}},&quot;type&quot;:&quot;grid&quot;,&quot;us_grid_post_type&quot;:&quot;post&quot;,&quot;us_grid_ajax_index&quot;:1,&quot;us_grid_filter_query_string&quot;:null,&quot;us_grid_index&quot;:1,&quot;page_args&quot;:[],&quot;lang&quot;:&quot;en&quot;}}'><\/div>\r\n\t<\/div><\/div><\/div><\/div><\/div><\/section><section class=\"l-section wpb_row height_large color_primary\"><div class=\"l-section-h i-cf\"><div class=\"g-cols vc_row via_grid cols_1 laptops-cols_inherit tablets-cols_inherit mobiles-cols_1 valign_top type_default stacking_default\"><div class=\"wpb_column vc_column_container\"><div class=\"vc_column-inner\"><h2 class=\"w-text us_custom_eb849559\"><span class=\"w-text-h\"><span class=\"w-text-value\">Book now!<\/span><\/span><\/h2><div class=\"g-cols wpb_row via_grid cols_3 laptops-cols_inherit tablets-cols_inherit mobiles-cols_1 valign_top type_default stacking_default\" style=\"--columns-gap:3rem;\"><div class=\"wpb_column vc_column_container\"><div class=\"vc_column-inner\"><div class=\"w-btn-wrapper default_align_center laptops_align_right tablets_align_center mobiles_align_center\"><a class=\"w-btn us-btn-style_4 icon_atleft\" href=\"tel:+36301621009\"><i class=\"fas fa-phone-alt\"><\/i><span class=\"w-btn-label\">Call<\/span><\/a><\/div><\/div><\/div><div class=\"wpb_column vc_column_container\"><div class=\"vc_column-inner\"><div class=\"w-btn-wrapper default_align_center laptops_align_right tablets_align_center mobiles_align_center\"><a class=\"w-btn us-btn-style_4 icon_atleft\" title=\"Reservation\" href=\"https:\/\/budtours.hu\/en\/tour-routes\/\"><i class=\"fas fa-calendar-edit\"><\/i><span class=\"w-btn-label\">Book now<\/span><\/a><\/div><\/div><\/div><div class=\"wpb_column vc_column_container\"><div class=\"vc_column-inner\"><div class=\"w-btn-wrapper default_align_center laptops_align_right tablets_align_center mobiles_align_center\"><a class=\"w-btn us-btn-style_4 icon_atleft\" title=\"Reservation\" href=\"https:\/\/budtours.hu\/en\/contact\/\"><i class=\"fas fa-at\"><\/i><span class=\"w-btn-label\">Contact us<\/span><\/a><\/div><\/div><\/div><\/div><\/div><\/div><\/div><\/div><\/section>\n","protected":false},"excerpt":{"rendered":"Doh\u00e1ny Street Synagogue \u2013 Europe\u2019s Largest Synagogue and the Heart of Budapest\u2019s Jewish Heritage The Doh\u00e1ny Street Synagogue, also known as the Great Synagogue of Budapest, is the largest synagogue in Europe and one of the five largest synagogues in the world. This stunning architectural masterpiece is a key stop on our Budapest Jeep Tour,...","protected":false},"author":1,"featured_media":0,"parent":0,"menu_order":0,"comment_status":"closed","ping_status":"closed","template":"","meta":{"footnotes":""},"class_list":["post-2068","page","type-page","status-publish","hentry"],"yoast_head":"<!-- This site is optimized with the Yoast SEO plugin v26.7 - https:\/\/yoast.com\/wordpress\/plugins\/seo\/ -->\n<title>Top Attractions | BUDTOURS<\/title>\n<meta name=\"description\" content=\"Adatok, t\u00e1j\u00e9koztat\u00e1s\" \/>\n<meta name=\"robots\" content=\"noindex, nofollow\" \/>\n<meta property=\"og:locale\" content=\"en_US\" \/>\n<meta property=\"og:type\" content=\"article\" \/>\n<meta property=\"og:title\" content=\"Top Attractions | BUDTOURS\" \/>\n<meta property=\"og:description\" content=\"Adatok, t\u00e1j\u00e9koztat\u00e1s\" \/>\n<meta property=\"og:url\" content=\"https:\/\/budtours.hu\/en\/sights\/\" \/>\n<meta property=\"og:site_name\" content=\"BUDTOURS\" \/>\n<meta property=\"article:modified_time\" content=\"2025-03-04T14:42:08+00:00\" \/>\n<meta property=\"og:image\" content=\"https:\/\/budtours.hu\/wp-content\/uploads\/2023\/07\/bt-ua5.png\" \/>\n\t<meta property=\"og:image:width\" content=\"1429\" \/>\n\t<meta property=\"og:image:height\" content=\"756\" \/>\n\t<meta property=\"og:image:type\" content=\"image\/png\" \/>\n<meta name=\"twitter:card\" content=\"summary_large_image\" \/>\n<meta name=\"twitter:label1\" content=\"Est. reading time\" \/>\n\t<meta name=\"twitter:data1\" content=\"1 minute\" \/>\n<script type=\"application\/ld+json\" class=\"yoast-schema-graph\">{\"@context\":\"https:\/\/schema.org\",\"@graph\":[{\"@type\":\"WebPage\",\"@id\":\"https:\/\/budtours.hu\/en\/sights\/\",\"url\":\"https:\/\/budtours.hu\/en\/sights\/\",\"name\":\"Top Attractions | BUDTOURS\",\"isPartOf\":{\"@id\":\"https:\/\/budtours.hu\/en\/#website\"},\"datePublished\":\"2024-04-19T11:15:40+00:00\",\"dateModified\":\"2025-03-04T14:42:08+00:00\",\"description\":\"Adatok, t\u00e1j\u00e9koztat\u00e1s\",\"breadcrumb\":{\"@id\":\"https:\/\/budtours.hu\/en\/sights\/#breadcrumb\"},\"inLanguage\":\"en-US\",\"potentialAction\":[{\"@type\":\"ReadAction\",\"target\":[\"https:\/\/budtours.hu\/en\/sights\/\"]}]},{\"@type\":\"BreadcrumbList\",\"@id\":\"https:\/\/budtours.hu\/en\/sights\/#breadcrumb\",\"itemListElement\":[{\"@type\":\"ListItem\",\"position\":1,\"name\":\"Kezd\u0151lap\",\"item\":\"https:\/\/budtours.hu\/en\/\"},{\"@type\":\"ListItem\",\"position\":2,\"name\":\"Top Attractions\"}]},{\"@type\":\"WebSite\",\"@id\":\"https:\/\/budtours.hu\/en\/#website\",\"url\":\"https:\/\/budtours.hu\/en\/\",\"name\":\"BUDTOURS\",\"description\":\"Special Adventure\",\"publisher\":{\"@id\":\"https:\/\/budtours.hu\/en\/#organization\"},\"potentialAction\":[{\"@type\":\"SearchAction\",\"target\":{\"@type\":\"EntryPoint\",\"urlTemplate\":\"https:\/\/budtours.hu\/en\/?s={search_term_string}\"},\"query-input\":{\"@type\":\"PropertyValueSpecification\",\"valueRequired\":true,\"valueName\":\"search_term_string\"}}],\"inLanguage\":\"en-US\"},{\"@type\":\"Organization\",\"@id\":\"https:\/\/budtours.hu\/en\/#organization\",\"name\":\"BUDTOURS\",\"url\":\"https:\/\/budtours.hu\/en\/\",\"logo\":{\"@type\":\"ImageObject\",\"inLanguage\":\"en-US\",\"@id\":\"https:\/\/budtours.hu\/en\/#\/schema\/logo\/image\/\",\"url\":\"https:\/\/budtours.hu\/wp-content\/uploads\/2023\/08\/BT-logo.png\",\"contentUrl\":\"https:\/\/budtours.hu\/wp-content\/uploads\/2023\/08\/BT-logo.png\",\"width\":600,\"height\":600,\"caption\":\"BUDTOURS\"},\"image\":{\"@id\":\"https:\/\/budtours.hu\/en\/#\/schema\/logo\/image\/\"}}]}<\/script>\n<!-- \/ Yoast SEO plugin. -->","yoast_head_json":{"title":"Top Attractions | BUDTOURS","description":"Adatok, t\u00e1j\u00e9koztat\u00e1s","robots":{"index":"noindex","follow":"nofollow"},"og_locale":"en_US","og_type":"article","og_title":"Top Attractions | BUDTOURS","og_description":"Adatok, t\u00e1j\u00e9koztat\u00e1s","og_url":"https:\/\/budtours.hu\/en\/sights\/","og_site_name":"BUDTOURS","article_modified_time":"2025-03-04T14:42:08+00:00","og_image":[{"width":1429,"height":756,"url":"https:\/\/budtours.hu\/wp-content\/uploads\/2023\/07\/bt-ua5.png","type":"image\/png"}],"twitter_card":"summary_large_image","twitter_misc":{"Est. reading time":"1 minute"},"schema":{"@context":"https:\/\/schema.org","@graph":[{"@type":"WebPage","@id":"https:\/\/budtours.hu\/en\/sights\/","url":"https:\/\/budtours.hu\/en\/sights\/","name":"Top Attractions | BUDTOURS","isPartOf":{"@id":"https:\/\/budtours.hu\/en\/#website"},"datePublished":"2024-04-19T11:15:40+00:00","dateModified":"2025-03-04T14:42:08+00:00","description":"Adatok, t\u00e1j\u00e9koztat\u00e1s","breadcrumb":{"@id":"https:\/\/budtours.hu\/en\/sights\/#breadcrumb"},"inLanguage":"en-US","potentialAction":[{"@type":"ReadAction","target":["https:\/\/budtours.hu\/en\/sights\/"]}]},{"@type":"BreadcrumbList","@id":"https:\/\/budtours.hu\/en\/sights\/#breadcrumb","itemListElement":[{"@type":"ListItem","position":1,"name":"Kezd\u0151lap","item":"https:\/\/budtours.hu\/en\/"},{"@type":"ListItem","position":2,"name":"Top Attractions"}]},{"@type":"WebSite","@id":"https:\/\/budtours.hu\/en\/#website","url":"https:\/\/budtours.hu\/en\/","name":"BUDTOURS","description":"Special Adventure","publisher":{"@id":"https:\/\/budtours.hu\/en\/#organization"},"potentialAction":[{"@type":"SearchAction","target":{"@type":"EntryPoint","urlTemplate":"https:\/\/budtours.hu\/en\/?s={search_term_string}"},"query-input":{"@type":"PropertyValueSpecification","valueRequired":true,"valueName":"search_term_string"}}],"inLanguage":"en-US"},{"@type":"Organization","@id":"https:\/\/budtours.hu\/en\/#organization","name":"BUDTOURS","url":"https:\/\/budtours.hu\/en\/","logo":{"@type":"ImageObject","inLanguage":"en-US","@id":"https:\/\/budtours.hu\/en\/#\/schema\/logo\/image\/","url":"https:\/\/budtours.hu\/wp-content\/uploads\/2023\/08\/BT-logo.png","contentUrl":"https:\/\/budtours.hu\/wp-content\/uploads\/2023\/08\/BT-logo.png","width":600,"height":600,"caption":"BUDTOURS"},"image":{"@id":"https:\/\/budtours.hu\/en\/#\/schema\/logo\/image\/"}}]}},"_links":{"self":[{"href":"https:\/\/budtours.hu\/en\/wp-json\/wp\/v2\/pages\/2068","targetHints":{"allow":["GET"]}}],"collection":[{"href":"https:\/\/budtours.hu\/en\/wp-json\/wp\/v2\/pages"}],"about":[{"href":"https:\/\/budtours.hu\/en\/wp-json\/wp\/v2\/types\/page"}],"author":[{"embeddable":true,"href":"https:\/\/budtours.hu\/en\/wp-json\/wp\/v2\/users\/1"}],"replies":[{"embeddable":true,"href":"https:\/\/budtours.hu\/en\/wp-json\/wp\/v2\/comments?post=2068"}],"version-history":[{"count":25,"href":"https:\/\/budtours.hu\/en\/wp-json\/wp\/v2\/pages\/2068\/revisions"}],"predecessor-version":[{"id":2651,"href":"https:\/\/budtours.hu\/en\/wp-json\/wp\/v2\/pages\/2068\/revisions\/2651"}],"wp:attachment":[{"href":"https:\/\/budtours.hu\/en\/wp-json\/wp\/v2\/media?parent=2068"}],"curies":[{"name":"wp","href":"https:\/\/api.w.org\/{rel}","templated":true}]}}