{"id":1714,"date":"2023-08-08T11:00:16","date_gmt":"2023-08-08T11:00:16","guid":{"rendered":"https:\/\/budtours.hu\/impresszum\/"},"modified":"2023-08-25T10:26:32","modified_gmt":"2023-08-25T10:26:32","slug":"impresszum","status":"publish","type":"page","link":"https:\/\/budtours.hu\/en\/impresszum\/","title":{"rendered":"Legal notice"},"content":{"rendered":"<section class=\"l-section wpb_row height_large\"><div class=\"l-section-h i-cf\"><div class=\"g-cols vc_row via_grid cols_1 laptops-cols_inherit tablets-cols_inherit mobiles-cols_1 valign_top type_default stacking_default\"><div class=\"wpb_column vc_column_container\"><div class=\"vc_column-inner\"><div class=\"wpb_text_column\"><div class=\"wpb_wrapper\"><p>Headquarters:<br \/>\nPlace of establishment:<br \/>\nTax number:<br \/>\nCompany registration number:<br \/>\nOwner:<br \/>\nTelephone number:<\/p>\n<p>&nbsp;<\/p>\n<div class=\"et_pb_module et_pb_text et_pb_text_2 et_pb_text_align_center et_pb_bg_layout_light\">\n<div class=\"et_pb_text_inner\">\n<p>&nbsp;<\/p>\n<\/div>\n<\/div>\n<section class=\"l-section wpb_row height_large\">\n<div class=\"l-section-h i-cf\">\n<div class=\"g-cols vc_row via_grid cols_1 laptops-cols_inherit tablets-cols_inherit mobiles-cols_1 valign_top type_default stacking_default\">\n<div class=\"wpb_column vc_column_container\">\n<div class=\"vc_column-inner\">\n<div class=\"wpb_text_column\">\n<div class=\"wpb_wrapper\">\n<div class=\"et_pb_column et_pb_column_1_2 et_pb_column_2 et_pb_css_mix_blend_mode_passthrough et-last-child\">\n<div class=\"et_pb_module et_pb_text et_pb_text_3 et_pb_text_align_center et_pb_bg_layout_light\">\n<div class=\"et_pb_text_inner\">\n<p><strong>T\u00c1RHELY SZOLG\u00c1LTAT\u00d3:<\/strong><\/p>\n<\/div>\n<\/div>\n<div class=\"et_pb_module et_pb_text et_pb_text_4 et_pb_text_align_center et_pb_bg_layout_light\">\n<div class=\"et_pb_text_inner\">\n<p>C\u00e9gn\u00e9v: T\u00e1rhely.Eu Szolg\u00e1ltat\u00f3 Kft.<br \/>\nSz\u00e9khely: 1144 Budapest, Orm\u00e1ns\u00e1g utca 4. X. em. 241.<br \/>\nTelefon: +36 1 789 2 789<br \/>\nE-mail: support@tarhely.eu, gdpr@tarhely.eu<br \/>\nC\u00e9gjegyz\u00e9ksz\u00e1m: 01-09-909968<br \/>\nAd\u00f3sz\u00e1m: 14571332-2-42<\/p>\n<\/div>\n<\/div>\n<\/div>\n<\/div>\n<\/div>\n<\/div>\n<\/div>\n<\/div>\n<\/div>\n<\/section>\n<\/div><\/div><\/div><\/div><\/div><\/div><\/section>\n","protected":false},"excerpt":{"rendered":"Headquarters: Place of establishment: Tax number: Company registration number: Owner: Telephone number: &nbsp; &nbsp; T\u00c1RHELY SZOLG\u00c1LTAT\u00d3: C\u00e9gn\u00e9v: T\u00e1rhely.Eu Szolg\u00e1ltat\u00f3 Kft. Sz\u00e9khely: 1144 Budapest, Orm\u00e1ns\u00e1g utca 4. X. em. 241. Telefon: +36 1 789 2 789 E-mail: support@tarhely.eu, gdpr@tarhely.eu C\u00e9gjegyz\u00e9ksz\u00e1m: 01-09-909968 Ad\u00f3sz\u00e1m: 14571332-2-42","protected":false},"author":1,"featured_media":0,"parent":0,"menu_order":0,"comment_status":"closed","ping_status":"closed","template":"","meta":{"footnotes":""},"class_list":["post-1714","page","type-page","status-publish","hentry"],"yoast_head":"<!-- This site is optimized with the Yoast SEO plugin v26.7 - https:\/\/yoast.com\/wordpress\/plugins\/seo\/ -->\n<title>Legal notice | BUDTOURS<\/title>\n<meta name=\"robots\" content=\"noindex, nofollow\" \/>\n<meta property=\"og:locale\" content=\"en_US\" \/>\n<meta property=\"og:type\" content=\"article\" \/>\n<meta property=\"og:title\" content=\"Legal notice | BUDTOURS\" \/>\n<meta property=\"og:url\" content=\"https:\/\/budtours.hu\/en\/impresszum\/\" \/>\n<meta property=\"og:site_name\" content=\"BUDTOURS\" \/>\n<meta property=\"article:modified_time\" content=\"2023-08-25T10:26:32+00:00\" \/>\n<meta property=\"og:image\" content=\"https:\/\/budtours.hu\/wp-content\/uploads\/2023\/07\/bt-ua5.png\" \/>\n\t<meta property=\"og:image:width\" content=\"1429\" \/>\n\t<meta property=\"og:image:height\" content=\"756\" \/>\n\t<meta property=\"og:image:type\" content=\"image\/png\" \/>\n<meta name=\"twitter:card\" content=\"summary_large_image\" \/>\n<meta name=\"twitter:label1\" content=\"Est. reading time\" \/>\n\t<meta name=\"twitter:data1\" content=\"1 minute\" \/>\n<script type=\"application\/ld+json\" class=\"yoast-schema-graph\">{\"@context\":\"https:\/\/schema.org\",\"@graph\":[{\"@type\":\"WebPage\",\"@id\":\"https:\/\/budtours.hu\/en\/impresszum\/\",\"url\":\"https:\/\/budtours.hu\/en\/impresszum\/\",\"name\":\"Legal notice | BUDTOURS\",\"isPartOf\":{\"@id\":\"https:\/\/budtours.hu\/en\/#website\"},\"datePublished\":\"2023-08-08T11:00:16+00:00\",\"dateModified\":\"2023-08-25T10:26:32+00:00\",\"breadcrumb\":{\"@id\":\"https:\/\/budtours.hu\/en\/impresszum\/#breadcrumb\"},\"inLanguage\":\"en-US\",\"potentialAction\":[{\"@type\":\"ReadAction\",\"target\":[\"https:\/\/budtours.hu\/en\/impresszum\/\"]}]},{\"@type\":\"BreadcrumbList\",\"@id\":\"https:\/\/budtours.hu\/en\/impresszum\/#breadcrumb\",\"itemListElement\":[{\"@type\":\"ListItem\",\"position\":1,\"name\":\"Kezd\u0151lap\",\"item\":\"https:\/\/budtours.hu\/en\/\"},{\"@type\":\"ListItem\",\"position\":2,\"name\":\"Legal notice\"}]},{\"@type\":\"WebSite\",\"@id\":\"https:\/\/budtours.hu\/en\/#website\",\"url\":\"https:\/\/budtours.hu\/en\/\",\"name\":\"BUDTOURS\",\"description\":\"Special Adventure\",\"publisher\":{\"@id\":\"https:\/\/budtours.hu\/en\/#organization\"},\"potentialAction\":[{\"@type\":\"SearchAction\",\"target\":{\"@type\":\"EntryPoint\",\"urlTemplate\":\"https:\/\/budtours.hu\/en\/?s={search_term_string}\"},\"query-input\":{\"@type\":\"PropertyValueSpecification\",\"valueRequired\":true,\"valueName\":\"search_term_string\"}}],\"inLanguage\":\"en-US\"},{\"@type\":\"Organization\",\"@id\":\"https:\/\/budtours.hu\/en\/#organization\",\"name\":\"BUDTOURS\",\"url\":\"https:\/\/budtours.hu\/en\/\",\"logo\":{\"@type\":\"ImageObject\",\"inLanguage\":\"en-US\",\"@id\":\"https:\/\/budtours.hu\/en\/#\/schema\/logo\/image\/\",\"url\":\"https:\/\/budtours.hu\/wp-content\/uploads\/2023\/08\/BT-logo.png\",\"contentUrl\":\"https:\/\/budtours.hu\/wp-content\/uploads\/2023\/08\/BT-logo.png\",\"width\":600,\"height\":600,\"caption\":\"BUDTOURS\"},\"image\":{\"@id\":\"https:\/\/budtours.hu\/en\/#\/schema\/logo\/image\/\"}}]}<\/script>\n<!-- \/ Yoast SEO plugin. -->","yoast_head_json":{"title":"Legal notice | BUDTOURS","robots":{"index":"noindex","follow":"nofollow"},"og_locale":"en_US","og_type":"article","og_title":"Legal notice | BUDTOURS","og_url":"https:\/\/budtours.hu\/en\/impresszum\/","og_site_name":"BUDTOURS","article_modified_time":"2023-08-25T10:26:32+00:00","og_image":[{"width":1429,"height":756,"url":"https:\/\/budtours.hu\/wp-content\/uploads\/2023\/07\/bt-ua5.png","type":"image\/png"}],"twitter_card":"summary_large_image","twitter_misc":{"Est. reading time":"1 minute"},"schema":{"@context":"https:\/\/schema.org","@graph":[{"@type":"WebPage","@id":"https:\/\/budtours.hu\/en\/impresszum\/","url":"https:\/\/budtours.hu\/en\/impresszum\/","name":"Legal notice | BUDTOURS","isPartOf":{"@id":"https:\/\/budtours.hu\/en\/#website"},"datePublished":"2023-08-08T11:00:16+00:00","dateModified":"2023-08-25T10:26:32+00:00","breadcrumb":{"@id":"https:\/\/budtours.hu\/en\/impresszum\/#breadcrumb"},"inLanguage":"en-US","potentialAction":[{"@type":"ReadAction","target":["https:\/\/budtours.hu\/en\/impresszum\/"]}]},{"@type":"BreadcrumbList","@id":"https:\/\/budtours.hu\/en\/impresszum\/#breadcrumb","itemListElement":[{"@type":"ListItem","position":1,"name":"Kezd\u0151lap","item":"https:\/\/budtours.hu\/en\/"},{"@type":"ListItem","position":2,"name":"Legal notice"}]},{"@type":"WebSite","@id":"https:\/\/budtours.hu\/en\/#website","url":"https:\/\/budtours.hu\/en\/","name":"BUDTOURS","description":"Special Adventure","publisher":{"@id":"https:\/\/budtours.hu\/en\/#organization"},"potentialAction":[{"@type":"SearchAction","target":{"@type":"EntryPoint","urlTemplate":"https:\/\/budtours.hu\/en\/?s={search_term_string}"},"query-input":{"@type":"PropertyValueSpecification","valueRequired":true,"valueName":"search_term_string"}}],"inLanguage":"en-US"},{"@type":"Organization","@id":"https:\/\/budtours.hu\/en\/#organization","name":"BUDTOURS","url":"https:\/\/budtours.hu\/en\/","logo":{"@type":"ImageObject","inLanguage":"en-US","@id":"https:\/\/budtours.hu\/en\/#\/schema\/logo\/image\/","url":"https:\/\/budtours.hu\/wp-content\/uploads\/2023\/08\/BT-logo.png","contentUrl":"https:\/\/budtours.hu\/wp-content\/uploads\/2023\/08\/BT-logo.png","width":600,"height":600,"caption":"BUDTOURS"},"image":{"@id":"https:\/\/budtours.hu\/en\/#\/schema\/logo\/image\/"}}]}},"_links":{"self":[{"href":"https:\/\/budtours.hu\/en\/wp-json\/wp\/v2\/pages\/1714","targetHints":{"allow":["GET"]}}],"collection":[{"href":"https:\/\/budtours.hu\/en\/wp-json\/wp\/v2\/pages"}],"about":[{"href":"https:\/\/budtours.hu\/en\/wp-json\/wp\/v2\/types\/page"}],"author":[{"embeddable":true,"href":"https:\/\/budtours.hu\/en\/wp-json\/wp\/v2\/users\/1"}],"replies":[{"embeddable":true,"href":"https:\/\/budtours.hu\/en\/wp-json\/wp\/v2\/comments?post=1714"}],"version-history":[{"count":2,"href":"https:\/\/budtours.hu\/en\/wp-json\/wp\/v2\/pages\/1714\/revisions"}],"predecessor-version":[{"id":1716,"href":"https:\/\/budtours.hu\/en\/wp-json\/wp\/v2\/pages\/1714\/revisions\/1716"}],"wp:attachment":[{"href":"https:\/\/budtours.hu\/en\/wp-json\/wp\/v2\/media?parent=1714"}],"curies":[{"name":"wp","href":"https:\/\/api.w.org\/{rel}","templated":true}]}}