{"id":3294,"date":"2025-03-07T13:32:09","date_gmt":"2025-03-07T13:32:09","guid":{"rendered":"https:\/\/budtours.hu\/termek\/express-budapest-tours\/"},"modified":"2025-08-04T08:21:16","modified_gmt":"2025-08-04T08:21:16","slug":"express-budapest-touren","status":"publish","type":"product","link":"https:\/\/budtours.hu\/de\/termek\/express-budapest-touren\/","title":{"rendered":"Express Budapest Touren"},"content":{"rendered":"<p><strong>Rechnung:<\/strong><\/p>\n<p>-Wenn Sie eine Rechnung oder eine Rechnung mit ausgewiesener Mehrwertsteuer ben\u00f6tigen, w\u00e4hlen Sie bitte das untenstehende Feld aus und f\u00fcllen Sie die Informationen aus<\/p>\n<p>&nbsp;<\/p>\n<p><strong>Stornierungsbedingungen<\/strong><\/p>\n<p>Barzahlung: Wenn Sie sich f\u00fcr die Barzahlung entschieden haben, k\u00f6nnen Sie vor 24 Stunden nach Beginn Ihres<\/p>\n<p>Bargeld (Kaution in 25%. Wenn Sie innerhalb von 24 Stunden stornieren, verlieren Sie die Anzahlungskosten, aber wenn Sie die Tour vor 24 Stunden stornieren, werden die Anzahlungskosten zur\u00fcckerstattet.)<\/p>\n<p>Zahlung mit Bankkarte (wenn Sie innerhalb von 3 Tagen stornieren, erhalten Sie nichts zur\u00fcck, wenn Sie die Tour innerhalb von 6 Tagen stornieren, erhalten Sie nur 50% des Preises zur\u00fcck)<\/p>\n<p>Budapest Jeep Tour ohne Strafe. Andernfalls verlieren Sie Ihre Anzahlung, wenn Sie die Tour innerhalb von 24 Stunden stornieren<\/p>\n<p>&nbsp;<\/p>\n<p><strong>Online-Zahlung:<\/strong><\/p>\n<p>Innerhalb von 24 Stunden nach der Tour: Es wird keine R\u00fcckerstattung gew\u00e4hrt.<br \/>\nInnerhalb von 3 Tagen vor der Tour: Sie erhalten eine R\u00fcckerstattung von 50%.<br \/>\nVolle R\u00fcckerstattung: Verf\u00fcgbar, wenn Sie innerhalb des erforderlichen Zeitrahmens stornieren oder wenn die Tour aufgrund von Problemen auf unserer Seite storniert wird.<\/p>\n","protected":false},"excerpt":{"rendered":"<p>Rechnung: -Wenn Sie eine Rechnung oder eine Rechnung mit ausgewiesener Mehrwertsteuer ben\u00f6tigen, w\u00e4hlen Sie bitte das untenstehende Feld aus und f\u00fcllen Sie die Informationen aus &nbsp; Stornierungsbedingungen Barzahlung: Wenn Sie sich f\u00fcr die Barzahlung entschieden haben, k\u00f6nnen Sie vor 24 Stunden nach Beginn Ihres Bargeld (Kaution in 25%. Wenn Sie innerhalb von 24 Stunden stornieren,&#8230;<\/p>\n","protected":false},"featured_media":1689,"template":"","meta":[],"product_brand":[],"product_cat":[],"product_tag":[],"class_list":{"0":"post-3294","1":"product","2":"type-product","3":"status-publish","4":"has-post-thumbnail","7":"first","8":"instock","9":"virtual","10":"sold-individually","11":"purchasable","12":"product-type-booking"},"booking_location":"","booking_location_type":"","booking_duration":120,"booking_duration_unit":"minute","booking_buffer":0,"booking_cost":190,"booking_resources":[3558],"exclude_global_add_ons":false,"addons":[{"name":"Abholpunkt","type":"custom_text","position":0,"required":true,"title_format":"label","default":"","description_enable":false,"description":"","placeholder_enable":false,"placeholder":"","display":"select","restrictions_type":"any_text","adjust_price":false,"price":"","price_type":"flat_fee","restrictions":false,"min":"0","max":"0","options":[],"id":1741770075},{"name":"Audioguide","type":"multiple_choice","position":1,"required":true,"title_format":"label","default":"","description_enable":false,"description":"","placeholder_enable":false,"placeholder":"","display":"select","restrictions_type":"any_text","adjust_price":false,"price":"","price_type":"flat_fee","restrictions":false,"min":"0","max":"0","options":[{"label":"English","price":"","price_type":"flat_fee","image":0,"visibility":true},{"label":"Spanish","price":"","price_type":"flat_fee","image":0,"visibility":true},{"label":"Deutsch","price":"","price_type":"flat_fee","image":0,"visibility":true},{"label":"Magyar","price":"","price_type":"flat_fee","image":0,"visibility":true},{"label":"Fran\u00e7ais","price":"","price_type":"flat_fee","image":0,"visibility":true},{"label":"Russian","price":"","price_type":"flat_fee","image":0,"visibility":true},{"label":"Chinese","price":"","price_type":"flat_fee","image":0,"visibility":true},{"label":"Portugese","price":"","price_type":"flat_fee","image":0,"visibility":true},{"label":"Swedish","price":"","price_type":"flat_fee","image":0,"visibility":true},{"label":"Norwegian","price":"","price_type":"flat_fee","image":0,"visibility":true},{"label":"Arabic","price":"","price_type":"flat_fee","image":0,"visibility":true},{"label":"Dutch","price":"","price_type":"flat_fee","image":0,"visibility":true}],"id":1741770076},{"name":"Zusatzinformation","type":"custom_textarea","position":2,"required":false,"title_format":"label","default":"","description_enable":false,"description":"","placeholder_enable":false,"placeholder":"","display":"select","restrictions_type":"any_text","adjust_price":false,"price":"","price_type":"flat_fee","restrictions":false,"min":"0","max":"0","options":[],"id":1741770077},{"name":"Terms and Conditions","type":"checkbox","position":3,"required":true,"title_format":"hide","default":"","description_enable":false,"description":"","placeholder_enable":false,"placeholder":"","display":"select","restrictions_type":"any_text","adjust_price":false,"price":"","price_type":"flat_fee","restrictions":false,"min":"0","max":"0","options":[{"label":"Ich akzeptiere die Allgemeinen Gesch\u00e4ftsbedingungen","price":"","price_type":"flat_fee","image":0,"visibility":true}],"id":1741770623}],"yoast_head":"<!-- This site is optimized with the Yoast SEO plugin v26.7 - https:\/\/yoast.com\/wordpress\/plugins\/seo\/ -->\n<title>Express Budapest Touren | BUDTOURS<\/title>\n<meta name=\"robots\" content=\"index, follow, max-snippet:-1, max-image-preview:large, max-video-preview:-1\" \/>\n<link rel=\"canonical\" href=\"https:\/\/budtours.hu\/de\/termek\/express-budapest-touren\/\" \/>\n<meta property=\"og:locale\" content=\"de_DE\" \/>\n<meta property=\"og:type\" content=\"article\" \/>\n<meta property=\"og:title\" content=\"Express Budapest Touren | BUDTOURS\" \/>\n<meta property=\"og:description\" content=\"Rechnung: -Wenn Sie eine Rechnung oder eine Rechnung mit ausgewiesener Mehrwertsteuer ben\u00f6tigen, w\u00e4hlen Sie bitte das untenstehende Feld aus und f\u00fcllen Sie die Informationen aus &nbsp; Stornierungsbedingungen Barzahlung: Wenn Sie sich f\u00fcr die Barzahlung entschieden haben, k\u00f6nnen Sie vor 24 Stunden nach Beginn Ihres Bargeld (Kaution in 25%. Wenn Sie innerhalb von 24 Stunden stornieren,...\" \/>\n<meta property=\"og:url\" content=\"https:\/\/budtours.hu\/de\/termek\/express-budapest-touren\/\" \/>\n<meta property=\"og:site_name\" content=\"BUDTOURS\" \/>\n<meta property=\"article:modified_time\" content=\"2025-08-04T08:21:16+00:00\" \/>\n<meta property=\"og:image\" content=\"https:\/\/budtours.hu\/wp-content\/uploads\/2023\/07\/MG_4035.jpg\" \/>\n\t<meta property=\"og:image:width\" content=\"1200\" \/>\n\t<meta property=\"og:image:height\" content=\"800\" \/>\n\t<meta property=\"og:image:type\" content=\"image\/jpeg\" \/>\n<meta name=\"twitter:card\" content=\"summary_large_image\" \/>\n<meta name=\"twitter:label1\" content=\"Gesch\u00e4tzte Lesezeit\" \/>\n\t<meta name=\"twitter:data1\" content=\"1\u00a0Minute\" \/>\n<script type=\"application\/ld+json\" class=\"yoast-schema-graph\">{\"@context\":\"https:\/\/schema.org\",\"@graph\":[{\"@type\":\"WebPage\",\"@id\":\"https:\/\/budtours.hu\/de\/termek\/express-budapest-touren\/\",\"url\":\"https:\/\/budtours.hu\/de\/termek\/express-budapest-touren\/\",\"name\":\"Express Budapest Touren | BUDTOURS\",\"isPartOf\":{\"@id\":\"https:\/\/budtours.hu\/de\/#website\"},\"primaryImageOfPage\":{\"@id\":\"https:\/\/budtours.hu\/de\/termek\/express-budapest-touren\/#primaryimage\"},\"image\":{\"@id\":\"https:\/\/budtours.hu\/de\/termek\/express-budapest-touren\/#primaryimage\"},\"thumbnailUrl\":\"https:\/\/budtours.hu\/wp-content\/uploads\/2023\/07\/MG_4035.jpg\",\"datePublished\":\"2025-03-07T13:32:09+00:00\",\"dateModified\":\"2025-08-04T08:21:16+00:00\",\"breadcrumb\":{\"@id\":\"https:\/\/budtours.hu\/de\/termek\/express-budapest-touren\/#breadcrumb\"},\"inLanguage\":\"de\",\"potentialAction\":[{\"@type\":\"ReadAction\",\"target\":[\"https:\/\/budtours.hu\/de\/termek\/express-budapest-touren\/\"]}]},{\"@type\":\"ImageObject\",\"inLanguage\":\"de\",\"@id\":\"https:\/\/budtours.hu\/de\/termek\/express-budapest-touren\/#primaryimage\",\"url\":\"https:\/\/budtours.hu\/wp-content\/uploads\/2023\/07\/MG_4035.jpg\",\"contentUrl\":\"https:\/\/budtours.hu\/wp-content\/uploads\/2023\/07\/MG_4035.jpg\",\"width\":1200,\"height\":800},{\"@type\":\"BreadcrumbList\",\"@id\":\"https:\/\/budtours.hu\/de\/termek\/express-budapest-touren\/#breadcrumb\",\"itemListElement\":[{\"@type\":\"ListItem\",\"position\":1,\"name\":\"Kezd\u0151lap\",\"item\":\"https:\/\/budtours.hu\/de\/\"},{\"@type\":\"ListItem\",\"position\":2,\"name\":\"Shop\",\"item\":\"https:\/\/budtours.hu\/de\/shop\/\"},{\"@type\":\"ListItem\",\"position\":3,\"name\":\"Express Budapest Touren\"}]},{\"@type\":\"WebSite\",\"@id\":\"https:\/\/budtours.hu\/de\/#website\",\"url\":\"https:\/\/budtours.hu\/de\/\",\"name\":\"BUDTOURS\",\"description\":\"Special Adventure\",\"publisher\":{\"@id\":\"https:\/\/budtours.hu\/de\/#organization\"},\"potentialAction\":[{\"@type\":\"SearchAction\",\"target\":{\"@type\":\"EntryPoint\",\"urlTemplate\":\"https:\/\/budtours.hu\/de\/?s={search_term_string}\"},\"query-input\":{\"@type\":\"PropertyValueSpecification\",\"valueRequired\":true,\"valueName\":\"search_term_string\"}}],\"inLanguage\":\"de\"},{\"@type\":\"Organization\",\"@id\":\"https:\/\/budtours.hu\/de\/#organization\",\"name\":\"BUDTOURS\",\"url\":\"https:\/\/budtours.hu\/de\/\",\"logo\":{\"@type\":\"ImageObject\",\"inLanguage\":\"de\",\"@id\":\"https:\/\/budtours.hu\/de\/#\/schema\/logo\/image\/\",\"url\":\"https:\/\/budtours.hu\/wp-content\/uploads\/2023\/08\/BT-logo.png\",\"contentUrl\":\"https:\/\/budtours.hu\/wp-content\/uploads\/2023\/08\/BT-logo.png\",\"width\":600,\"height\":600,\"caption\":\"BUDTOURS\"},\"image\":{\"@id\":\"https:\/\/budtours.hu\/de\/#\/schema\/logo\/image\/\"}}]}<\/script>\n<!-- \/ Yoast SEO plugin. -->","yoast_head_json":{"title":"Express Budapest Touren | BUDTOURS","robots":{"index":"index","follow":"follow","max-snippet":"max-snippet:-1","max-image-preview":"max-image-preview:large","max-video-preview":"max-video-preview:-1"},"canonical":"https:\/\/budtours.hu\/de\/termek\/express-budapest-touren\/","og_locale":"de_DE","og_type":"article","og_title":"Express Budapest Touren | BUDTOURS","og_description":"Rechnung: -Wenn Sie eine Rechnung oder eine Rechnung mit ausgewiesener Mehrwertsteuer ben\u00f6tigen, w\u00e4hlen Sie bitte das untenstehende Feld aus und f\u00fcllen Sie die Informationen aus &nbsp; Stornierungsbedingungen Barzahlung: Wenn Sie sich f\u00fcr die Barzahlung entschieden haben, k\u00f6nnen Sie vor 24 Stunden nach Beginn Ihres Bargeld (Kaution in 25%. Wenn Sie innerhalb von 24 Stunden stornieren,...","og_url":"https:\/\/budtours.hu\/de\/termek\/express-budapest-touren\/","og_site_name":"BUDTOURS","article_modified_time":"2025-08-04T08:21:16+00:00","og_image":[{"width":1200,"height":800,"url":"https:\/\/budtours.hu\/wp-content\/uploads\/2023\/07\/MG_4035.jpg","type":"image\/jpeg"}],"twitter_card":"summary_large_image","twitter_misc":{"Gesch\u00e4tzte Lesezeit":"1\u00a0Minute"},"schema":{"@context":"https:\/\/schema.org","@graph":[{"@type":"WebPage","@id":"https:\/\/budtours.hu\/de\/termek\/express-budapest-touren\/","url":"https:\/\/budtours.hu\/de\/termek\/express-budapest-touren\/","name":"Express Budapest Touren | BUDTOURS","isPartOf":{"@id":"https:\/\/budtours.hu\/de\/#website"},"primaryImageOfPage":{"@id":"https:\/\/budtours.hu\/de\/termek\/express-budapest-touren\/#primaryimage"},"image":{"@id":"https:\/\/budtours.hu\/de\/termek\/express-budapest-touren\/#primaryimage"},"thumbnailUrl":"https:\/\/budtours.hu\/wp-content\/uploads\/2023\/07\/MG_4035.jpg","datePublished":"2025-03-07T13:32:09+00:00","dateModified":"2025-08-04T08:21:16+00:00","breadcrumb":{"@id":"https:\/\/budtours.hu\/de\/termek\/express-budapest-touren\/#breadcrumb"},"inLanguage":"de","potentialAction":[{"@type":"ReadAction","target":["https:\/\/budtours.hu\/de\/termek\/express-budapest-touren\/"]}]},{"@type":"ImageObject","inLanguage":"de","@id":"https:\/\/budtours.hu\/de\/termek\/express-budapest-touren\/#primaryimage","url":"https:\/\/budtours.hu\/wp-content\/uploads\/2023\/07\/MG_4035.jpg","contentUrl":"https:\/\/budtours.hu\/wp-content\/uploads\/2023\/07\/MG_4035.jpg","width":1200,"height":800},{"@type":"BreadcrumbList","@id":"https:\/\/budtours.hu\/de\/termek\/express-budapest-touren\/#breadcrumb","itemListElement":[{"@type":"ListItem","position":1,"name":"Kezd\u0151lap","item":"https:\/\/budtours.hu\/de\/"},{"@type":"ListItem","position":2,"name":"Shop","item":"https:\/\/budtours.hu\/de\/shop\/"},{"@type":"ListItem","position":3,"name":"Express Budapest Touren"}]},{"@type":"WebSite","@id":"https:\/\/budtours.hu\/de\/#website","url":"https:\/\/budtours.hu\/de\/","name":"BUDTOURS","description":"Special Adventure","publisher":{"@id":"https:\/\/budtours.hu\/de\/#organization"},"potentialAction":[{"@type":"SearchAction","target":{"@type":"EntryPoint","urlTemplate":"https:\/\/budtours.hu\/de\/?s={search_term_string}"},"query-input":{"@type":"PropertyValueSpecification","valueRequired":true,"valueName":"search_term_string"}}],"inLanguage":"de"},{"@type":"Organization","@id":"https:\/\/budtours.hu\/de\/#organization","name":"BUDTOURS","url":"https:\/\/budtours.hu\/de\/","logo":{"@type":"ImageObject","inLanguage":"de","@id":"https:\/\/budtours.hu\/de\/#\/schema\/logo\/image\/","url":"https:\/\/budtours.hu\/wp-content\/uploads\/2023\/08\/BT-logo.png","contentUrl":"https:\/\/budtours.hu\/wp-content\/uploads\/2023\/08\/BT-logo.png","width":600,"height":600,"caption":"BUDTOURS"},"image":{"@id":"https:\/\/budtours.hu\/de\/#\/schema\/logo\/image\/"}}]}},"_links":{"self":[{"href":"https:\/\/budtours.hu\/de\/wp-json\/wp\/v2\/product\/3294","targetHints":{"allow":["GET"]}}],"collection":[{"href":"https:\/\/budtours.hu\/de\/wp-json\/wp\/v2\/product"}],"about":[{"href":"https:\/\/budtours.hu\/de\/wp-json\/wp\/v2\/types\/product"}],"wp:featuredmedia":[{"embeddable":true,"href":"https:\/\/budtours.hu\/de\/wp-json\/wp\/v2\/media\/1689"}],"wp:attachment":[{"href":"https:\/\/budtours.hu\/de\/wp-json\/wp\/v2\/media?parent=3294"}],"wp:term":[{"taxonomy":"product_brand","embeddable":true,"href":"https:\/\/budtours.hu\/de\/wp-json\/wp\/v2\/product_brand?post=3294"},{"taxonomy":"product_cat","embeddable":true,"href":"https:\/\/budtours.hu\/de\/wp-json\/wp\/v2\/product_cat?post=3294"},{"taxonomy":"product_tag","embeddable":true,"href":"https:\/\/budtours.hu\/de\/wp-json\/wp\/v2\/product_tag?post=3294"}],"curies":[{"name":"wp","href":"https:\/\/api.w.org\/{rel}","templated":true}]}}