{"id":3195,"date":"2023-07-18T14:55:11","date_gmt":"2023-07-18T14:55:11","guid":{"rendered":"https:\/\/budtours.hu\/turautvonalak\/"},"modified":"2025-07-31T13:58:29","modified_gmt":"2025-07-31T13:58:29","slug":"jetzt-buchen","status":"publish","type":"page","link":"https:\/\/budtours.hu\/de\/jetzt-buchen\/","title":{"rendered":"Jetzt buchen"},"content":{"rendered":"<section class=\"l-section wpb_row height_large\"><div class=\"l-section-h i-cf\"><div class=\"g-cols vc_row via_grid cols_1 laptops-cols_inherit tablets-cols_inherit mobiles-cols_1 valign_top type_default stacking_default\"><div class=\"wpb_column vc_column_container\"><div class=\"vc_column-inner\"><div class=\"wpb_text_column\"><div class=\"wpb_wrapper\"><h2><strong>Ride History. Sp\u00fcren Sie die Kraft<\/strong><\/h2>\n<\/div><\/div><div class=\"wpb_text_column us_custom_f8ac945f\"><div class=\"wpb_wrapper\"><h4>W\u00e4hlen Sie Ihre Budapester Stadtrundfahrt!<\/h4>\n<\/div><\/div><div class=\"wpb_text_column\"><div class=\"wpb_wrapper\"><p>Entdecken Sie die Sch\u00f6nheit Budapests mit unseren privaten Jeep-Touren, die ein einzigartiges, abenteuerliches und pers\u00f6nliches Sightseeing-Erlebnis bieten. W\u00e4hlen Sie aus unseren aufregenden Touroptionen und finden Sie das perfekte Abenteuer, das zu Ihrem Stil passt!<\/p>\n<\/div><\/div><div class=\"w-separator size_medium\"><\/div><div class=\"w-grid us_grid type_grid layout_682 cols_3 preload_style_spinner\" id=\"us_grid_1\" style=\"--columns:3;--gap:1.5rem;\" data-filterable=\"true\"><style>@media (max-width:1024px){#us_grid_1{--columns:2!important}}@media (max-width:600px){#us_grid_1{--columns:1!important}}.layout_682 .w-grid-item-h{}.layout_682 .usg_post_title_1{transition-duration:0.3s;transform-origin:50% 50%;transform:scale(1) translate(0%,0%)}.layout_682 .w-grid-item-h:focus-within .usg_post_title_1,.layout_682 .w-grid-item-h:hover .usg_post_title_1{transform:scale(1) translate(0%,0%);opacity:1;color:var(--color-content-heading)!important}.layout_682 .usg_vwrapper_1{transition-duration:0.3s;transform-origin:50% 50%;transform:scale(1) translate(0%,0%)}.layout_682 .w-grid-item-h:focus-within .usg_vwrapper_1,.layout_682 .w-grid-item-h:hover .usg_vwrapper_1{transform:scale(1) translate(0%,-10px);opacity:1;background:var(--color-header-middle-bg)!important}.layout_682 .usg_post_image_1{margin-bottom:1rem!important}.layout_682 .usg_post_title_1{font-size:calc( 10px + 1vmax );!important;line-height:1.2!important;margin-bottom:0.5rem!important}.layout_682 .usg_btn_1{margin-top:1.5rem!important}.layout_682 .usg_vwrapper_1{border-radius:10px!important;padding:40px!important;margin:10px 0px 0px 0px!important;border:1px solid var(--color-content-border)!important}@media (min-width:1025px) and (max-width:1280px){.layout_682 .usg_vwrapper_1{padding:40px!important;margin:10px 0px 0px 0px!important}}@media (min-width:601px) and (max-width:1024px){.layout_682 .usg_vwrapper_1{padding:40px!important;margin:10px 0px 0px 0px!important}}@media (max-width:600px){.layout_682 .usg_vwrapper_1{padding:40px!important;margin:10px 25px 0px 25px!important}}<\/style><div class=\"w-grid-list\">\t<article class=\"w-grid-item size_1x1 post-3109 us_portfolio type-us_portfolio status-publish has-post-thumbnail hentry us_portfolio_category-wanderwege-budapest\" data-id=\"3109\">\r\n\t\t<div class=\"w-grid-item-h\">\r\n\t\t\t\t\t\t<div class=\"w-vwrapper usg_vwrapper_1 align_none valign_top\" style=\"--vwrapper-gap:0.4rem\"><div class=\"w-post-elm post_image usg_post_image_1 has_ratio\"><a href=\"https:\/\/budtours.hu\/de\/turautvonalak\/express-budapest-touren\/\" aria-label=\"Express Budapest Touren\"><img decoding=\"async\" width=\"1024\" height=\"682\" src=\"https:\/\/budtours.hu\/wp-content\/uploads\/2023\/08\/MG_4205-1024x682.jpg\" class=\"attachment-large size-large wp-post-image\" alt=\"\" \/><\/a><div style=\"padding-bottom:100%\"><\/div><\/div><h3 class=\"w-post-elm post_title usg_post_title_1 entry-title color_link_inherit\"><a href=\"https:\/\/budtours.hu\/de\/turautvonalak\/express-budapest-touren\/\">Express Budapest Touren<\/a><\/h3><div class=\"w-post-elm post_custom_field usg_post_custom_field_1 type_text grid_detail color_link_inherit\"><span class=\"w-post-elm-value\">Entdecken Sie das Beste von Budapest mit unserer Jeep-Tour im Handumdrehen - ein schnelles, effizientes Sightseeing-Abenteuer.<\/span><\/div><a class=\"w-btn us-btn-style_2 usg_btn_1\" href=\"https:\/\/budtours.hu\/de\/turautvonalak\/express-budapest-touren\/\"><span class=\"w-btn-label\">JETZT BUCHEN!<\/span><\/a><\/div>\t\t<\/div>\r\n\t\t\t<\/article>\r\n\t<article class=\"w-grid-item size_1x1 post-3122 us_portfolio type-us_portfolio status-publish has-post-thumbnail hentry us_portfolio_category-wanderwege-budapest\" data-id=\"3122\">\r\n\t\t<div class=\"w-grid-item-h\">\r\n\t\t\t\t\t\t<div class=\"w-vwrapper usg_vwrapper_1 align_none valign_top\" style=\"--vwrapper-gap:0.4rem\"><div class=\"w-post-elm post_custom_field usg_post_custom_field_2 popular-badge type_text most_popular color_link_inherit\"><span class=\"w-post-elm-value\">Beliebteste!<\/span><\/div><div class=\"w-post-elm post_image usg_post_image_1 has_ratio\"><a href=\"https:\/\/budtours.hu\/de\/turautvonalak\/klassische-budapest-tour\/\" aria-label=\"Klassische Budapest Tour\"><img decoding=\"async\" width=\"1024\" height=\"683\" src=\"https:\/\/budtours.hu\/wp-content\/uploads\/2023\/07\/MG_4035-1024x683.jpg\" class=\"attachment-large size-large wp-post-image\" alt=\"\" \/><\/a><div style=\"padding-bottom:100%\"><\/div><\/div><h3 class=\"w-post-elm post_title usg_post_title_1 entry-title color_link_inherit\"><a href=\"https:\/\/budtours.hu\/de\/turautvonalak\/klassische-budapest-tour\/\">Klassische Budapest Tour<\/a><\/h3><div class=\"w-post-elm post_custom_field usg_post_custom_field_1 type_text grid_detail color_link_inherit\"><span class=\"w-post-elm-value\">Erkunden Sie Budapests ikonische Sehensw\u00fcrdigkeiten und versteckte Sch\u00e4tze auf unserer beliebtesten exklusiven Budapest Jeep-Tour!<\/span><\/div><a class=\"w-btn us-btn-style_2 usg_btn_1\" href=\"https:\/\/budtours.hu\/de\/turautvonalak\/klassische-budapest-tour\/\"><span class=\"w-btn-label\">JETZT BUCHEN!<\/span><\/a><\/div>\t\t<\/div>\r\n\t\t\t<\/article>\r\n\t<article class=\"w-grid-item size_1x1 post-3125 us_portfolio type-us_portfolio status-publish has-post-thumbnail hentry us_portfolio_category-wanderwege-budapest\" data-id=\"3125\">\r\n\t\t<div class=\"w-grid-item-h\">\r\n\t\t\t\t\t\t<div class=\"w-vwrapper usg_vwrapper_1 align_none valign_top\" style=\"--vwrapper-gap:0.4rem\"><div class=\"w-post-elm post_image usg_post_image_1 has_ratio\"><a href=\"https:\/\/budtours.hu\/de\/turautvonalak\/das-beste-von-budapest-tour\/\" aria-label=\"Das Beste von Budapest Tour\"><img decoding=\"async\" width=\"1024\" height=\"683\" src=\"https:\/\/budtours.hu\/wp-content\/uploads\/2023\/08\/MG_4470-1024x683.jpg\" class=\"attachment-large size-large wp-post-image\" alt=\"\" \/><\/a><div style=\"padding-bottom:100%\"><\/div><\/div><h3 class=\"w-post-elm post_title usg_post_title_1 entry-title color_link_inherit\"><a href=\"https:\/\/budtours.hu\/de\/turautvonalak\/das-beste-von-budapest-tour\/\">Das Beste von Budapest Tour<\/a><\/h3><div class=\"w-post-elm post_custom_field usg_post_custom_field_1 type_text grid_detail color_link_inherit\"><span class=\"w-post-elm-value\">Erleben Sie alles mit unserer Best of Budapest Tour mit exklusiven Dienstleistungen und Tickets f\u00fcr eine unvergessliche Sightseeing-Reise.<\/span><\/div><a class=\"w-btn us-btn-style_2 usg_btn_1\" href=\"https:\/\/budtours.hu\/de\/turautvonalak\/das-beste-von-budapest-tour\/\"><span class=\"w-btn-label\">JETZT BUCHEN!<\/span><\/a><\/div>\t\t<\/div>\r\n\t\t\t<\/article>\r\n\t<article class=\"w-grid-item size_1x1 post-3128 us_portfolio type-us_portfolio status-publish has-post-thumbnail hentry us_portfolio_category-wanderwege-budapest\" data-id=\"3128\">\r\n\t\t<div class=\"w-grid-item-h\">\r\n\t\t\t\t\t\t<div class=\"w-vwrapper usg_vwrapper_1 align_none valign_top\" style=\"--vwrapper-gap:0.4rem\"><div class=\"w-post-elm post_image usg_post_image_1 has_ratio\"><a href=\"https:\/\/budtours.hu\/de\/turautvonalak\/nachtfuehrungen-budapest\/\" aria-label=\"Nachtf\u00fchrungen Budapest\"><img decoding=\"async\" width=\"1024\" height=\"572\" src=\"https:\/\/budtours.hu\/wp-content\/uploads\/2023\/07\/img_222-1024x572.jpg\" class=\"attachment-large size-large wp-post-image\" alt=\"\" \/><\/a><div style=\"padding-bottom:100%\"><\/div><\/div><h3 class=\"w-post-elm post_title usg_post_title_1 entry-title color_link_inherit\"><a href=\"https:\/\/budtours.hu\/de\/turautvonalak\/nachtfuehrungen-budapest\/\">Nachtf\u00fchrungen Budapest<\/a><\/h3><a class=\"w-btn us-btn-style_2 usg_btn_1\" href=\"https:\/\/budtours.hu\/de\/turautvonalak\/nachtfuehrungen-budapest\/\"><span class=\"w-btn-label\">JETZT BUCHEN!<\/span><\/a><\/div>\t\t<\/div>\r\n\t\t\t<\/article>\r\n\t<article class=\"w-grid-item size_1x1 post-3132 us_portfolio type-us_portfolio status-publish has-post-thumbnail hentry us_portfolio_category-wanderwege-budapest\" data-id=\"3132\">\r\n\t\t<div class=\"w-grid-item-h\">\r\n\t\t\t\t\t\t<div class=\"w-vwrapper usg_vwrapper_1 align_none valign_top\" style=\"--vwrapper-gap:0.4rem\"><div class=\"w-post-elm post_image usg_post_image_1 has_ratio\"><a href=\"https:\/\/budtours.hu\/de\/turautvonalak\/special-event\/\" aria-label=\"Besondere Veranstaltung\"><img decoding=\"async\" width=\"683\" height=\"1024\" src=\"https:\/\/budtours.hu\/wp-content\/uploads\/2023\/07\/MG_4389-683x1024.jpg\" class=\"attachment-large size-large wp-post-image\" alt=\"\" \/><\/a><div style=\"padding-bottom:100%\"><\/div><\/div><h3 class=\"w-post-elm post_title usg_post_title_1 entry-title color_link_inherit\"><a href=\"https:\/\/budtours.hu\/de\/turautvonalak\/special-event\/\">Besondere Veranstaltung<\/a><\/h3><a class=\"w-btn us-btn-style_2 usg_btn_1\" href=\"https:\/\/budtours.hu\/de\/turautvonalak\/special-event\/\"><span class=\"w-btn-label\">JETZT BUCHEN!<\/span><\/a><\/div>\t\t<\/div>\r\n\t\t\t<\/article>\r\n<\/div>\t<div class=\"w-grid-preloader\">\r\n\t\t<div class=\"g-preloader type_1\">\r\n\t\t\t<div><\/div>\r\n\t\t<\/div>\r\n\t<\/div>\r\n\t\t<div class=\"w-grid-json hidden\" onclick='return {&quot;action&quot;:&quot;us_ajax_grid&quot;,&quot;infinite_scroll&quot;:0,&quot;max_num_pages&quot;:1,&quot;pagination&quot;:&quot;none&quot;,&quot;template_vars&quot;:{&quot;columns&quot;:&quot;3&quot;,&quot;exclude_items&quot;:&quot;none&quot;,&quot;img_size&quot;:&quot;default&quot;,&quot;ignore_items_size&quot;:0,&quot;items_layout&quot;:&quot;682&quot;,&quot;items_offset&quot;:&quot;1&quot;,&quot;load_animation&quot;:&quot;none&quot;,&quot;overriding_link&quot;:&quot;%7B%22url%22%3A%22%22%7D&quot;,&quot;post_id&quot;:0,&quot;query_args&quot;:{&quot;post_type&quot;:[&quot;us_portfolio&quot;],&quot;tax_query&quot;:[{&quot;taxonomy&quot;:&quot;us_portfolio_category&quot;,&quot;field&quot;:&quot;slug&quot;,&quot;terms&quot;:[&quot;wanderwege-budapest&quot;]}],&quot;post_status&quot;:[&quot;publish&quot;,&quot;complete&quot;,&quot;paid&quot;,&quot;confirmed&quot;,&quot;unpaid&quot;,&quot;pending-confirmation&quot;,&quot;cancelled&quot;],&quot;posts_per_page&quot;:&quot;10&quot;},&quot;orderby_query_args&quot;:{&quot;orderby&quot;:{&quot;date&quot;:&quot;ASC&quot;}},&quot;type&quot;:&quot;grid&quot;,&quot;us_grid_post_type&quot;:&quot;us_portfolio&quot;,&quot;us_grid_ajax_index&quot;:1,&quot;us_grid_filter_query_string&quot;:null,&quot;us_grid_index&quot;:1,&quot;page_args&quot;:[],&quot;lang&quot;:&quot;de&quot;}}'><\/div>\r\n\t<\/div><\/div><\/div><\/div><\/div><\/section>\n","protected":false},"excerpt":{"rendered":"","protected":false},"author":1,"featured_media":0,"parent":0,"menu_order":0,"comment_status":"closed","ping_status":"closed","template":"","meta":{"footnotes":""},"class_list":["post-3195","page","type-page","status-publish","hentry"],"yoast_head":"<!-- This site is optimized with the Yoast SEO plugin v26.7 - https:\/\/yoast.com\/wordpress\/plugins\/seo\/ -->\n<title>Jetzt buchen | BUDTOURS<\/title>\n<meta name=\"robots\" content=\"index, follow, max-snippet:-1, max-image-preview:large, max-video-preview:-1\" \/>\n<link rel=\"canonical\" href=\"https:\/\/budtours.hu\/de\/jetzt-buchen\/\" \/>\n<meta property=\"og:locale\" content=\"de_DE\" \/>\n<meta property=\"og:type\" content=\"article\" \/>\n<meta property=\"og:title\" content=\"Jetzt buchen | BUDTOURS\" \/>\n<meta property=\"og:url\" content=\"https:\/\/budtours.hu\/de\/jetzt-buchen\/\" \/>\n<meta property=\"og:site_name\" content=\"BUDTOURS\" \/>\n<meta property=\"article:modified_time\" content=\"2025-07-31T13:58:29+00:00\" \/>\n<meta property=\"og:image\" content=\"https:\/\/budtours.hu\/wp-content\/uploads\/2023\/07\/bt-ua5.png\" \/>\n\t<meta property=\"og:image:width\" content=\"1429\" \/>\n\t<meta property=\"og:image:height\" content=\"756\" \/>\n\t<meta property=\"og:image:type\" content=\"image\/png\" \/>\n<meta name=\"twitter:card\" content=\"summary_large_image\" \/>\n<meta name=\"twitter:label1\" content=\"Gesch\u00e4tzte Lesezeit\" \/>\n\t<meta name=\"twitter:data1\" content=\"1\u00a0Minute\" \/>\n<script type=\"application\/ld+json\" class=\"yoast-schema-graph\">{\"@context\":\"https:\/\/schema.org\",\"@graph\":[{\"@type\":\"WebPage\",\"@id\":\"https:\/\/budtours.hu\/de\/jetzt-buchen\/\",\"url\":\"https:\/\/budtours.hu\/de\/jetzt-buchen\/\",\"name\":\"Jetzt buchen | BUDTOURS\",\"isPartOf\":{\"@id\":\"https:\/\/budtours.hu\/de\/#website\"},\"datePublished\":\"2023-07-18T14:55:11+00:00\",\"dateModified\":\"2025-07-31T13:58:29+00:00\",\"breadcrumb\":{\"@id\":\"https:\/\/budtours.hu\/de\/jetzt-buchen\/#breadcrumb\"},\"inLanguage\":\"de\",\"potentialAction\":[{\"@type\":\"ReadAction\",\"target\":[\"https:\/\/budtours.hu\/de\/jetzt-buchen\/\"]}]},{\"@type\":\"BreadcrumbList\",\"@id\":\"https:\/\/budtours.hu\/de\/jetzt-buchen\/#breadcrumb\",\"itemListElement\":[{\"@type\":\"ListItem\",\"position\":1,\"name\":\"Kezd\u0151lap\",\"item\":\"https:\/\/budtours.hu\/de\/\"},{\"@type\":\"ListItem\",\"position\":2,\"name\":\"Jetzt buchen\"}]},{\"@type\":\"WebSite\",\"@id\":\"https:\/\/budtours.hu\/de\/#website\",\"url\":\"https:\/\/budtours.hu\/de\/\",\"name\":\"BUDTOURS\",\"description\":\"Special Adventure\",\"publisher\":{\"@id\":\"https:\/\/budtours.hu\/de\/#organization\"},\"potentialAction\":[{\"@type\":\"SearchAction\",\"target\":{\"@type\":\"EntryPoint\",\"urlTemplate\":\"https:\/\/budtours.hu\/de\/?s={search_term_string}\"},\"query-input\":{\"@type\":\"PropertyValueSpecification\",\"valueRequired\":true,\"valueName\":\"search_term_string\"}}],\"inLanguage\":\"de\"},{\"@type\":\"Organization\",\"@id\":\"https:\/\/budtours.hu\/de\/#organization\",\"name\":\"BUDTOURS\",\"url\":\"https:\/\/budtours.hu\/de\/\",\"logo\":{\"@type\":\"ImageObject\",\"inLanguage\":\"de\",\"@id\":\"https:\/\/budtours.hu\/de\/#\/schema\/logo\/image\/\",\"url\":\"https:\/\/budtours.hu\/wp-content\/uploads\/2023\/08\/BT-logo.png\",\"contentUrl\":\"https:\/\/budtours.hu\/wp-content\/uploads\/2023\/08\/BT-logo.png\",\"width\":600,\"height\":600,\"caption\":\"BUDTOURS\"},\"image\":{\"@id\":\"https:\/\/budtours.hu\/de\/#\/schema\/logo\/image\/\"}}]}<\/script>\n<!-- \/ Yoast SEO plugin. -->","yoast_head_json":{"title":"Jetzt buchen | BUDTOURS","robots":{"index":"index","follow":"follow","max-snippet":"max-snippet:-1","max-image-preview":"max-image-preview:large","max-video-preview":"max-video-preview:-1"},"canonical":"https:\/\/budtours.hu\/de\/jetzt-buchen\/","og_locale":"de_DE","og_type":"article","og_title":"Jetzt buchen | BUDTOURS","og_url":"https:\/\/budtours.hu\/de\/jetzt-buchen\/","og_site_name":"BUDTOURS","article_modified_time":"2025-07-31T13:58:29+00:00","og_image":[{"width":1429,"height":756,"url":"https:\/\/budtours.hu\/wp-content\/uploads\/2023\/07\/bt-ua5.png","type":"image\/png"}],"twitter_card":"summary_large_image","twitter_misc":{"Gesch\u00e4tzte Lesezeit":"1\u00a0Minute"},"schema":{"@context":"https:\/\/schema.org","@graph":[{"@type":"WebPage","@id":"https:\/\/budtours.hu\/de\/jetzt-buchen\/","url":"https:\/\/budtours.hu\/de\/jetzt-buchen\/","name":"Jetzt buchen | BUDTOURS","isPartOf":{"@id":"https:\/\/budtours.hu\/de\/#website"},"datePublished":"2023-07-18T14:55:11+00:00","dateModified":"2025-07-31T13:58:29+00:00","breadcrumb":{"@id":"https:\/\/budtours.hu\/de\/jetzt-buchen\/#breadcrumb"},"inLanguage":"de","potentialAction":[{"@type":"ReadAction","target":["https:\/\/budtours.hu\/de\/jetzt-buchen\/"]}]},{"@type":"BreadcrumbList","@id":"https:\/\/budtours.hu\/de\/jetzt-buchen\/#breadcrumb","itemListElement":[{"@type":"ListItem","position":1,"name":"Kezd\u0151lap","item":"https:\/\/budtours.hu\/de\/"},{"@type":"ListItem","position":2,"name":"Jetzt buchen"}]},{"@type":"WebSite","@id":"https:\/\/budtours.hu\/de\/#website","url":"https:\/\/budtours.hu\/de\/","name":"BUDTOURS","description":"Special Adventure","publisher":{"@id":"https:\/\/budtours.hu\/de\/#organization"},"potentialAction":[{"@type":"SearchAction","target":{"@type":"EntryPoint","urlTemplate":"https:\/\/budtours.hu\/de\/?s={search_term_string}"},"query-input":{"@type":"PropertyValueSpecification","valueRequired":true,"valueName":"search_term_string"}}],"inLanguage":"de"},{"@type":"Organization","@id":"https:\/\/budtours.hu\/de\/#organization","name":"BUDTOURS","url":"https:\/\/budtours.hu\/de\/","logo":{"@type":"ImageObject","inLanguage":"de","@id":"https:\/\/budtours.hu\/de\/#\/schema\/logo\/image\/","url":"https:\/\/budtours.hu\/wp-content\/uploads\/2023\/08\/BT-logo.png","contentUrl":"https:\/\/budtours.hu\/wp-content\/uploads\/2023\/08\/BT-logo.png","width":600,"height":600,"caption":"BUDTOURS"},"image":{"@id":"https:\/\/budtours.hu\/de\/#\/schema\/logo\/image\/"}}]}},"_links":{"self":[{"href":"https:\/\/budtours.hu\/de\/wp-json\/wp\/v2\/pages\/3195","targetHints":{"allow":["GET"]}}],"collection":[{"href":"https:\/\/budtours.hu\/de\/wp-json\/wp\/v2\/pages"}],"about":[{"href":"https:\/\/budtours.hu\/de\/wp-json\/wp\/v2\/types\/page"}],"author":[{"embeddable":true,"href":"https:\/\/budtours.hu\/de\/wp-json\/wp\/v2\/users\/1"}],"replies":[{"embeddable":true,"href":"https:\/\/budtours.hu\/de\/wp-json\/wp\/v2\/comments?post=3195"}],"version-history":[{"count":5,"href":"https:\/\/budtours.hu\/de\/wp-json\/wp\/v2\/pages\/3195\/revisions"}],"predecessor-version":[{"id":3200,"href":"https:\/\/budtours.hu\/de\/wp-json\/wp\/v2\/pages\/3195\/revisions\/3200"}],"wp:attachment":[{"href":"https:\/\/budtours.hu\/de\/wp-json\/wp\/v2\/media?parent=3195"}],"curies":[{"name":"wp","href":"https:\/\/api.w.org\/{rel}","templated":true}]}}